{"id":1019,"date":"2020-12-30T17:16:25","date_gmt":"2020-12-30T17:16:25","guid":{"rendered":"https:\/\/moroccoexpresstours.com\/?post_type=product&#038;p=1019"},"modified":"2021-02-19T16:42:53","modified_gmt":"2021-02-19T16:42:53","slug":"10-days-tour-from-casablanca-grand-morocco-tours","status":"publish","type":"product","link":"https:\/\/moroccoexpresstours.com\/tours\/10-days-tour-from-casablanca-grand-morocco-tours","title":{"rendered":"10 D\u00edas - Tour desde Casablanca Grand Morocco Tours"},"content":{"rendered":"<div class=\"wpb_text_column wpb_content_element\">\n<div class=\"wpb_wrapper\">\n<div class=\"vc_row wpb_row st bg-holder\">\n<div class=\"container\">\n<div class=\"row\">\n<div class=\"wpb_column column_container col-md-12\">\n<div class=\"vc_column-inner wpb_wrapper\">\n<div class=\"wpb_text_column wpb_content_element\">\n<div class=\"wpb_wrapper\">\n<div class=\"wpb_text_column wpb_content_element\">\n<div class=\"wpb_wrapper\">\n<p>El tour de 10 d\u00edas desde Casablanca te invita a descubrir lo mejor de Marruecos. El recorrido incluye ciudades imperiales de Marruecos, el desierto del Sahara, las monta\u00f1as del Atlas y muchos lugares interesantes. Montar\u00e1s en camellos en Merzouga, acampar\u00e1s en un campamento de lujo en el coraz\u00f3n del desierto y pasar\u00e1s el rato en los lugares m\u00e1s tradicionales con nuestros gu\u00edas, especialmente en Fez, Marrakech y Ait Ben Haddou.<\/p>\n<p class=\"translation-block\">Este <strong> tour de 10 d\u00edas desde Casablanca <\/strong> le ofrece un gran equilibrio entre cultura, historia y aventura, y aprovecha al m\u00e1ximo su tiempo, ya que comienza en Casablanca y termina en Marrakech. (Dicho esto, el itinerario es f\u00e1cilmente adaptable y ajustado seg\u00fan las necesidades del cliente).<\/p>\n<p>El recorrido est\u00e1 dise\u00f1ado para guiarlo por los mejores lugares de este colorido y ex\u00f3tico pa\u00eds. Bendecido con una geograf\u00eda diversa, Marruecos es uno de los pocos lugares en el mundo donde puedes practicar sandboard y snowboard el mismo d\u00eda, un pa\u00eds que te ofrece majestuosos paisajes de playa y deslumbrantes caminatas por la monta\u00f1a. Un pa\u00eds con una fascinante mezcla de culturas \u00e1rabe-bereber-europea, m\u00e1s \u00fanica que cualquier otra cosa que hayas visto.<\/p>\n<\/div>\n<\/div>\n<\/div>\n<\/div>\n<\/div>\n<\/div>\n<\/div>\n<\/div>\n<\/div>\n<\/div>\n<\/div>\n<table class=\"tours-tabs_table\">\n<tbody>\n<tr>\n<td><strong>INCLUIDO<\/strong><\/td>\n<td>\n<table>\n<tbody>\n<tr>\n<td><i class=\"fa fa-check icon-tick icon-tick--on\"><\/i>Transporte con aire acondicionado (jeep 4 \u00d7 4, minib\u00fas, autob\u00fas)<\/td>\n<td><i class=\"fa fa-check icon-tick icon-tick--on\"><\/i>Hoteles y alojamiento<\/td>\n<td><i class=\"fa fa-check icon-tick icon-tick--on\"><\/i>Conductor experimentado de habla inglesa o espa\u00f1ola<\/td>\n<td><i class=\"fa fa-check icon-tick icon-tick--on\"><\/i>2 cenas en el desierto<\/td>\n<td><i class=\"fa fa-check icon-tick icon-tick--on\"><\/i>Desayunos en tu alojamiento<\/p>\n<p>Paseo en camello por las dunas<\/td>\n<td><\/td>\n<\/tr>\n<tr>\n<td><\/td>\n<td><\/td>\n<\/tr>\n<\/tbody>\n<\/table>\n<\/td>\n<\/tr>\n<tr>\n<td><b>NO INCLUIDO<\/b><\/td>\n<td>\n<table>\n<tbody>\n<tr>\n<td><i class=\"fa fa-times icon-tick icon-tick--off\"><\/i>Almuerzos<\/td>\n<td><i class=\"fa fa-times icon-tick icon-tick--off\"><\/i>Bebidas<\/td>\n<td><i class=\"fa fa-times icon-tick icon-tick--off\"><\/i>Tarifas de entradas\/actividades<\/td>\n<td><i class=\"fa fa-times icon-tick icon-tick--off\"><\/i>Tarifa a\u00e9rea\/Boleto a\u00e9reo<\/td>\n<\/tr>\n<tr>\n<td><\/td>\n<\/tr>\n<\/tbody>\n<\/table>\n<\/td>\n<\/tr>\n<\/tbody>\n<\/table>\n<p>&nbsp;<\/p>","protected":false},"excerpt":{"rendered":"<p>10 days tour from Casablanca invites you to discover the best of Morocco.\u00a0 The tour includes imperial cities of Morocco,<\/p>","protected":false},"featured_media":1020,"comment_status":"closed","ping_status":"closed","template":"","meta":{"om_disable_all_campaigns":false},"product_brand":[],"product_cat":[15],"product_tag":[],"class_list":{"0":"post-1019","1":"product","2":"type-product","3":"status-publish","4":"has-post-thumbnail","6":"product_cat-sin-categorizar","7":"tour_phys-tours-from-casablanca","9":"first","10":"instock","11":"shipping-taxable","12":"product-type-tour_phys"},"yoast_head":"<!-- This site is optimized with the Yoast SEO plugin v27.3 - https:\/\/yoast.com\/product\/yoast-seo-wordpress\/ -->\n<title>10 Days - Tour from Casablanca Grand Morocco Tours - Morocco Express Tours<\/title>\n<meta name=\"description\" content=\"10 days tour from Casablanca invites you to discover the best of Morocco.\u00a0 The tour includes imperial cities of Morocco, the Sahara desert.\" \/>\n<meta name=\"robots\" content=\"index, follow, max-snippet:-1, max-image-preview:large, max-video-preview:-1\" \/>\n<link rel=\"canonical\" href=\"https:\/\/moroccoexpresstours.com\/es\/producto\/10-days-tour-from-casablanca-grand-morocco-tours\/\" \/>\n<meta property=\"og:locale\" content=\"es_ES\" \/>\n<meta property=\"og:type\" content=\"article\" \/>\n<meta property=\"og:title\" content=\"10 Days - Tour from Casablanca Grand Morocco Tours - Morocco Express Tours\" \/>\n<meta property=\"og:description\" content=\"10 days tour from Casablanca invites you to discover the best of Morocco.\u00a0 The tour includes imperial cities of Morocco, the Sahara desert.\" \/>\n<meta property=\"og:url\" content=\"https:\/\/moroccoexpresstours.com\/es\/producto\/10-days-tour-from-casablanca-grand-morocco-tours\/\" \/>\n<meta property=\"og:site_name\" content=\"Morocco Express Tours\" \/>\n<meta property=\"article:modified_time\" content=\"2021-02-19T16:42:53+00:00\" \/>\n<meta property=\"og:image\" content=\"https:\/\/moroccoexpresstours.com\/wp-content\/uploads\/2020\/12\/tour-casablanca.png\" \/>\n\t<meta property=\"og:image:width\" content=\"1000\" \/>\n\t<meta property=\"og:image:height\" content=\"667\" \/>\n\t<meta property=\"og:image:type\" content=\"image\/png\" \/>\n<meta name=\"twitter:card\" content=\"summary_large_image\" \/>\n<meta name=\"twitter:label1\" content=\"Tiempo de lectura\" \/>\n\t<meta name=\"twitter:data1\" content=\"1 minuto\" \/>\n<script type=\"application\/ld+json\" class=\"yoast-schema-graph\">{\"@context\":\"https:\\\/\\\/schema.org\",\"@graph\":[{\"@type\":\"WebPage\",\"@id\":\"https:\\\/\\\/moroccoexpresstours.com\\\/product\\\/10-days-tour-from-casablanca-grand-morocco-tours\\\/\",\"url\":\"https:\\\/\\\/moroccoexpresstours.com\\\/product\\\/10-days-tour-from-casablanca-grand-morocco-tours\\\/\",\"name\":\"10 Days - Tour from Casablanca Grand Morocco Tours - Morocco Express Tours\",\"isPartOf\":{\"@id\":\"https:\\\/\\\/moroccoexpresstours.com\\\/#website\"},\"primaryImageOfPage\":{\"@id\":\"https:\\\/\\\/moroccoexpresstours.com\\\/product\\\/10-days-tour-from-casablanca-grand-morocco-tours\\\/#primaryimage\"},\"image\":{\"@id\":\"https:\\\/\\\/moroccoexpresstours.com\\\/product\\\/10-days-tour-from-casablanca-grand-morocco-tours\\\/#primaryimage\"},\"thumbnailUrl\":\"https:\\\/\\\/i0.wp.com\\\/moroccoexpresstours.com\\\/wp-content\\\/uploads\\\/2020\\\/12\\\/tour-casablanca.png?fit=1000%2C667&ssl=1\",\"datePublished\":\"2020-12-30T17:16:25+00:00\",\"dateModified\":\"2021-02-19T16:42:53+00:00\",\"description\":\"10 days tour from Casablanca invites you to discover the best of Morocco.\u00a0 The tour includes imperial cities of Morocco, the Sahara desert.\",\"breadcrumb\":{\"@id\":\"https:\\\/\\\/moroccoexpresstours.com\\\/product\\\/10-days-tour-from-casablanca-grand-morocco-tours\\\/#breadcrumb\"},\"inLanguage\":\"es\",\"potentialAction\":[{\"@type\":\"ReadAction\",\"target\":[\"https:\\\/\\\/moroccoexpresstours.com\\\/product\\\/10-days-tour-from-casablanca-grand-morocco-tours\\\/\"]}]},{\"@type\":\"ImageObject\",\"inLanguage\":\"es\",\"@id\":\"https:\\\/\\\/moroccoexpresstours.com\\\/product\\\/10-days-tour-from-casablanca-grand-morocco-tours\\\/#primaryimage\",\"url\":\"https:\\\/\\\/i0.wp.com\\\/moroccoexpresstours.com\\\/wp-content\\\/uploads\\\/2020\\\/12\\\/tour-casablanca.png?fit=1000%2C667&ssl=1\",\"contentUrl\":\"https:\\\/\\\/i0.wp.com\\\/moroccoexpresstours.com\\\/wp-content\\\/uploads\\\/2020\\\/12\\\/tour-casablanca.png?fit=1000%2C667&ssl=1\",\"width\":1000,\"height\":667,\"caption\":\"12 Days - Tour from Casablanca Grand Morocco Tour\"},{\"@type\":\"BreadcrumbList\",\"@id\":\"https:\\\/\\\/moroccoexpresstours.com\\\/product\\\/10-days-tour-from-casablanca-grand-morocco-tours\\\/#breadcrumb\",\"itemListElement\":[{\"@type\":\"ListItem\",\"position\":1,\"name\":\"Portada\",\"item\":\"https:\\\/\\\/moroccoexpresstours.com\\\/\"},{\"@type\":\"ListItem\",\"position\":2,\"name\":\"Products\",\"item\":\"https:\\\/\\\/moroccoexpresstours.com\\\/shop\\\/\"},{\"@type\":\"ListItem\",\"position\":3,\"name\":\"10 Days &#8211; Tour from Casablanca Grand Morocco Tours\"}]},{\"@type\":\"WebSite\",\"@id\":\"https:\\\/\\\/moroccoexpresstours.com\\\/#website\",\"url\":\"https:\\\/\\\/moroccoexpresstours.com\\\/\",\"name\":\"Morocco Express Tours\",\"description\":\"Trips to Morocco desert tours\",\"potentialAction\":[{\"@type\":\"SearchAction\",\"target\":{\"@type\":\"EntryPoint\",\"urlTemplate\":\"https:\\\/\\\/moroccoexpresstours.com\\\/?s={search_term_string}\"},\"query-input\":{\"@type\":\"PropertyValueSpecification\",\"valueRequired\":true,\"valueName\":\"search_term_string\"}}],\"inLanguage\":\"es\"}]}<\/script>\n<!-- \/ Yoast SEO plugin. -->","yoast_head_json":{"title":"10 Days - Tour from Casablanca Grand Morocco Tours - Morocco Express Tours","description":"10 days tour from Casablanca invites you to discover the best of Morocco.\u00a0 The tour includes imperial cities of Morocco, the Sahara desert.","robots":{"index":"index","follow":"follow","max-snippet":"max-snippet:-1","max-image-preview":"max-image-preview:large","max-video-preview":"max-video-preview:-1"},"canonical":"https:\/\/moroccoexpresstours.com\/es\/producto\/10-days-tour-from-casablanca-grand-morocco-tours\/","og_locale":"es_ES","og_type":"article","og_title":"10 Days - Tour from Casablanca Grand Morocco Tours - Morocco Express Tours","og_description":"10 days tour from Casablanca invites you to discover the best of Morocco.\u00a0 The tour includes imperial cities of Morocco, the Sahara desert.","og_url":"https:\/\/moroccoexpresstours.com\/es\/producto\/10-days-tour-from-casablanca-grand-morocco-tours\/","og_site_name":"Morocco Express Tours","article_modified_time":"2021-02-19T16:42:53+00:00","og_image":[{"width":1000,"height":667,"url":"https:\/\/moroccoexpresstours.com\/wp-content\/uploads\/2020\/12\/tour-casablanca.png","type":"image\/png"}],"twitter_card":"summary_large_image","twitter_misc":{"Tiempo de lectura":"1 minuto"},"schema":{"@context":"https:\/\/schema.org","@graph":[{"@type":"WebPage","@id":"https:\/\/moroccoexpresstours.com\/product\/10-days-tour-from-casablanca-grand-morocco-tours\/","url":"https:\/\/moroccoexpresstours.com\/product\/10-days-tour-from-casablanca-grand-morocco-tours\/","name":"10 Days - Tour from Casablanca Grand Morocco Tours - Morocco Express Tours","isPartOf":{"@id":"https:\/\/moroccoexpresstours.com\/#website"},"primaryImageOfPage":{"@id":"https:\/\/moroccoexpresstours.com\/product\/10-days-tour-from-casablanca-grand-morocco-tours\/#primaryimage"},"image":{"@id":"https:\/\/moroccoexpresstours.com\/product\/10-days-tour-from-casablanca-grand-morocco-tours\/#primaryimage"},"thumbnailUrl":"https:\/\/i0.wp.com\/moroccoexpresstours.com\/wp-content\/uploads\/2020\/12\/tour-casablanca.png?fit=1000%2C667&ssl=1","datePublished":"2020-12-30T17:16:25+00:00","dateModified":"2021-02-19T16:42:53+00:00","description":"10 days tour from Casablanca invites you to discover the best of Morocco.\u00a0 The tour includes imperial cities of Morocco, the Sahara desert.","breadcrumb":{"@id":"https:\/\/moroccoexpresstours.com\/product\/10-days-tour-from-casablanca-grand-morocco-tours\/#breadcrumb"},"inLanguage":"es","potentialAction":[{"@type":"ReadAction","target":["https:\/\/moroccoexpresstours.com\/product\/10-days-tour-from-casablanca-grand-morocco-tours\/"]}]},{"@type":"ImageObject","inLanguage":"es","@id":"https:\/\/moroccoexpresstours.com\/product\/10-days-tour-from-casablanca-grand-morocco-tours\/#primaryimage","url":"https:\/\/i0.wp.com\/moroccoexpresstours.com\/wp-content\/uploads\/2020\/12\/tour-casablanca.png?fit=1000%2C667&ssl=1","contentUrl":"https:\/\/i0.wp.com\/moroccoexpresstours.com\/wp-content\/uploads\/2020\/12\/tour-casablanca.png?fit=1000%2C667&ssl=1","width":1000,"height":667,"caption":"12 Days - Tour from Casablanca Grand Morocco Tour"},{"@type":"BreadcrumbList","@id":"https:\/\/moroccoexpresstours.com\/product\/10-days-tour-from-casablanca-grand-morocco-tours\/#breadcrumb","itemListElement":[{"@type":"ListItem","position":1,"name":"Portada","item":"https:\/\/moroccoexpresstours.com\/"},{"@type":"ListItem","position":2,"name":"Products","item":"https:\/\/moroccoexpresstours.com\/shop\/"},{"@type":"ListItem","position":3,"name":"10 Days &#8211; Tour from Casablanca Grand Morocco Tours"}]},{"@type":"WebSite","@id":"https:\/\/moroccoexpresstours.com\/#website","url":"https:\/\/moroccoexpresstours.com\/","name":"Morocco Express Tours","description":"Trips to Morocco desert tours","potentialAction":[{"@type":"SearchAction","target":{"@type":"EntryPoint","urlTemplate":"https:\/\/moroccoexpresstours.com\/?s={search_term_string}"},"query-input":{"@type":"PropertyValueSpecification","valueRequired":true,"valueName":"search_term_string"}}],"inLanguage":"es"}]}},"jetpack_sharing_enabled":true,"_links":{"self":[{"href":"https:\/\/moroccoexpresstours.com\/es\/wp-json\/wp\/v2\/product\/1019","targetHints":{"allow":["GET"]}}],"collection":[{"href":"https:\/\/moroccoexpresstours.com\/es\/wp-json\/wp\/v2\/product"}],"about":[{"href":"https:\/\/moroccoexpresstours.com\/es\/wp-json\/wp\/v2\/types\/product"}],"replies":[{"embeddable":true,"href":"https:\/\/moroccoexpresstours.com\/es\/wp-json\/wp\/v2\/comments?post=1019"}],"wp:featuredmedia":[{"embeddable":true,"href":"https:\/\/moroccoexpresstours.com\/es\/wp-json\/wp\/v2\/media\/1020"}],"wp:attachment":[{"href":"https:\/\/moroccoexpresstours.com\/es\/wp-json\/wp\/v2\/media?parent=1019"}],"wp:term":[{"taxonomy":"product_brand","embeddable":true,"href":"https:\/\/moroccoexpresstours.com\/es\/wp-json\/wp\/v2\/product_brand?post=1019"},{"taxonomy":"product_cat","embeddable":true,"href":"https:\/\/moroccoexpresstours.com\/es\/wp-json\/wp\/v2\/product_cat?post=1019"},{"taxonomy":"product_tag","embeddable":true,"href":"https:\/\/moroccoexpresstours.com\/es\/wp-json\/wp\/v2\/product_tag?post=1019"}],"curies":[{"name":"wp","href":"https:\/\/api.w.org\/{rel}","templated":true}]}}