{"id":1022,"date":"2020-12-30T20:37:42","date_gmt":"2020-12-30T20:37:42","guid":{"rendered":"https:\/\/moroccoexpresstours.com\/?post_type=product&#038;p=1022"},"modified":"2021-02-18T20:17:25","modified_gmt":"2021-02-18T20:17:25","slug":"12-days-tour-from-casablanca-grand-morocco-tour","status":"publish","type":"product","link":"https:\/\/moroccoexpresstours.com\/tours\/12-days-tour-from-casablanca-grand-morocco-tour","title":{"rendered":"12 D\u00edas - Tour desde Casablanca Grand Marruecos Tour"},"content":{"rendered":"<p>12 d\u00edas es perfecto si quieres pasar suficiente tiempo en Marruecos y descubrir su cultura. Lo que hace que este tour sea importante es que viajar\u00e1 a Marruecos a un ritmo relajado. No te apresuras, pero le das a cada lugar el tiempo suficiente.<\/p>\n<p>El tour de 12 d\u00edas desde Casablanca te invita a pasar los siguientes d\u00edas en cada lugar:<\/p>\n<p>1 d\u00eda y medio en Chefchaouen<br \/>\n2 d\u00edas en Fez explorando la ciudad<br \/>\n3 d\u00edas en el desierto, que incluyen caminata en camello, campamento y muchas otras actividades.<br \/>\n1 d\u00eda en Marrakech donde descubrir\u00e1s la ciudad con un gu\u00eda local.<br \/>\n1 d\u00eda en Essaouira.<\/p>\n<p>En consecuencia, pasar\u00e1 8 d\u00edas descubriendo lugares y disfrutando de lugares. Los 6 d\u00edas restantes se dedicar\u00e1n a viajar entre ciudades.<\/p>\n<p>El viaje no es directo pero incluye muchas paradas culturales. Por ejemplo, cuando viaje de Fez al desierto, cruzar\u00e1 el bosque de cedros de Azrou donde ver\u00e1 monos salvajes. Adem\u00e1s, se detendr\u00e1 en Ifran para tomar fotograf\u00edas con la estatua del le\u00f3n.<\/p>\n<p>La gira de 12 d\u00edas tambi\u00e9n es importante, ya que incluye Essaouira, que es ignorada por la mayor\u00eda de los operadores tur\u00edsticos. Incluimos Essaouira ya que se us\u00f3 como tel\u00f3n de fondo en el juego de tronos. Por eso, muchos viajeros nos pidieron que lo a\u00f1adi\u00e9ramos y posteriormente modificamos el tour.<\/p>\n<p>De hecho, el recorrido incluye todas las ubicaciones de Game of Thrones en Marruecos. Incluimos Ouarzazate, Cinema Studio, Kasbah of Ait Benhaddou (Yunkai), que est\u00e1 coronada como la segunda mejor ubicaci\u00f3n de Instagram de Game of Thrones, y Essaouira (Astrapor).<\/p>\n<p>No olvide llevar una c\u00e1mara.<\/p>\n<table class=\"tours-tabs_table\">\n<tbody>\n<tr>\n<td><strong>INCLUIDO<\/strong><\/td>\n<td>\n<table>\n<tbody>\n<tr>\n<td><i class=\"fa fa-check icon-tick icon-tick--on\"><\/i>Hoteles y alojamiento<\/td>\n<td><i class=\"fa fa-check icon-tick icon-tick--on\"><\/i>C\u00f3modo veh\u00edculo 4 \u00d7 4 \/ minib\u00fas con aire acondicionado<\/td>\n<\/tr>\n<tr>\n<td><i class=\"fa fa-check icon-tick icon-tick--on\"><\/i>Conductor multiling\u00fce ingl\u00e9s\/espa\u00f1ol\/italiano\/franc\u00e9s<\/td>\n<td><i class=\"fa fa-check icon-tick icon-tick--on\"><\/i>Recogida y regreso al aeropuerto \/ hotel \/ Riad.<\/td>\n<\/tr>\n<tr>\n<td><i class=\"fa fa-check icon-tick icon-tick--on\"><\/i>Gu\u00edas locales<\/td>\n<td><i class=\"fa fa-check icon-tick icon-tick--on\"><\/i>Combustible y estacionamiento<\/td>\n<\/tr>\n<tr>\n<td><i class=\"fa fa-check icon-tick icon-tick--on\"><\/i>3 cenas en el desierto<\/td>\n<td><i class=\"fa fa-check icon-tick icon-tick--on\"><\/i>Desayuno<\/td>\n<\/tr>\n<\/tbody>\n<\/table>\n<\/td>\n<\/tr>\n<tr>\n<td><b>NO INCLUIDO<\/b><\/td>\n<td>\n<table>\n<tbody>\n<tr>\n<td><i class=\"fa fa-times icon-tick icon-tick--off\"><\/i>Boletos de avi\u00f3n y visa<\/td>\n<\/tr>\n<tr>\n<td><i class=\"fa fa-times icon-tick icon-tick--off\"><\/i>Entradas a monumentos y museos<\/td>\n<\/tr>\n<tr>\n<td><i class=\"fa fa-times icon-tick icon-tick--off\"><\/i>Gastos personales<\/td>\n<\/tr>\n<tr>\n<td><i class=\"fa fa-times icon-tick icon-tick--off\"><\/i>Consejos para guiar y conducir<\/td>\n<\/tr>\n<\/tbody>\n<\/table>\n<\/td>\n<\/tr>\n<\/tbody>\n<\/table>","protected":false},"excerpt":{"rendered":"<p>12 days is perfect if you want to spend enough time in Morocco and discover its culture.<\/p>","protected":false},"featured_media":1020,"comment_status":"closed","ping_status":"closed","template":"","meta":{"om_disable_all_campaigns":false},"product_brand":[],"product_cat":[15],"product_tag":[],"class_list":{"0":"post-1022","1":"product","2":"type-product","3":"status-publish","4":"has-post-thumbnail","6":"product_cat-sin-categorizar","7":"tour_phys-tours-from-casablanca","9":"first","10":"instock","11":"shipping-taxable","12":"product-type-tour_phys"},"yoast_head":"<!-- This site is optimized with the Yoast SEO plugin v27.3 - https:\/\/yoast.com\/product\/yoast-seo-wordpress\/ -->\n<title>12 Days - Tour from Casablanca Grand Morocco Tour - Morocco Express Tours<\/title>\n<meta name=\"description\" content=\"12 Days - Tour from Casablanca Grand Morocco Tour is perfect if you want to spend enough time in Morocco and discover its culture.\" \/>\n<meta name=\"robots\" content=\"index, follow, max-snippet:-1, max-image-preview:large, max-video-preview:-1\" \/>\n<link rel=\"canonical\" href=\"https:\/\/moroccoexpresstours.com\/es\/producto\/12-days-tour-from-casablanca-grand-morocco-tour\/\" \/>\n<meta property=\"og:locale\" content=\"es_ES\" \/>\n<meta property=\"og:type\" content=\"article\" \/>\n<meta property=\"og:title\" content=\"12 Days - Tour from Casablanca Grand Morocco Tour - Morocco Express Tours\" \/>\n<meta property=\"og:description\" content=\"12 Days - Tour from Casablanca Grand Morocco Tour is perfect if you want to spend enough time in Morocco and discover its culture.\" \/>\n<meta property=\"og:url\" content=\"https:\/\/moroccoexpresstours.com\/es\/producto\/12-days-tour-from-casablanca-grand-morocco-tour\/\" \/>\n<meta property=\"og:site_name\" content=\"Morocco Express Tours\" \/>\n<meta property=\"article:modified_time\" content=\"2021-02-18T20:17:25+00:00\" \/>\n<meta property=\"og:image\" content=\"https:\/\/moroccoexpresstours.com\/wp-content\/uploads\/2020\/12\/tour-casablanca.png\" \/>\n\t<meta property=\"og:image:width\" content=\"1000\" \/>\n\t<meta property=\"og:image:height\" content=\"667\" \/>\n\t<meta property=\"og:image:type\" content=\"image\/png\" \/>\n<meta name=\"twitter:card\" content=\"summary_large_image\" \/>\n<meta name=\"twitter:label1\" content=\"Tiempo de lectura\" \/>\n\t<meta name=\"twitter:data1\" content=\"2 minutos\" \/>\n<script type=\"application\/ld+json\" class=\"yoast-schema-graph\">{\"@context\":\"https:\\\/\\\/schema.org\",\"@graph\":[{\"@type\":\"WebPage\",\"@id\":\"https:\\\/\\\/moroccoexpresstours.com\\\/product\\\/12-days-tour-from-casablanca-grand-morocco-tour\\\/\",\"url\":\"https:\\\/\\\/moroccoexpresstours.com\\\/product\\\/12-days-tour-from-casablanca-grand-morocco-tour\\\/\",\"name\":\"12 Days - Tour from Casablanca Grand Morocco Tour - Morocco Express Tours\",\"isPartOf\":{\"@id\":\"https:\\\/\\\/moroccoexpresstours.com\\\/#website\"},\"primaryImageOfPage\":{\"@id\":\"https:\\\/\\\/moroccoexpresstours.com\\\/product\\\/12-days-tour-from-casablanca-grand-morocco-tour\\\/#primaryimage\"},\"image\":{\"@id\":\"https:\\\/\\\/moroccoexpresstours.com\\\/product\\\/12-days-tour-from-casablanca-grand-morocco-tour\\\/#primaryimage\"},\"thumbnailUrl\":\"https:\\\/\\\/i0.wp.com\\\/moroccoexpresstours.com\\\/wp-content\\\/uploads\\\/2020\\\/12\\\/tour-casablanca.png?fit=1000%2C667&ssl=1\",\"datePublished\":\"2020-12-30T20:37:42+00:00\",\"dateModified\":\"2021-02-18T20:17:25+00:00\",\"description\":\"12 Days - Tour from Casablanca Grand Morocco Tour is perfect if you want to spend enough time in Morocco and discover its culture.\",\"breadcrumb\":{\"@id\":\"https:\\\/\\\/moroccoexpresstours.com\\\/product\\\/12-days-tour-from-casablanca-grand-morocco-tour\\\/#breadcrumb\"},\"inLanguage\":\"es\",\"potentialAction\":[{\"@type\":\"ReadAction\",\"target\":[\"https:\\\/\\\/moroccoexpresstours.com\\\/product\\\/12-days-tour-from-casablanca-grand-morocco-tour\\\/\"]}]},{\"@type\":\"ImageObject\",\"inLanguage\":\"es\",\"@id\":\"https:\\\/\\\/moroccoexpresstours.com\\\/product\\\/12-days-tour-from-casablanca-grand-morocco-tour\\\/#primaryimage\",\"url\":\"https:\\\/\\\/i0.wp.com\\\/moroccoexpresstours.com\\\/wp-content\\\/uploads\\\/2020\\\/12\\\/tour-casablanca.png?fit=1000%2C667&ssl=1\",\"contentUrl\":\"https:\\\/\\\/i0.wp.com\\\/moroccoexpresstours.com\\\/wp-content\\\/uploads\\\/2020\\\/12\\\/tour-casablanca.png?fit=1000%2C667&ssl=1\",\"width\":1000,\"height\":667,\"caption\":\"12 Days - Tour from Casablanca Grand Morocco Tour\"},{\"@type\":\"BreadcrumbList\",\"@id\":\"https:\\\/\\\/moroccoexpresstours.com\\\/product\\\/12-days-tour-from-casablanca-grand-morocco-tour\\\/#breadcrumb\",\"itemListElement\":[{\"@type\":\"ListItem\",\"position\":1,\"name\":\"Portada\",\"item\":\"https:\\\/\\\/moroccoexpresstours.com\\\/\"},{\"@type\":\"ListItem\",\"position\":2,\"name\":\"Products\",\"item\":\"https:\\\/\\\/moroccoexpresstours.com\\\/shop\\\/\"},{\"@type\":\"ListItem\",\"position\":3,\"name\":\"12 Days &#8211; Tour from Casablanca Grand Morocco Tour\"}]},{\"@type\":\"WebSite\",\"@id\":\"https:\\\/\\\/moroccoexpresstours.com\\\/#website\",\"url\":\"https:\\\/\\\/moroccoexpresstours.com\\\/\",\"name\":\"Morocco Express Tours\",\"description\":\"Trips to Morocco desert tours\",\"potentialAction\":[{\"@type\":\"SearchAction\",\"target\":{\"@type\":\"EntryPoint\",\"urlTemplate\":\"https:\\\/\\\/moroccoexpresstours.com\\\/?s={search_term_string}\"},\"query-input\":{\"@type\":\"PropertyValueSpecification\",\"valueRequired\":true,\"valueName\":\"search_term_string\"}}],\"inLanguage\":\"es\"}]}<\/script>\n<!-- \/ Yoast SEO plugin. -->","yoast_head_json":{"title":"12 Days - Tour from Casablanca Grand Morocco Tour - Morocco Express Tours","description":"12 Days - Tour from Casablanca Grand Morocco Tour is perfect if you want to spend enough time in Morocco and discover its culture.","robots":{"index":"index","follow":"follow","max-snippet":"max-snippet:-1","max-image-preview":"max-image-preview:large","max-video-preview":"max-video-preview:-1"},"canonical":"https:\/\/moroccoexpresstours.com\/es\/producto\/12-days-tour-from-casablanca-grand-morocco-tour\/","og_locale":"es_ES","og_type":"article","og_title":"12 Days - Tour from Casablanca Grand Morocco Tour - Morocco Express Tours","og_description":"12 Days - Tour from Casablanca Grand Morocco Tour is perfect if you want to spend enough time in Morocco and discover its culture.","og_url":"https:\/\/moroccoexpresstours.com\/es\/producto\/12-days-tour-from-casablanca-grand-morocco-tour\/","og_site_name":"Morocco Express Tours","article_modified_time":"2021-02-18T20:17:25+00:00","og_image":[{"width":1000,"height":667,"url":"https:\/\/moroccoexpresstours.com\/wp-content\/uploads\/2020\/12\/tour-casablanca.png","type":"image\/png"}],"twitter_card":"summary_large_image","twitter_misc":{"Tiempo de lectura":"2 minutos"},"schema":{"@context":"https:\/\/schema.org","@graph":[{"@type":"WebPage","@id":"https:\/\/moroccoexpresstours.com\/product\/12-days-tour-from-casablanca-grand-morocco-tour\/","url":"https:\/\/moroccoexpresstours.com\/product\/12-days-tour-from-casablanca-grand-morocco-tour\/","name":"12 Days - Tour from Casablanca Grand Morocco Tour - Morocco Express Tours","isPartOf":{"@id":"https:\/\/moroccoexpresstours.com\/#website"},"primaryImageOfPage":{"@id":"https:\/\/moroccoexpresstours.com\/product\/12-days-tour-from-casablanca-grand-morocco-tour\/#primaryimage"},"image":{"@id":"https:\/\/moroccoexpresstours.com\/product\/12-days-tour-from-casablanca-grand-morocco-tour\/#primaryimage"},"thumbnailUrl":"https:\/\/i0.wp.com\/moroccoexpresstours.com\/wp-content\/uploads\/2020\/12\/tour-casablanca.png?fit=1000%2C667&ssl=1","datePublished":"2020-12-30T20:37:42+00:00","dateModified":"2021-02-18T20:17:25+00:00","description":"12 Days - Tour from Casablanca Grand Morocco Tour is perfect if you want to spend enough time in Morocco and discover its culture.","breadcrumb":{"@id":"https:\/\/moroccoexpresstours.com\/product\/12-days-tour-from-casablanca-grand-morocco-tour\/#breadcrumb"},"inLanguage":"es","potentialAction":[{"@type":"ReadAction","target":["https:\/\/moroccoexpresstours.com\/product\/12-days-tour-from-casablanca-grand-morocco-tour\/"]}]},{"@type":"ImageObject","inLanguage":"es","@id":"https:\/\/moroccoexpresstours.com\/product\/12-days-tour-from-casablanca-grand-morocco-tour\/#primaryimage","url":"https:\/\/i0.wp.com\/moroccoexpresstours.com\/wp-content\/uploads\/2020\/12\/tour-casablanca.png?fit=1000%2C667&ssl=1","contentUrl":"https:\/\/i0.wp.com\/moroccoexpresstours.com\/wp-content\/uploads\/2020\/12\/tour-casablanca.png?fit=1000%2C667&ssl=1","width":1000,"height":667,"caption":"12 Days - Tour from Casablanca Grand Morocco Tour"},{"@type":"BreadcrumbList","@id":"https:\/\/moroccoexpresstours.com\/product\/12-days-tour-from-casablanca-grand-morocco-tour\/#breadcrumb","itemListElement":[{"@type":"ListItem","position":1,"name":"Portada","item":"https:\/\/moroccoexpresstours.com\/"},{"@type":"ListItem","position":2,"name":"Products","item":"https:\/\/moroccoexpresstours.com\/shop\/"},{"@type":"ListItem","position":3,"name":"12 Days &#8211; Tour from Casablanca Grand Morocco Tour"}]},{"@type":"WebSite","@id":"https:\/\/moroccoexpresstours.com\/#website","url":"https:\/\/moroccoexpresstours.com\/","name":"Morocco Express Tours","description":"Trips to Morocco desert tours","potentialAction":[{"@type":"SearchAction","target":{"@type":"EntryPoint","urlTemplate":"https:\/\/moroccoexpresstours.com\/?s={search_term_string}"},"query-input":{"@type":"PropertyValueSpecification","valueRequired":true,"valueName":"search_term_string"}}],"inLanguage":"es"}]}},"jetpack_sharing_enabled":true,"_links":{"self":[{"href":"https:\/\/moroccoexpresstours.com\/es\/wp-json\/wp\/v2\/product\/1022","targetHints":{"allow":["GET"]}}],"collection":[{"href":"https:\/\/moroccoexpresstours.com\/es\/wp-json\/wp\/v2\/product"}],"about":[{"href":"https:\/\/moroccoexpresstours.com\/es\/wp-json\/wp\/v2\/types\/product"}],"replies":[{"embeddable":true,"href":"https:\/\/moroccoexpresstours.com\/es\/wp-json\/wp\/v2\/comments?post=1022"}],"wp:featuredmedia":[{"embeddable":true,"href":"https:\/\/moroccoexpresstours.com\/es\/wp-json\/wp\/v2\/media\/1020"}],"wp:attachment":[{"href":"https:\/\/moroccoexpresstours.com\/es\/wp-json\/wp\/v2\/media?parent=1022"}],"wp:term":[{"taxonomy":"product_brand","embeddable":true,"href":"https:\/\/moroccoexpresstours.com\/es\/wp-json\/wp\/v2\/product_brand?post=1022"},{"taxonomy":"product_cat","embeddable":true,"href":"https:\/\/moroccoexpresstours.com\/es\/wp-json\/wp\/v2\/product_cat?post=1022"},{"taxonomy":"product_tag","embeddable":true,"href":"https:\/\/moroccoexpresstours.com\/es\/wp-json\/wp\/v2\/product_tag?post=1022"}],"curies":[{"name":"wp","href":"https:\/\/api.w.org\/{rel}","templated":true}]}}