{"id":1032,"date":"2020-12-31T10:13:09","date_gmt":"2020-12-31T10:13:09","guid":{"rendered":"https:\/\/moroccoexpresstours.com\/?post_type=product&#038;p=1032"},"modified":"2021-04-17T16:53:19","modified_gmt":"2021-04-17T16:53:19","slug":"7-days-touring-the-jewel-of-morocco","status":"publish","type":"product","link":"https:\/\/moroccoexpresstours.com\/tours\/7-days-touring-the-jewel-of-morocco","title":{"rendered":"7 D\u00edas - Recorriendo la Joya de Marruecos"},"content":{"rendered":"<p>Informaci\u00f3n <a href=\"https:\/\/moroccoexpresstours.com\/es\/tours\/7-days-touring-the-jewel-of-morocco\/\">Itinerary 7 days<\/a> from <a href=\"https:\/\/en.wikipedia.org\/wiki\/Casablanca\">Casablanca<\/a> invites you to discover the beauty of Morocco in just 7 days. The country has so many wonderful things to see and do. Though the country seems small on the map, it is big on the earth. One week is for sure not enough to see all the attractions but here we have chosen you the best optimal tour that allows you to see almost all the best attractions in a very short time.<\/p>\n<p>This tour includes the four imperial cities of Morocco like the famous Marrakech and the oldest surviving city in the world, Fez. In addition, it includes adventures in the desert-like riding camels and camping in the desert. Last not least, it covers also the visit of popular Hollywood movie sites where you can see backdrops where Gladiator, the Mummy, and Game of Thrones have been shot.<\/p>\n<p>&nbsp;<\/p>\n<table class=\"tours-tabs_table\">\n<tbody>\n<tr>\n<td><strong>INCLUIDO<\/strong><\/td>\n<td>\n<table>\n<tbody>\n<tr>\n<td><i class=\"fa fa-check icon-tick icon-tick--on\"><\/i>Hoteles y alojamiento<\/td>\n<td><i class=\"fa fa-check icon-tick icon-tick--on\"><\/i>C\u00f3modo veh\u00edculo 4 \u00d7 4 \/ minib\u00fas con aire acondicionado<\/td>\n<\/tr>\n<tr>\n<td><i class=\"fa fa-check icon-tick icon-tick--on\"><\/i>Conductor multiling\u00fce ingl\u00e9s\/espa\u00f1ol\/italiano\/franc\u00e9s<\/td>\n<td><i class=\"fa fa-check icon-tick icon-tick--on\"><\/i>Recogida y regreso al aeropuerto \/ hotel \/ Riad.<\/td>\n<\/tr>\n<tr>\n<td><i class=\"fa fa-check icon-tick icon-tick--on\"><\/i>Gu\u00edas locales<\/td>\n<td><i class=\"fa fa-check icon-tick icon-tick--on\"><\/i>Combustible y estacionamiento<\/td>\n<\/tr>\n<tr>\n<td><i class=\"fa fa-check icon-tick icon-tick--on\"><\/i>3 cenas en el desierto<\/td>\n<td><i class=\"fa fa-check icon-tick icon-tick--on\"><\/i>Desayuno<\/td>\n<\/tr>\n<\/tbody>\n<\/table>\n<\/td>\n<\/tr>\n<tr>\n<td><b>NO INCLUIDO<\/b><\/td>\n<td>\n<table>\n<tbody>\n<tr>\n<td><i class=\"fa fa-times icon-tick icon-tick--off\"><\/i>Boletos de avi\u00f3n y visa<\/td>\n<\/tr>\n<tr>\n<td><i class=\"fa fa-times icon-tick icon-tick--off\"><\/i>Entradas a monumentos y museos<\/td>\n<\/tr>\n<tr>\n<td><i class=\"fa fa-times icon-tick icon-tick--off\"><\/i>Gastos personales<\/td>\n<\/tr>\n<tr>\n<td><i class=\"fa fa-times icon-tick icon-tick--off\"><\/i>Consejos para guiar y conducir<\/td>\n<\/tr>\n<\/tbody>\n<\/table>\n<\/td>\n<\/tr>\n<\/tbody>\n<\/table>","protected":false},"excerpt":{"rendered":"<p>Morocco Itinerary 7 days from Casablanca invites you to discover the beauty of Morocco.<\/p>","protected":false},"featured_media":1066,"comment_status":"closed","ping_status":"closed","template":"","meta":{"om_disable_all_campaigns":false},"product_brand":[],"product_cat":[],"product_tag":[],"class_list":{"0":"post-1032","1":"product","2":"type-product","3":"status-publish","4":"has-post-thumbnail","6":"tour_phys-tours-from-casablanca","8":"first","9":"instock","10":"shipping-taxable","11":"product-type-tour_phys"},"yoast_head":"<!-- This site is optimized with the Yoast SEO plugin v27.3 - https:\/\/yoast.com\/product\/yoast-seo-wordpress\/ -->\n<title>7 Days - Touring the Jewel of Morocco - Morocco Express Tours<\/title>\n<meta name=\"description\" content=\"7 days from Casablanca invites you to discover the beauty of Morocco in just 7 days. The country has so many wonderful things to see and do,\" \/>\n<meta name=\"robots\" content=\"index, follow, max-snippet:-1, max-image-preview:large, max-video-preview:-1\" \/>\n<link rel=\"canonical\" href=\"https:\/\/moroccoexpresstours.com\/es\/producto\/7-days-touring-the-jewel-of-morocco\/\" \/>\n<meta property=\"og:locale\" content=\"es_ES\" \/>\n<meta property=\"og:type\" content=\"article\" \/>\n<meta property=\"og:title\" content=\"7 Days - Touring the Jewel of Morocco - Morocco Express Tours\" \/>\n<meta property=\"og:description\" content=\"7 days from Casablanca invites you to discover the beauty of Morocco in just 7 days. The country has so many wonderful things to see and do,\" \/>\n<meta property=\"og:url\" content=\"https:\/\/moroccoexpresstours.com\/es\/producto\/7-days-touring-the-jewel-of-morocco\/\" \/>\n<meta property=\"og:site_name\" content=\"Morocco Express Tours\" \/>\n<meta property=\"article:modified_time\" content=\"2021-04-17T16:53:19+00:00\" \/>\n<meta property=\"og:image\" content=\"https:\/\/moroccoexpresstours.com\/wp-content\/uploads\/2020\/12\/viajes-luna-sur-marruecos.jpg\" \/>\n\t<meta property=\"og:image:width\" content=\"1920\" \/>\n\t<meta property=\"og:image:height\" content=\"1279\" \/>\n\t<meta property=\"og:image:type\" content=\"image\/jpeg\" \/>\n<meta name=\"twitter:card\" content=\"summary_large_image\" \/>\n<meta name=\"twitter:label1\" content=\"Tiempo de lectura\" \/>\n\t<meta name=\"twitter:data1\" content=\"1 minuto\" \/>\n<script type=\"application\/ld+json\" class=\"yoast-schema-graph\">{\"@context\":\"https:\\\/\\\/schema.org\",\"@graph\":[{\"@type\":\"WebPage\",\"@id\":\"https:\\\/\\\/moroccoexpresstours.com\\\/product\\\/7-days-touring-the-jewel-of-morocco\\\/\",\"url\":\"https:\\\/\\\/moroccoexpresstours.com\\\/product\\\/7-days-touring-the-jewel-of-morocco\\\/\",\"name\":\"7 Days - Touring the Jewel of Morocco - Morocco Express Tours\",\"isPartOf\":{\"@id\":\"https:\\\/\\\/moroccoexpresstours.com\\\/#website\"},\"primaryImageOfPage\":{\"@id\":\"https:\\\/\\\/moroccoexpresstours.com\\\/product\\\/7-days-touring-the-jewel-of-morocco\\\/#primaryimage\"},\"image\":{\"@id\":\"https:\\\/\\\/moroccoexpresstours.com\\\/product\\\/7-days-touring-the-jewel-of-morocco\\\/#primaryimage\"},\"thumbnailUrl\":\"https:\\\/\\\/i0.wp.com\\\/moroccoexpresstours.com\\\/wp-content\\\/uploads\\\/2020\\\/12\\\/viajes-luna-sur-marruecos.jpg?fit=1920%2C1279&ssl=1\",\"datePublished\":\"2020-12-31T10:13:09+00:00\",\"dateModified\":\"2021-04-17T16:53:19+00:00\",\"description\":\"7 days from Casablanca invites you to discover the beauty of Morocco in just 7 days. The country has so many wonderful things to see and do,\",\"breadcrumb\":{\"@id\":\"https:\\\/\\\/moroccoexpresstours.com\\\/product\\\/7-days-touring-the-jewel-of-morocco\\\/#breadcrumb\"},\"inLanguage\":\"es\",\"potentialAction\":[{\"@type\":\"ReadAction\",\"target\":[\"https:\\\/\\\/moroccoexpresstours.com\\\/product\\\/7-days-touring-the-jewel-of-morocco\\\/\"]}]},{\"@type\":\"ImageObject\",\"inLanguage\":\"es\",\"@id\":\"https:\\\/\\\/moroccoexpresstours.com\\\/product\\\/7-days-touring-the-jewel-of-morocco\\\/#primaryimage\",\"url\":\"https:\\\/\\\/i0.wp.com\\\/moroccoexpresstours.com\\\/wp-content\\\/uploads\\\/2020\\\/12\\\/viajes-luna-sur-marruecos.jpg?fit=1920%2C1279&ssl=1\",\"contentUrl\":\"https:\\\/\\\/i0.wp.com\\\/moroccoexpresstours.com\\\/wp-content\\\/uploads\\\/2020\\\/12\\\/viajes-luna-sur-marruecos.jpg?fit=1920%2C1279&ssl=1\",\"width\":1920,\"height\":1279,\"caption\":\"7 Days - Touring the Jewel of Morocco\"},{\"@type\":\"BreadcrumbList\",\"@id\":\"https:\\\/\\\/moroccoexpresstours.com\\\/product\\\/7-days-touring-the-jewel-of-morocco\\\/#breadcrumb\",\"itemListElement\":[{\"@type\":\"ListItem\",\"position\":1,\"name\":\"Portada\",\"item\":\"https:\\\/\\\/moroccoexpresstours.com\\\/\"},{\"@type\":\"ListItem\",\"position\":2,\"name\":\"Products\",\"item\":\"https:\\\/\\\/moroccoexpresstours.com\\\/shop\\\/\"},{\"@type\":\"ListItem\",\"position\":3,\"name\":\"7 Days &#8211; Touring the Jewel of Morocco\"}]},{\"@type\":\"WebSite\",\"@id\":\"https:\\\/\\\/moroccoexpresstours.com\\\/#website\",\"url\":\"https:\\\/\\\/moroccoexpresstours.com\\\/\",\"name\":\"Morocco Express Tours\",\"description\":\"Trips to Morocco desert tours\",\"potentialAction\":[{\"@type\":\"SearchAction\",\"target\":{\"@type\":\"EntryPoint\",\"urlTemplate\":\"https:\\\/\\\/moroccoexpresstours.com\\\/?s={search_term_string}\"},\"query-input\":{\"@type\":\"PropertyValueSpecification\",\"valueRequired\":true,\"valueName\":\"search_term_string\"}}],\"inLanguage\":\"es\"}]}<\/script>\n<!-- \/ Yoast SEO plugin. -->","yoast_head_json":{"title":"7 Days - Touring the Jewel of Morocco - Morocco Express Tours","description":"7 days from Casablanca invites you to discover the beauty of Morocco in just 7 days. The country has so many wonderful things to see and do,","robots":{"index":"index","follow":"follow","max-snippet":"max-snippet:-1","max-image-preview":"max-image-preview:large","max-video-preview":"max-video-preview:-1"},"canonical":"https:\/\/moroccoexpresstours.com\/es\/producto\/7-days-touring-the-jewel-of-morocco\/","og_locale":"es_ES","og_type":"article","og_title":"7 Days - Touring the Jewel of Morocco - Morocco Express Tours","og_description":"7 days from Casablanca invites you to discover the beauty of Morocco in just 7 days. The country has so many wonderful things to see and do,","og_url":"https:\/\/moroccoexpresstours.com\/es\/producto\/7-days-touring-the-jewel-of-morocco\/","og_site_name":"Morocco Express Tours","article_modified_time":"2021-04-17T16:53:19+00:00","og_image":[{"width":1920,"height":1279,"url":"https:\/\/moroccoexpresstours.com\/wp-content\/uploads\/2020\/12\/viajes-luna-sur-marruecos.jpg","type":"image\/jpeg"}],"twitter_card":"summary_large_image","twitter_misc":{"Tiempo de lectura":"1 minuto"},"schema":{"@context":"https:\/\/schema.org","@graph":[{"@type":"WebPage","@id":"https:\/\/moroccoexpresstours.com\/product\/7-days-touring-the-jewel-of-morocco\/","url":"https:\/\/moroccoexpresstours.com\/product\/7-days-touring-the-jewel-of-morocco\/","name":"7 Days - Touring the Jewel of Morocco - Morocco Express Tours","isPartOf":{"@id":"https:\/\/moroccoexpresstours.com\/#website"},"primaryImageOfPage":{"@id":"https:\/\/moroccoexpresstours.com\/product\/7-days-touring-the-jewel-of-morocco\/#primaryimage"},"image":{"@id":"https:\/\/moroccoexpresstours.com\/product\/7-days-touring-the-jewel-of-morocco\/#primaryimage"},"thumbnailUrl":"https:\/\/i0.wp.com\/moroccoexpresstours.com\/wp-content\/uploads\/2020\/12\/viajes-luna-sur-marruecos.jpg?fit=1920%2C1279&ssl=1","datePublished":"2020-12-31T10:13:09+00:00","dateModified":"2021-04-17T16:53:19+00:00","description":"7 days from Casablanca invites you to discover the beauty of Morocco in just 7 days. The country has so many wonderful things to see and do,","breadcrumb":{"@id":"https:\/\/moroccoexpresstours.com\/product\/7-days-touring-the-jewel-of-morocco\/#breadcrumb"},"inLanguage":"es","potentialAction":[{"@type":"ReadAction","target":["https:\/\/moroccoexpresstours.com\/product\/7-days-touring-the-jewel-of-morocco\/"]}]},{"@type":"ImageObject","inLanguage":"es","@id":"https:\/\/moroccoexpresstours.com\/product\/7-days-touring-the-jewel-of-morocco\/#primaryimage","url":"https:\/\/i0.wp.com\/moroccoexpresstours.com\/wp-content\/uploads\/2020\/12\/viajes-luna-sur-marruecos.jpg?fit=1920%2C1279&ssl=1","contentUrl":"https:\/\/i0.wp.com\/moroccoexpresstours.com\/wp-content\/uploads\/2020\/12\/viajes-luna-sur-marruecos.jpg?fit=1920%2C1279&ssl=1","width":1920,"height":1279,"caption":"7 Days - Touring the Jewel of Morocco"},{"@type":"BreadcrumbList","@id":"https:\/\/moroccoexpresstours.com\/product\/7-days-touring-the-jewel-of-morocco\/#breadcrumb","itemListElement":[{"@type":"ListItem","position":1,"name":"Portada","item":"https:\/\/moroccoexpresstours.com\/"},{"@type":"ListItem","position":2,"name":"Products","item":"https:\/\/moroccoexpresstours.com\/shop\/"},{"@type":"ListItem","position":3,"name":"7 Days &#8211; Touring the Jewel of Morocco"}]},{"@type":"WebSite","@id":"https:\/\/moroccoexpresstours.com\/#website","url":"https:\/\/moroccoexpresstours.com\/","name":"Morocco Express Tours","description":"Trips to Morocco desert tours","potentialAction":[{"@type":"SearchAction","target":{"@type":"EntryPoint","urlTemplate":"https:\/\/moroccoexpresstours.com\/?s={search_term_string}"},"query-input":{"@type":"PropertyValueSpecification","valueRequired":true,"valueName":"search_term_string"}}],"inLanguage":"es"}]}},"jetpack_sharing_enabled":true,"_links":{"self":[{"href":"https:\/\/moroccoexpresstours.com\/es\/wp-json\/wp\/v2\/product\/1032","targetHints":{"allow":["GET"]}}],"collection":[{"href":"https:\/\/moroccoexpresstours.com\/es\/wp-json\/wp\/v2\/product"}],"about":[{"href":"https:\/\/moroccoexpresstours.com\/es\/wp-json\/wp\/v2\/types\/product"}],"replies":[{"embeddable":true,"href":"https:\/\/moroccoexpresstours.com\/es\/wp-json\/wp\/v2\/comments?post=1032"}],"wp:featuredmedia":[{"embeddable":true,"href":"https:\/\/moroccoexpresstours.com\/es\/wp-json\/wp\/v2\/media\/1066"}],"wp:attachment":[{"href":"https:\/\/moroccoexpresstours.com\/es\/wp-json\/wp\/v2\/media?parent=1032"}],"wp:term":[{"taxonomy":"product_brand","embeddable":true,"href":"https:\/\/moroccoexpresstours.com\/es\/wp-json\/wp\/v2\/product_brand?post=1032"},{"taxonomy":"product_cat","embeddable":true,"href":"https:\/\/moroccoexpresstours.com\/es\/wp-json\/wp\/v2\/product_cat?post=1032"},{"taxonomy":"product_tag","embeddable":true,"href":"https:\/\/moroccoexpresstours.com\/es\/wp-json\/wp\/v2\/product_tag?post=1032"}],"curies":[{"name":"wp","href":"https:\/\/api.w.org\/{rel}","templated":true}]}}