{"id":1083,"date":"2021-01-01T17:13:48","date_gmt":"2021-01-01T17:13:48","guid":{"rendered":"https:\/\/moroccoexpresstours.com\/?post_type=product&#038;p=1083"},"modified":"2021-08-02T11:08:13","modified_gmt":"2021-08-02T11:08:13","slug":"4-days-trip-from-tangier-to-chefchaouen-and-fes","status":"publish","type":"product","link":"https:\/\/moroccoexpresstours.com\/tours\/4-days-trip-from-tangier-to-chefchaouen-and-fes","title":{"rendered":"4 D\u00edas - Viaje de T\u00e1nger a Chefchaouen y Fez"},"content":{"rendered":"<p>El viaje de 4 d\u00edas desde T\u00e1nger a Chefchaouen y Fez le permite explorar Marruecos en solo 4 d\u00edas. El tour incluye la visita a los mejores atractivos tur\u00edsticos del norte de Marruecos. Durante el recorrido, ver\u00e1 T\u00e1nger, Chefchaouen, Meknes, Volubilis y Fes.<\/p>\n<p>&nbsp;<\/p>\n<table class=\"tours-tabs_table\">\n<tbody>\n<tr>\n<td><strong>INCLUIDO<\/strong><\/td>\n<td>\n<table>\n<tbody>\n<tr>\n<td><i class=\"fa fa-check icon-tick icon-tick--on\"><\/i>Hoteles y alojamiento<\/td>\n<td><i class=\"fa fa-check icon-tick icon-tick--on\"><\/i>C\u00f3modo veh\u00edculo 4 \u00d7 4 \/ minib\u00fas con aire acondicionado<\/td>\n<\/tr>\n<tr>\n<td><i class=\"fa fa-check icon-tick icon-tick--on\"><\/i>Conductor multiling\u00fce ingl\u00e9s\/espa\u00f1ol\/italiano\/franc\u00e9s<\/td>\n<td><i class=\"fa fa-check icon-tick icon-tick--on\"><\/i>Recogida y regreso al aeropuerto \/ hotel \/ Riad.<\/td>\n<\/tr>\n<tr>\n<td><i class=\"fa fa-check icon-tick icon-tick--on\"><\/i>Gu\u00edas locales<\/td>\n<td><i class=\"fa fa-check icon-tick icon-tick--on\"><\/i>Combustible y estacionamiento<\/td>\n<\/tr>\n<tr>\n<td><i class=\"fa fa-check icon-tick icon-tick--on\"><\/i>3 cenas en el desierto<\/td>\n<td><i class=\"fa fa-check icon-tick icon-tick--on\"><\/i>Desayuno<\/td>\n<\/tr>\n<\/tbody>\n<\/table>\n<\/td>\n<\/tr>\n<tr>\n<td><b>NO INCLUIDO<\/b><\/td>\n<td>\n<table>\n<tbody>\n<tr>\n<td><i class=\"fa fa-times icon-tick icon-tick--off\"><\/i>Boletos de avi\u00f3n y visa<\/td>\n<\/tr>\n<tr>\n<td><i class=\"fa fa-times icon-tick icon-tick--off\"><\/i>Entradas a monumentos y museos<\/td>\n<\/tr>\n<tr>\n<td><i class=\"fa fa-times icon-tick icon-tick--off\"><\/i>Gastos personales<\/td>\n<\/tr>\n<tr>\n<td><i class=\"fa fa-times icon-tick icon-tick--off\"><\/i>Consejos para guiar y conducir<\/td>\n<\/tr>\n<\/tbody>\n<\/table>\n<\/td>\n<\/tr>\n<\/tbody>\n<\/table>","protected":false},"excerpt":{"rendered":"<p>4 Days Trip from Tangier to Chefchaouen And Fes allows you to explore Morocco in Just 4 days.<\/p>","protected":false},"featured_media":1084,"comment_status":"closed","ping_status":"closed","template":"","meta":{"om_disable_all_campaigns":false},"product_brand":[],"product_cat":[],"product_tag":[],"class_list":{"0":"post-1083","1":"product","2":"type-product","3":"status-publish","4":"has-post-thumbnail","6":"tour_phys-tours-from-tangier","8":"first","9":"instock","10":"shipping-taxable","11":"product-type-tour_phys"},"yoast_head":"<!-- This site is optimized with the Yoast SEO plugin v27.3 - https:\/\/yoast.com\/product\/yoast-seo-wordpress\/ -->\n<title>4 Days - Trip from Tangier to Chefchaouen and Fes<\/title>\n<meta name=\"description\" content=\"4 Days Trip from Tangier to Chefchaouen And Fes allows you to explore Morocco in Just 4 days. The tour includes visiting the best tourist\" \/>\n<meta name=\"robots\" content=\"index, follow, max-snippet:-1, max-image-preview:large, max-video-preview:-1\" \/>\n<link rel=\"canonical\" href=\"https:\/\/moroccoexpresstours.com\/es\/producto\/4-days-trip-from-tangier-to-chefchaouen-and-fes\/\" \/>\n<meta property=\"og:locale\" content=\"es_ES\" \/>\n<meta property=\"og:type\" content=\"article\" \/>\n<meta property=\"og:title\" content=\"4 Days - Trip from Tangier to Chefchaouen and Fes\" \/>\n<meta property=\"og:description\" content=\"4 Days Trip from Tangier to Chefchaouen And Fes allows you to explore Morocco in Just 4 days. The tour includes visiting the best tourist\" \/>\n<meta property=\"og:url\" content=\"https:\/\/moroccoexpresstours.com\/es\/producto\/4-days-trip-from-tangier-to-chefchaouen-and-fes\/\" \/>\n<meta property=\"og:site_name\" content=\"Morocco Express Tours\" \/>\n<meta property=\"article:modified_time\" content=\"2021-08-02T11:08:13+00:00\" \/>\n<meta property=\"og:image\" content=\"https:\/\/moroccoexpresstours.com\/wp-content\/uploads\/2021\/01\/02.jpg\" \/>\n\t<meta property=\"og:image:width\" content=\"1600\" \/>\n\t<meta property=\"og:image:height\" content=\"900\" \/>\n\t<meta property=\"og:image:type\" content=\"image\/jpeg\" \/>\n<meta name=\"twitter:card\" content=\"summary_large_image\" \/>\n<script type=\"application\/ld+json\" class=\"yoast-schema-graph\">{\"@context\":\"https:\\\/\\\/schema.org\",\"@graph\":[{\"@type\":\"WebPage\",\"@id\":\"https:\\\/\\\/moroccoexpresstours.com\\\/product\\\/4-days-trip-from-tangier-to-chefchaouen-and-fes\\\/\",\"url\":\"https:\\\/\\\/moroccoexpresstours.com\\\/product\\\/4-days-trip-from-tangier-to-chefchaouen-and-fes\\\/\",\"name\":\"4 Days - Trip from Tangier to Chefchaouen and Fes\",\"isPartOf\":{\"@id\":\"https:\\\/\\\/moroccoexpresstours.com\\\/#website\"},\"primaryImageOfPage\":{\"@id\":\"https:\\\/\\\/moroccoexpresstours.com\\\/product\\\/4-days-trip-from-tangier-to-chefchaouen-and-fes\\\/#primaryimage\"},\"image\":{\"@id\":\"https:\\\/\\\/moroccoexpresstours.com\\\/product\\\/4-days-trip-from-tangier-to-chefchaouen-and-fes\\\/#primaryimage\"},\"thumbnailUrl\":\"https:\\\/\\\/i0.wp.com\\\/moroccoexpresstours.com\\\/wp-content\\\/uploads\\\/2021\\\/01\\\/02.jpg?fit=1600%2C900&ssl=1\",\"datePublished\":\"2021-01-01T17:13:48+00:00\",\"dateModified\":\"2021-08-02T11:08:13+00:00\",\"description\":\"4 Days Trip from Tangier to Chefchaouen And Fes allows you to explore Morocco in Just 4 days. The tour includes visiting the best tourist\",\"breadcrumb\":{\"@id\":\"https:\\\/\\\/moroccoexpresstours.com\\\/product\\\/4-days-trip-from-tangier-to-chefchaouen-and-fes\\\/#breadcrumb\"},\"inLanguage\":\"es\",\"potentialAction\":[{\"@type\":\"ReadAction\",\"target\":[\"https:\\\/\\\/moroccoexpresstours.com\\\/product\\\/4-days-trip-from-tangier-to-chefchaouen-and-fes\\\/\"]}]},{\"@type\":\"ImageObject\",\"inLanguage\":\"es\",\"@id\":\"https:\\\/\\\/moroccoexpresstours.com\\\/product\\\/4-days-trip-from-tangier-to-chefchaouen-and-fes\\\/#primaryimage\",\"url\":\"https:\\\/\\\/i0.wp.com\\\/moroccoexpresstours.com\\\/wp-content\\\/uploads\\\/2021\\\/01\\\/02.jpg?fit=1600%2C900&ssl=1\",\"contentUrl\":\"https:\\\/\\\/i0.wp.com\\\/moroccoexpresstours.com\\\/wp-content\\\/uploads\\\/2021\\\/01\\\/02.jpg?fit=1600%2C900&ssl=1\",\"width\":1600,\"height\":900,\"caption\":\"4 Days - Trip from Tangier to Chefchaouen and Fes\"},{\"@type\":\"BreadcrumbList\",\"@id\":\"https:\\\/\\\/moroccoexpresstours.com\\\/product\\\/4-days-trip-from-tangier-to-chefchaouen-and-fes\\\/#breadcrumb\",\"itemListElement\":[{\"@type\":\"ListItem\",\"position\":1,\"name\":\"Portada\",\"item\":\"https:\\\/\\\/moroccoexpresstours.com\\\/\"},{\"@type\":\"ListItem\",\"position\":2,\"name\":\"Products\",\"item\":\"https:\\\/\\\/moroccoexpresstours.com\\\/shop\\\/\"},{\"@type\":\"ListItem\",\"position\":3,\"name\":\"4 Days &#8211; Trip from Tangier to Chefchaouen and Fes\"}]},{\"@type\":\"WebSite\",\"@id\":\"https:\\\/\\\/moroccoexpresstours.com\\\/#website\",\"url\":\"https:\\\/\\\/moroccoexpresstours.com\\\/\",\"name\":\"Morocco Express Tours\",\"description\":\"Trips to Morocco desert tours\",\"potentialAction\":[{\"@type\":\"SearchAction\",\"target\":{\"@type\":\"EntryPoint\",\"urlTemplate\":\"https:\\\/\\\/moroccoexpresstours.com\\\/?s={search_term_string}\"},\"query-input\":{\"@type\":\"PropertyValueSpecification\",\"valueRequired\":true,\"valueName\":\"search_term_string\"}}],\"inLanguage\":\"es\"}]}<\/script>\n<!-- \/ Yoast SEO plugin. -->","yoast_head_json":{"title":"4 Days - Trip from Tangier to Chefchaouen and Fes","description":"4 Days Trip from Tangier to Chefchaouen And Fes allows you to explore Morocco in Just 4 days. The tour includes visiting the best tourist","robots":{"index":"index","follow":"follow","max-snippet":"max-snippet:-1","max-image-preview":"max-image-preview:large","max-video-preview":"max-video-preview:-1"},"canonical":"https:\/\/moroccoexpresstours.com\/es\/producto\/4-days-trip-from-tangier-to-chefchaouen-and-fes\/","og_locale":"es_ES","og_type":"article","og_title":"4 Days - Trip from Tangier to Chefchaouen and Fes","og_description":"4 Days Trip from Tangier to Chefchaouen And Fes allows you to explore Morocco in Just 4 days. The tour includes visiting the best tourist","og_url":"https:\/\/moroccoexpresstours.com\/es\/producto\/4-days-trip-from-tangier-to-chefchaouen-and-fes\/","og_site_name":"Morocco Express Tours","article_modified_time":"2021-08-02T11:08:13+00:00","og_image":[{"width":1600,"height":900,"url":"https:\/\/moroccoexpresstours.com\/wp-content\/uploads\/2021\/01\/02.jpg","type":"image\/jpeg"}],"twitter_card":"summary_large_image","schema":{"@context":"https:\/\/schema.org","@graph":[{"@type":"WebPage","@id":"https:\/\/moroccoexpresstours.com\/product\/4-days-trip-from-tangier-to-chefchaouen-and-fes\/","url":"https:\/\/moroccoexpresstours.com\/product\/4-days-trip-from-tangier-to-chefchaouen-and-fes\/","name":"4 Days - Trip from Tangier to Chefchaouen and Fes","isPartOf":{"@id":"https:\/\/moroccoexpresstours.com\/#website"},"primaryImageOfPage":{"@id":"https:\/\/moroccoexpresstours.com\/product\/4-days-trip-from-tangier-to-chefchaouen-and-fes\/#primaryimage"},"image":{"@id":"https:\/\/moroccoexpresstours.com\/product\/4-days-trip-from-tangier-to-chefchaouen-and-fes\/#primaryimage"},"thumbnailUrl":"https:\/\/i0.wp.com\/moroccoexpresstours.com\/wp-content\/uploads\/2021\/01\/02.jpg?fit=1600%2C900&ssl=1","datePublished":"2021-01-01T17:13:48+00:00","dateModified":"2021-08-02T11:08:13+00:00","description":"4 Days Trip from Tangier to Chefchaouen And Fes allows you to explore Morocco in Just 4 days. The tour includes visiting the best tourist","breadcrumb":{"@id":"https:\/\/moroccoexpresstours.com\/product\/4-days-trip-from-tangier-to-chefchaouen-and-fes\/#breadcrumb"},"inLanguage":"es","potentialAction":[{"@type":"ReadAction","target":["https:\/\/moroccoexpresstours.com\/product\/4-days-trip-from-tangier-to-chefchaouen-and-fes\/"]}]},{"@type":"ImageObject","inLanguage":"es","@id":"https:\/\/moroccoexpresstours.com\/product\/4-days-trip-from-tangier-to-chefchaouen-and-fes\/#primaryimage","url":"https:\/\/i0.wp.com\/moroccoexpresstours.com\/wp-content\/uploads\/2021\/01\/02.jpg?fit=1600%2C900&ssl=1","contentUrl":"https:\/\/i0.wp.com\/moroccoexpresstours.com\/wp-content\/uploads\/2021\/01\/02.jpg?fit=1600%2C900&ssl=1","width":1600,"height":900,"caption":"4 Days - Trip from Tangier to Chefchaouen and Fes"},{"@type":"BreadcrumbList","@id":"https:\/\/moroccoexpresstours.com\/product\/4-days-trip-from-tangier-to-chefchaouen-and-fes\/#breadcrumb","itemListElement":[{"@type":"ListItem","position":1,"name":"Portada","item":"https:\/\/moroccoexpresstours.com\/"},{"@type":"ListItem","position":2,"name":"Products","item":"https:\/\/moroccoexpresstours.com\/shop\/"},{"@type":"ListItem","position":3,"name":"4 Days &#8211; Trip from Tangier to Chefchaouen and Fes"}]},{"@type":"WebSite","@id":"https:\/\/moroccoexpresstours.com\/#website","url":"https:\/\/moroccoexpresstours.com\/","name":"Morocco Express Tours","description":"Trips to Morocco desert tours","potentialAction":[{"@type":"SearchAction","target":{"@type":"EntryPoint","urlTemplate":"https:\/\/moroccoexpresstours.com\/?s={search_term_string}"},"query-input":{"@type":"PropertyValueSpecification","valueRequired":true,"valueName":"search_term_string"}}],"inLanguage":"es"}]}},"jetpack_sharing_enabled":true,"_links":{"self":[{"href":"https:\/\/moroccoexpresstours.com\/es\/wp-json\/wp\/v2\/product\/1083","targetHints":{"allow":["GET"]}}],"collection":[{"href":"https:\/\/moroccoexpresstours.com\/es\/wp-json\/wp\/v2\/product"}],"about":[{"href":"https:\/\/moroccoexpresstours.com\/es\/wp-json\/wp\/v2\/types\/product"}],"replies":[{"embeddable":true,"href":"https:\/\/moroccoexpresstours.com\/es\/wp-json\/wp\/v2\/comments?post=1083"}],"wp:featuredmedia":[{"embeddable":true,"href":"https:\/\/moroccoexpresstours.com\/es\/wp-json\/wp\/v2\/media\/1084"}],"wp:attachment":[{"href":"https:\/\/moroccoexpresstours.com\/es\/wp-json\/wp\/v2\/media?parent=1083"}],"wp:term":[{"taxonomy":"product_brand","embeddable":true,"href":"https:\/\/moroccoexpresstours.com\/es\/wp-json\/wp\/v2\/product_brand?post=1083"},{"taxonomy":"product_cat","embeddable":true,"href":"https:\/\/moroccoexpresstours.com\/es\/wp-json\/wp\/v2\/product_cat?post=1083"},{"taxonomy":"product_tag","embeddable":true,"href":"https:\/\/moroccoexpresstours.com\/es\/wp-json\/wp\/v2\/product_tag?post=1083"}],"curies":[{"name":"wp","href":"https:\/\/api.w.org\/{rel}","templated":true}]}}