{"id":1112,"date":"2021-01-02T19:06:12","date_gmt":"2021-01-02T19:06:12","guid":{"rendered":"https:\/\/moroccoexpresstours.com\/?post_type=product&#038;p=1112"},"modified":"2021-02-18T20:08:36","modified_gmt":"2021-02-18T20:08:36","slug":"day-trip-ifrane-from-fes","status":"publish","type":"product","link":"https:\/\/moroccoexpresstours.com\/tours\/day-trip-ifrane-from-fes","title":{"rendered":"Day Trip Ifrane from Fes"},"content":{"rendered":"<div class=\"wpb_text_column wpb_content_element\">\n<div class=\"wpb_wrapper\">\n<p>Este viaje de un d\u00eda desde Fez nos llevar\u00e1 a descubrir Ifran. La ciudad a veces se llama Suiza de \u00c1frica \/ Marruecos por su clima nevado y limpio. Irfan tiene un estilo arquitect\u00f3nico franc\u00e9s, t\u00edpicamente edificios alpinos.<\/p>\n<p>Conducir a trav\u00e9s del bosque de cedros nos llevar\u00e1 a ver monos salvajes en la naturaleza de las monta\u00f1as del Atlas Medio. Luego, exploraremos la ciudad de Ifrane en las monta\u00f1as del Atlas medio. El bosque de cedros, pinos y robles hace de Ifrane una hermosa ciudad verde.<\/p>\n<\/div>\n<\/div>\n<table class=\"tours-tabs_table\">\n<tbody>\n<tr>\n<td><strong>INCLUIDO<\/strong><\/td>\n<td>\n<table>\n<tbody>\n<tr>\n<td><i class=\"fa fa-check icon-tick icon-tick--on\"><\/i>Recogida y regreso a su alojamiento.<\/td>\n<td><i class=\"fa fa-check icon-tick icon-tick--on\"><\/i>Transporte con aire acondicionado (jeep 4 * 4, minib\u00fas, autob\u00fas)<\/td>\n<\/tr>\n<tr>\n<td><i class=\"fa fa-check icon-tick icon-tick--on\"><\/i>Combustible para el coche<\/td>\n<td><i class=\"fa fa-check icon-tick icon-tick--on\"><\/i>Conductor \/ gu\u00eda de habla inglesa o espa\u00f1ola<\/td>\n<\/tr>\n<\/tbody>\n<\/table>\n<\/td>\n<\/tr>\n<tr>\n<td><b>NO INCLUIDO<\/b><\/td>\n<td>\n<table>\n<tbody>\n<tr>\n<td><i class=\"fa fa-times icon-tick icon-tick--off\"><\/i>Almuerzo<\/td>\n<\/tr>\n<tr>\n<td><i class=\"fa fa-times icon-tick icon-tick--off\"><\/i>Bebidas<\/td>\n<\/tr>\n<tr>\n<td><i class=\"fa fa-times icon-tick icon-tick--off\"><\/i>Tarifas de entrada \/ actividad<\/td>\n<\/tr>\n<\/tbody>\n<\/table>\n<\/td>\n<\/tr>\n<\/tbody>\n<\/table>","protected":false},"excerpt":{"rendered":"<p>This one-day trip from Fes will take us to discover Ifran. The town sometimes is called Switzerland of Africa\/Morocco<\/p>","protected":false},"featured_media":1113,"comment_status":"closed","ping_status":"closed","template":"","meta":{"om_disable_all_campaigns":false},"product_brand":[],"product_cat":[15],"product_tag":[],"class_list":{"0":"post-1112","1":"product","2":"type-product","3":"status-publish","4":"has-post-thumbnail","6":"product_cat-sin-categorizar","7":"tour_phys-excursions","9":"first","10":"instock","11":"shipping-taxable","12":"product-type-tour_phys"},"yoast_head":"<!-- This site is optimized with the Yoast SEO plugin v27.3 - https:\/\/yoast.com\/product\/yoast-seo-wordpress\/ -->\n<title>Day Trip Ifrane from Fes - Morocco Express Tours<\/title>\n<meta name=\"description\" content=\"Our trip from Fes will take us to explore the imperial cities of Meknes before heading to Volubilis. We will visit the old Medina\" \/>\n<meta name=\"robots\" content=\"index, follow, max-snippet:-1, max-image-preview:large, max-video-preview:-1\" \/>\n<link rel=\"canonical\" href=\"https:\/\/moroccoexpresstours.com\/es\/producto\/day-trip-ifrane-from-fes\/\" \/>\n<meta property=\"og:locale\" content=\"es_ES\" \/>\n<meta property=\"og:type\" content=\"article\" \/>\n<meta property=\"og:title\" content=\"Day Trip Ifrane from Fes - Morocco Express Tours\" \/>\n<meta property=\"og:description\" content=\"Our trip from Fes will take us to explore the imperial cities of Meknes before heading to Volubilis. We will visit the old Medina\" \/>\n<meta property=\"og:url\" content=\"https:\/\/moroccoexpresstours.com\/es\/producto\/day-trip-ifrane-from-fes\/\" \/>\n<meta property=\"og:site_name\" content=\"Morocco Express Tours\" \/>\n<meta property=\"article:modified_time\" content=\"2021-02-18T20:08:36+00:00\" \/>\n<meta property=\"og:image\" content=\"https:\/\/moroccoexpresstours.com\/wp-content\/uploads\/2021\/01\/ifrane-tour.jpeg\" \/>\n\t<meta property=\"og:image:width\" content=\"2000\" \/>\n\t<meta property=\"og:image:height\" content=\"1333\" \/>\n\t<meta property=\"og:image:type\" content=\"image\/jpeg\" \/>\n<meta name=\"twitter:card\" content=\"summary_large_image\" \/>\n<meta name=\"twitter:label1\" content=\"Tiempo de lectura\" \/>\n\t<meta name=\"twitter:data1\" content=\"1 minuto\" \/>\n<script type=\"application\/ld+json\" class=\"yoast-schema-graph\">{\"@context\":\"https:\\\/\\\/schema.org\",\"@graph\":[{\"@type\":\"WebPage\",\"@id\":\"https:\\\/\\\/moroccoexpresstours.com\\\/product\\\/day-trip-ifrane-from-fes\\\/\",\"url\":\"https:\\\/\\\/moroccoexpresstours.com\\\/product\\\/day-trip-ifrane-from-fes\\\/\",\"name\":\"Day Trip Ifrane from Fes - Morocco Express Tours\",\"isPartOf\":{\"@id\":\"https:\\\/\\\/moroccoexpresstours.com\\\/#website\"},\"primaryImageOfPage\":{\"@id\":\"https:\\\/\\\/moroccoexpresstours.com\\\/product\\\/day-trip-ifrane-from-fes\\\/#primaryimage\"},\"image\":{\"@id\":\"https:\\\/\\\/moroccoexpresstours.com\\\/product\\\/day-trip-ifrane-from-fes\\\/#primaryimage\"},\"thumbnailUrl\":\"https:\\\/\\\/i0.wp.com\\\/moroccoexpresstours.com\\\/wp-content\\\/uploads\\\/2021\\\/01\\\/ifrane-tour.jpeg?fit=2000%2C1333&ssl=1\",\"datePublished\":\"2021-01-02T19:06:12+00:00\",\"dateModified\":\"2021-02-18T20:08:36+00:00\",\"description\":\"Our trip from Fes will take us to explore the imperial cities of Meknes before heading to Volubilis. We will visit the old Medina\",\"breadcrumb\":{\"@id\":\"https:\\\/\\\/moroccoexpresstours.com\\\/product\\\/day-trip-ifrane-from-fes\\\/#breadcrumb\"},\"inLanguage\":\"es\",\"potentialAction\":[{\"@type\":\"ReadAction\",\"target\":[\"https:\\\/\\\/moroccoexpresstours.com\\\/product\\\/day-trip-ifrane-from-fes\\\/\"]}]},{\"@type\":\"ImageObject\",\"inLanguage\":\"es\",\"@id\":\"https:\\\/\\\/moroccoexpresstours.com\\\/product\\\/day-trip-ifrane-from-fes\\\/#primaryimage\",\"url\":\"https:\\\/\\\/i0.wp.com\\\/moroccoexpresstours.com\\\/wp-content\\\/uploads\\\/2021\\\/01\\\/ifrane-tour.jpeg?fit=2000%2C1333&ssl=1\",\"contentUrl\":\"https:\\\/\\\/i0.wp.com\\\/moroccoexpresstours.com\\\/wp-content\\\/uploads\\\/2021\\\/01\\\/ifrane-tour.jpeg?fit=2000%2C1333&ssl=1\",\"width\":2000,\"height\":1333,\"caption\":\"ifrane tour\"},{\"@type\":\"BreadcrumbList\",\"@id\":\"https:\\\/\\\/moroccoexpresstours.com\\\/product\\\/day-trip-ifrane-from-fes\\\/#breadcrumb\",\"itemListElement\":[{\"@type\":\"ListItem\",\"position\":1,\"name\":\"Portada\",\"item\":\"https:\\\/\\\/moroccoexpresstours.com\\\/\"},{\"@type\":\"ListItem\",\"position\":2,\"name\":\"Products\",\"item\":\"https:\\\/\\\/moroccoexpresstours.com\\\/shop\\\/\"},{\"@type\":\"ListItem\",\"position\":3,\"name\":\"Day Trip Ifrane from Fes\"}]},{\"@type\":\"WebSite\",\"@id\":\"https:\\\/\\\/moroccoexpresstours.com\\\/#website\",\"url\":\"https:\\\/\\\/moroccoexpresstours.com\\\/\",\"name\":\"Morocco Express Tours\",\"description\":\"Trips to Morocco desert tours\",\"potentialAction\":[{\"@type\":\"SearchAction\",\"target\":{\"@type\":\"EntryPoint\",\"urlTemplate\":\"https:\\\/\\\/moroccoexpresstours.com\\\/?s={search_term_string}\"},\"query-input\":{\"@type\":\"PropertyValueSpecification\",\"valueRequired\":true,\"valueName\":\"search_term_string\"}}],\"inLanguage\":\"es\"}]}<\/script>\n<!-- \/ Yoast SEO plugin. -->","yoast_head_json":{"title":"Day Trip Ifrane from Fes - Morocco Express Tours","description":"Our trip from Fes will take us to explore the imperial cities of Meknes before heading to Volubilis. We will visit the old Medina","robots":{"index":"index","follow":"follow","max-snippet":"max-snippet:-1","max-image-preview":"max-image-preview:large","max-video-preview":"max-video-preview:-1"},"canonical":"https:\/\/moroccoexpresstours.com\/es\/producto\/day-trip-ifrane-from-fes\/","og_locale":"es_ES","og_type":"article","og_title":"Day Trip Ifrane from Fes - Morocco Express Tours","og_description":"Our trip from Fes will take us to explore the imperial cities of Meknes before heading to Volubilis. We will visit the old Medina","og_url":"https:\/\/moroccoexpresstours.com\/es\/producto\/day-trip-ifrane-from-fes\/","og_site_name":"Morocco Express Tours","article_modified_time":"2021-02-18T20:08:36+00:00","og_image":[{"width":2000,"height":1333,"url":"https:\/\/moroccoexpresstours.com\/wp-content\/uploads\/2021\/01\/ifrane-tour.jpeg","type":"image\/jpeg"}],"twitter_card":"summary_large_image","twitter_misc":{"Tiempo de lectura":"1 minuto"},"schema":{"@context":"https:\/\/schema.org","@graph":[{"@type":"WebPage","@id":"https:\/\/moroccoexpresstours.com\/product\/day-trip-ifrane-from-fes\/","url":"https:\/\/moroccoexpresstours.com\/product\/day-trip-ifrane-from-fes\/","name":"Day Trip Ifrane from Fes - Morocco Express Tours","isPartOf":{"@id":"https:\/\/moroccoexpresstours.com\/#website"},"primaryImageOfPage":{"@id":"https:\/\/moroccoexpresstours.com\/product\/day-trip-ifrane-from-fes\/#primaryimage"},"image":{"@id":"https:\/\/moroccoexpresstours.com\/product\/day-trip-ifrane-from-fes\/#primaryimage"},"thumbnailUrl":"https:\/\/i0.wp.com\/moroccoexpresstours.com\/wp-content\/uploads\/2021\/01\/ifrane-tour.jpeg?fit=2000%2C1333&ssl=1","datePublished":"2021-01-02T19:06:12+00:00","dateModified":"2021-02-18T20:08:36+00:00","description":"Our trip from Fes will take us to explore the imperial cities of Meknes before heading to Volubilis. We will visit the old Medina","breadcrumb":{"@id":"https:\/\/moroccoexpresstours.com\/product\/day-trip-ifrane-from-fes\/#breadcrumb"},"inLanguage":"es","potentialAction":[{"@type":"ReadAction","target":["https:\/\/moroccoexpresstours.com\/product\/day-trip-ifrane-from-fes\/"]}]},{"@type":"ImageObject","inLanguage":"es","@id":"https:\/\/moroccoexpresstours.com\/product\/day-trip-ifrane-from-fes\/#primaryimage","url":"https:\/\/i0.wp.com\/moroccoexpresstours.com\/wp-content\/uploads\/2021\/01\/ifrane-tour.jpeg?fit=2000%2C1333&ssl=1","contentUrl":"https:\/\/i0.wp.com\/moroccoexpresstours.com\/wp-content\/uploads\/2021\/01\/ifrane-tour.jpeg?fit=2000%2C1333&ssl=1","width":2000,"height":1333,"caption":"ifrane tour"},{"@type":"BreadcrumbList","@id":"https:\/\/moroccoexpresstours.com\/product\/day-trip-ifrane-from-fes\/#breadcrumb","itemListElement":[{"@type":"ListItem","position":1,"name":"Portada","item":"https:\/\/moroccoexpresstours.com\/"},{"@type":"ListItem","position":2,"name":"Products","item":"https:\/\/moroccoexpresstours.com\/shop\/"},{"@type":"ListItem","position":3,"name":"Day Trip Ifrane from Fes"}]},{"@type":"WebSite","@id":"https:\/\/moroccoexpresstours.com\/#website","url":"https:\/\/moroccoexpresstours.com\/","name":"Morocco Express Tours","description":"Trips to Morocco desert tours","potentialAction":[{"@type":"SearchAction","target":{"@type":"EntryPoint","urlTemplate":"https:\/\/moroccoexpresstours.com\/?s={search_term_string}"},"query-input":{"@type":"PropertyValueSpecification","valueRequired":true,"valueName":"search_term_string"}}],"inLanguage":"es"}]}},"jetpack_sharing_enabled":true,"_links":{"self":[{"href":"https:\/\/moroccoexpresstours.com\/es\/wp-json\/wp\/v2\/product\/1112","targetHints":{"allow":["GET"]}}],"collection":[{"href":"https:\/\/moroccoexpresstours.com\/es\/wp-json\/wp\/v2\/product"}],"about":[{"href":"https:\/\/moroccoexpresstours.com\/es\/wp-json\/wp\/v2\/types\/product"}],"replies":[{"embeddable":true,"href":"https:\/\/moroccoexpresstours.com\/es\/wp-json\/wp\/v2\/comments?post=1112"}],"wp:featuredmedia":[{"embeddable":true,"href":"https:\/\/moroccoexpresstours.com\/es\/wp-json\/wp\/v2\/media\/1113"}],"wp:attachment":[{"href":"https:\/\/moroccoexpresstours.com\/es\/wp-json\/wp\/v2\/media?parent=1112"}],"wp:term":[{"taxonomy":"product_brand","embeddable":true,"href":"https:\/\/moroccoexpresstours.com\/es\/wp-json\/wp\/v2\/product_brand?post=1112"},{"taxonomy":"product_cat","embeddable":true,"href":"https:\/\/moroccoexpresstours.com\/es\/wp-json\/wp\/v2\/product_cat?post=1112"},{"taxonomy":"product_tag","embeddable":true,"href":"https:\/\/moroccoexpresstours.com\/es\/wp-json\/wp\/v2\/product_tag?post=1112"}],"curies":[{"name":"wp","href":"https:\/\/api.w.org\/{rel}","templated":true}]}}