{"id":1158,"date":"2021-01-04T12:21:47","date_gmt":"2021-01-04T12:21:47","guid":{"rendered":"https:\/\/moroccoexpresstours.com\/?post_type=product&#038;p=1158"},"modified":"2022-12-13T21:06:01","modified_gmt":"2022-12-13T21:06:01","slug":"6-days-imperial-cities-trip-from-marrakech","status":"publish","type":"product","link":"https:\/\/moroccoexpresstours.com\/tours\/6-days-imperial-cities-trip-from-marrakech","title":{"rendered":"6 Days Imperial Cities Trip from Marrakech"},"content":{"rendered":"<p>Discover the <span style=\"color: #000000;\"><a style=\"color: #000000;\" href=\"https:\/\/www.rivieratravel.co.uk\/worldwide-tours\/imperial-cities-of-morocco#:~:text=Fez%2C%20Meknes%2C%20Marrakesh%20and%20Rabat,UNESCO%20as%20World%20Heritage%20sites.\">imperial cities<\/a><\/span> from Marrakech, a <span style=\"color: #000000;\"><a style=\"color: #000000;\" href=\"https:\/\/moroccoexpresstours.com\/es\/tours\/imperial-cities-trip-from-marrakech\/\">6-day circuit<\/a><\/span> that will leave us open-mouthed to learn the true history of Morocco.<\/p>\n<table class=\"tours-tabs_table\">\n<tbody>\n<tr>\n<td><strong>INCLUIDO<\/strong><\/td>\n<td>\n<table>\n<tbody>\n<tr>\n<td><i class=\"fa fa-check icon-tick icon-tick--on\"><\/i>Hoteles y alojamiento<\/td>\n<td><i class=\"fa fa-check icon-tick icon-tick--on\"><\/i>C\u00f3modo veh\u00edculo 4 \u00d7 4 \/ minib\u00fas con aire acondicionado<\/td>\n<\/tr>\n<tr>\n<td><i class=\"fa fa-check icon-tick icon-tick--on\"><\/i>Conductor multiling\u00fce ingl\u00e9s\/espa\u00f1ol\/italiano\/franc\u00e9s<\/td>\n<td><i class=\"fa fa-check icon-tick icon-tick--on\"><\/i>Recogida y regreso al aeropuerto \/ hotel \/ Riad.<\/td>\n<\/tr>\n<tr>\n<td><i class=\"fa fa-check icon-tick icon-tick--on\"><\/i>Gu\u00edas locales<\/td>\n<td><i class=\"fa fa-check icon-tick icon-tick--on\"><\/i>Combustible y estacionamiento<\/td>\n<\/tr>\n<tr>\n<td><i class=\"fa fa-check icon-tick icon-tick--on\"><\/i>3 cenas en el desierto<\/td>\n<td><i class=\"fa fa-check icon-tick icon-tick--on\"><\/i>Desayuno<\/td>\n<\/tr>\n<\/tbody>\n<\/table>\n<\/td>\n<\/tr>\n<tr>\n<td><b>NO INCLUIDO<\/b><\/td>\n<td>\n<table>\n<tbody>\n<tr>\n<td><i class=\"fa fa-times icon-tick icon-tick--off\"><\/i>Boletos de avi\u00f3n y visa<\/td>\n<\/tr>\n<tr>\n<td><i class=\"fa fa-times icon-tick icon-tick--off\"><\/i>Entradas a monumentos y museos<\/td>\n<\/tr>\n<tr>\n<td><i class=\"fa fa-times icon-tick icon-tick--off\"><\/i>Gastos personales<\/td>\n<\/tr>\n<tr>\n<td><i class=\"fa fa-times icon-tick icon-tick--off\"><\/i>Consejos para guiar y conducir<\/td>\n<\/tr>\n<\/tbody>\n<\/table>\n<\/td>\n<\/tr>\n<\/tbody>\n<\/table>","protected":false},"excerpt":{"rendered":"<p>Descubre las ciudades imperiales desde Marrakech, un circuito de 6 d\u00edas que nos dejar\u00e1 con la boca abierta para conocer la verdadera historia de Marruecos.<\/p>","protected":false},"featured_media":1159,"comment_status":"closed","ping_status":"closed","template":"","meta":{"om_disable_all_campaigns":false},"product_brand":[],"product_cat":[],"product_tag":[],"class_list":{"0":"post-1158","1":"product","2":"type-product","3":"status-publish","4":"has-post-thumbnail","6":"tour_phys-tours-from-marrakech","8":"first","9":"instock","10":"shipping-taxable","11":"product-type-tour_phys"},"yoast_head":"<!-- This site is optimized with the Yoast SEO plugin v27.3 - https:\/\/yoast.com\/product\/yoast-seo-wordpress\/ -->\n<title>6 Days Imperial Cities Trip from Marrakech - Morocco Express Tours<\/title>\n<meta name=\"description\" content=\"Discover the imperial cities from Marrakech, a 6-day circuit that will leave us open-mouthed to learn the true history of Morocco.\" \/>\n<meta name=\"robots\" content=\"index, follow, max-snippet:-1, max-image-preview:large, max-video-preview:-1\" \/>\n<link rel=\"canonical\" href=\"https:\/\/moroccoexpresstours.com\/es\/producto\/6-days-imperial-cities-trip-from-marrakech\/\" \/>\n<meta property=\"og:locale\" content=\"es_ES\" \/>\n<meta property=\"og:type\" content=\"article\" \/>\n<meta property=\"og:title\" content=\"6 Days Imperial Cities Trip from Marrakech - Morocco Express Tours\" \/>\n<meta property=\"og:description\" content=\"Discover the imperial cities from Marrakech, a 6-day circuit that will leave us open-mouthed to learn the true history of Morocco.\" \/>\n<meta property=\"og:url\" content=\"https:\/\/moroccoexpresstours.com\/es\/producto\/6-days-imperial-cities-trip-from-marrakech\/\" \/>\n<meta property=\"og:site_name\" content=\"Morocco Express Tours\" \/>\n<meta property=\"article:modified_time\" content=\"2022-12-13T21:06:01+00:00\" \/>\n<meta property=\"og:image\" content=\"https:\/\/moroccoexpresstours.com\/wp-content\/uploads\/2021\/01\/palais-dar-jamai.jpg\" \/>\n\t<meta property=\"og:image:width\" content=\"640\" \/>\n\t<meta property=\"og:image:height\" content=\"427\" \/>\n\t<meta property=\"og:image:type\" content=\"image\/jpeg\" \/>\n<meta name=\"twitter:card\" content=\"summary_large_image\" \/>\n<meta name=\"twitter:label1\" content=\"Tiempo de lectura\" \/>\n\t<meta name=\"twitter:data1\" content=\"1 minuto\" \/>\n<script type=\"application\/ld+json\" class=\"yoast-schema-graph\">{\"@context\":\"https:\\\/\\\/schema.org\",\"@graph\":[{\"@type\":\"WebPage\",\"@id\":\"https:\\\/\\\/moroccoexpresstours.com\\\/product\\\/6-days-imperial-cities-trip-from-marrakech\\\/\",\"url\":\"https:\\\/\\\/moroccoexpresstours.com\\\/product\\\/6-days-imperial-cities-trip-from-marrakech\\\/\",\"name\":\"6 Days Imperial Cities Trip from Marrakech - Morocco Express Tours\",\"isPartOf\":{\"@id\":\"https:\\\/\\\/moroccoexpresstours.com\\\/#website\"},\"primaryImageOfPage\":{\"@id\":\"https:\\\/\\\/moroccoexpresstours.com\\\/product\\\/6-days-imperial-cities-trip-from-marrakech\\\/#primaryimage\"},\"image\":{\"@id\":\"https:\\\/\\\/moroccoexpresstours.com\\\/product\\\/6-days-imperial-cities-trip-from-marrakech\\\/#primaryimage\"},\"thumbnailUrl\":\"https:\\\/\\\/i0.wp.com\\\/moroccoexpresstours.com\\\/wp-content\\\/uploads\\\/2021\\\/01\\\/palais-dar-jamai.jpg?fit=640%2C427&ssl=1\",\"datePublished\":\"2021-01-04T12:21:47+00:00\",\"dateModified\":\"2022-12-13T21:06:01+00:00\",\"description\":\"Discover the imperial cities from Marrakech, a 6-day circuit that will leave us open-mouthed to learn the true history of Morocco.\",\"breadcrumb\":{\"@id\":\"https:\\\/\\\/moroccoexpresstours.com\\\/product\\\/6-days-imperial-cities-trip-from-marrakech\\\/#breadcrumb\"},\"inLanguage\":\"es\",\"potentialAction\":[{\"@type\":\"ReadAction\",\"target\":[\"https:\\\/\\\/moroccoexpresstours.com\\\/product\\\/6-days-imperial-cities-trip-from-marrakech\\\/\"]}]},{\"@type\":\"ImageObject\",\"inLanguage\":\"es\",\"@id\":\"https:\\\/\\\/moroccoexpresstours.com\\\/product\\\/6-days-imperial-cities-trip-from-marrakech\\\/#primaryimage\",\"url\":\"https:\\\/\\\/i0.wp.com\\\/moroccoexpresstours.com\\\/wp-content\\\/uploads\\\/2021\\\/01\\\/palais-dar-jamai.jpg?fit=640%2C427&ssl=1\",\"contentUrl\":\"https:\\\/\\\/i0.wp.com\\\/moroccoexpresstours.com\\\/wp-content\\\/uploads\\\/2021\\\/01\\\/palais-dar-jamai.jpg?fit=640%2C427&ssl=1\",\"width\":640,\"height\":427,\"caption\":\"imperial\"},{\"@type\":\"BreadcrumbList\",\"@id\":\"https:\\\/\\\/moroccoexpresstours.com\\\/product\\\/6-days-imperial-cities-trip-from-marrakech\\\/#breadcrumb\",\"itemListElement\":[{\"@type\":\"ListItem\",\"position\":1,\"name\":\"Portada\",\"item\":\"https:\\\/\\\/moroccoexpresstours.com\\\/\"},{\"@type\":\"ListItem\",\"position\":2,\"name\":\"Products\",\"item\":\"https:\\\/\\\/moroccoexpresstours.com\\\/shop\\\/\"},{\"@type\":\"ListItem\",\"position\":3,\"name\":\"6 Days Imperial Cities Trip from Marrakech\"}]},{\"@type\":\"WebSite\",\"@id\":\"https:\\\/\\\/moroccoexpresstours.com\\\/#website\",\"url\":\"https:\\\/\\\/moroccoexpresstours.com\\\/\",\"name\":\"Morocco Express Tours\",\"description\":\"Trips to Morocco desert tours\",\"potentialAction\":[{\"@type\":\"SearchAction\",\"target\":{\"@type\":\"EntryPoint\",\"urlTemplate\":\"https:\\\/\\\/moroccoexpresstours.com\\\/?s={search_term_string}\"},\"query-input\":{\"@type\":\"PropertyValueSpecification\",\"valueRequired\":true,\"valueName\":\"search_term_string\"}}],\"inLanguage\":\"es\"}]}<\/script>\n<!-- \/ Yoast SEO plugin. -->","yoast_head_json":{"title":"6 Days Imperial Cities Trip from Marrakech - Morocco Express Tours","description":"Descubre las ciudades imperiales desde Marrakech, un circuito de 6 d\u00edas que nos dejar\u00e1 con la boca abierta para conocer la verdadera historia de Marruecos.","robots":{"index":"index","follow":"follow","max-snippet":"max-snippet:-1","max-image-preview":"max-image-preview:large","max-video-preview":"max-video-preview:-1"},"canonical":"https:\/\/moroccoexpresstours.com\/es\/producto\/6-days-imperial-cities-trip-from-marrakech\/","og_locale":"es_ES","og_type":"article","og_title":"6 Days Imperial Cities Trip from Marrakech - Morocco Express Tours","og_description":"Discover the imperial cities from Marrakech, a 6-day circuit that will leave us open-mouthed to learn the true history of Morocco.","og_url":"https:\/\/moroccoexpresstours.com\/es\/producto\/6-days-imperial-cities-trip-from-marrakech\/","og_site_name":"Morocco Express Tours","article_modified_time":"2022-12-13T21:06:01+00:00","og_image":[{"width":640,"height":427,"url":"https:\/\/moroccoexpresstours.com\/wp-content\/uploads\/2021\/01\/palais-dar-jamai.jpg","type":"image\/jpeg"}],"twitter_card":"summary_large_image","twitter_misc":{"Tiempo de lectura":"1 minuto"},"schema":{"@context":"https:\/\/schema.org","@graph":[{"@type":"WebPage","@id":"https:\/\/moroccoexpresstours.com\/product\/6-days-imperial-cities-trip-from-marrakech\/","url":"https:\/\/moroccoexpresstours.com\/product\/6-days-imperial-cities-trip-from-marrakech\/","name":"6 Days Imperial Cities Trip from Marrakech - Morocco Express Tours","isPartOf":{"@id":"https:\/\/moroccoexpresstours.com\/#website"},"primaryImageOfPage":{"@id":"https:\/\/moroccoexpresstours.com\/product\/6-days-imperial-cities-trip-from-marrakech\/#primaryimage"},"image":{"@id":"https:\/\/moroccoexpresstours.com\/product\/6-days-imperial-cities-trip-from-marrakech\/#primaryimage"},"thumbnailUrl":"https:\/\/i0.wp.com\/moroccoexpresstours.com\/wp-content\/uploads\/2021\/01\/palais-dar-jamai.jpg?fit=640%2C427&ssl=1","datePublished":"2021-01-04T12:21:47+00:00","dateModified":"2022-12-13T21:06:01+00:00","description":"Descubre las ciudades imperiales desde Marrakech, un circuito de 6 d\u00edas que nos dejar\u00e1 con la boca abierta para conocer la verdadera historia de Marruecos.","breadcrumb":{"@id":"https:\/\/moroccoexpresstours.com\/product\/6-days-imperial-cities-trip-from-marrakech\/#breadcrumb"},"inLanguage":"es","potentialAction":[{"@type":"ReadAction","target":["https:\/\/moroccoexpresstours.com\/product\/6-days-imperial-cities-trip-from-marrakech\/"]}]},{"@type":"ImageObject","inLanguage":"es","@id":"https:\/\/moroccoexpresstours.com\/product\/6-days-imperial-cities-trip-from-marrakech\/#primaryimage","url":"https:\/\/i0.wp.com\/moroccoexpresstours.com\/wp-content\/uploads\/2021\/01\/palais-dar-jamai.jpg?fit=640%2C427&ssl=1","contentUrl":"https:\/\/i0.wp.com\/moroccoexpresstours.com\/wp-content\/uploads\/2021\/01\/palais-dar-jamai.jpg?fit=640%2C427&ssl=1","width":640,"height":427,"caption":"imperial"},{"@type":"BreadcrumbList","@id":"https:\/\/moroccoexpresstours.com\/product\/6-days-imperial-cities-trip-from-marrakech\/#breadcrumb","itemListElement":[{"@type":"ListItem","position":1,"name":"Portada","item":"https:\/\/moroccoexpresstours.com\/"},{"@type":"ListItem","position":2,"name":"Products","item":"https:\/\/moroccoexpresstours.com\/shop\/"},{"@type":"ListItem","position":3,"name":"6 Days Imperial Cities Trip from Marrakech"}]},{"@type":"WebSite","@id":"https:\/\/moroccoexpresstours.com\/#website","url":"https:\/\/moroccoexpresstours.com\/","name":"Morocco Express Tours","description":"Trips to Morocco desert tours","potentialAction":[{"@type":"SearchAction","target":{"@type":"EntryPoint","urlTemplate":"https:\/\/moroccoexpresstours.com\/?s={search_term_string}"},"query-input":{"@type":"PropertyValueSpecification","valueRequired":true,"valueName":"search_term_string"}}],"inLanguage":"es"}]}},"jetpack_sharing_enabled":true,"_links":{"self":[{"href":"https:\/\/moroccoexpresstours.com\/es\/wp-json\/wp\/v2\/product\/1158","targetHints":{"allow":["GET"]}}],"collection":[{"href":"https:\/\/moroccoexpresstours.com\/es\/wp-json\/wp\/v2\/product"}],"about":[{"href":"https:\/\/moroccoexpresstours.com\/es\/wp-json\/wp\/v2\/types\/product"}],"replies":[{"embeddable":true,"href":"https:\/\/moroccoexpresstours.com\/es\/wp-json\/wp\/v2\/comments?post=1158"}],"wp:featuredmedia":[{"embeddable":true,"href":"https:\/\/moroccoexpresstours.com\/es\/wp-json\/wp\/v2\/media\/1159"}],"wp:attachment":[{"href":"https:\/\/moroccoexpresstours.com\/es\/wp-json\/wp\/v2\/media?parent=1158"}],"wp:term":[{"taxonomy":"product_brand","embeddable":true,"href":"https:\/\/moroccoexpresstours.com\/es\/wp-json\/wp\/v2\/product_brand?post=1158"},{"taxonomy":"product_cat","embeddable":true,"href":"https:\/\/moroccoexpresstours.com\/es\/wp-json\/wp\/v2\/product_cat?post=1158"},{"taxonomy":"product_tag","embeddable":true,"href":"https:\/\/moroccoexpresstours.com\/es\/wp-json\/wp\/v2\/product_tag?post=1158"}],"curies":[{"name":"wp","href":"https:\/\/api.w.org\/{rel}","templated":true}]}}