{"id":1161,"date":"2021-01-04T12:59:05","date_gmt":"2021-01-04T12:59:05","guid":{"rendered":"https:\/\/moroccoexpresstours.com\/?post_type=product&#038;p=1161"},"modified":"2021-03-26T15:40:13","modified_gmt":"2021-03-26T15:40:13","slug":"9-days-tour-imperial-cities-and-desert-of-merzouga","status":"publish","type":"product","link":"https:\/\/moroccoexpresstours.com\/tours\/9-days-tour-imperial-cities-and-desert-of-merzouga","title":{"rendered":"9 D\u00edas - Tour Ciudades Imperiales y Desierto de Merzouga"},"content":{"rendered":"<p><a href=\"https:\/\/moroccoexpresstours.com\/es\/\">Discover Magic Tours<\/a> through an ancient knowing the cities of Marrakech, Fez, Casablanca, Rabat and Meknes. Dromedary ride through the dunes of Merzouga. Sleep in a <a href=\"https:\/\/en.wikipedia.org\/wiki\/Berbers\">Berber<\/a> tent under a sky of billions of stars.<\/p>\n<p>Descubre las ciudades imperiales desde Marrakech, un circuito de 9 d\u00edas que nos dejar\u00e1 con la boca abierta para conocer la verdadera historia de Marruecos.<\/p>\n<p>&nbsp;<\/p>\n<table class=\"tours-tabs_table\">\n<tbody>\n<tr>\n<td><strong>INCLUIDO<\/strong><\/td>\n<td>\n<table>\n<tbody>\n<tr>\n<td><i class=\"fa fa-check icon-tick icon-tick--on\"><\/i>Hoteles y alojamiento<\/td>\n<td><i class=\"fa fa-check icon-tick icon-tick--on\"><\/i>C\u00f3modo veh\u00edculo 4 \u00d7 4 \/ minib\u00fas con aire acondicionado<\/td>\n<\/tr>\n<tr>\n<td><i class=\"fa fa-check icon-tick icon-tick--on\"><\/i>Conductor multiling\u00fce ingl\u00e9s\/espa\u00f1ol\/italiano\/franc\u00e9s<\/td>\n<td><i class=\"fa fa-check icon-tick icon-tick--on\"><\/i>Recogida y regreso al aeropuerto \/ hotel \/ Riad.<\/td>\n<\/tr>\n<tr>\n<td><i class=\"fa fa-check icon-tick icon-tick--on\"><\/i>Gu\u00edas locales<\/td>\n<td><i class=\"fa fa-check icon-tick icon-tick--on\"><\/i>Combustible y estacionamiento<\/td>\n<\/tr>\n<tr>\n<td><i class=\"fa fa-check icon-tick icon-tick--on\"><\/i>3 cenas en el desierto<\/td>\n<td><i class=\"fa fa-check icon-tick icon-tick--on\"><\/i>Desayuno<\/td>\n<\/tr>\n<\/tbody>\n<\/table>\n<\/td>\n<\/tr>\n<tr>\n<td><b>NO INCLUIDO<\/b><\/td>\n<td>\n<table>\n<tbody>\n<tr>\n<td><i class=\"fa fa-times icon-tick icon-tick--off\"><\/i>Boletos de avi\u00f3n y visa<\/td>\n<\/tr>\n<tr>\n<td><i class=\"fa fa-times icon-tick icon-tick--off\"><\/i>Entradas a monumentos y museos<\/td>\n<\/tr>\n<tr>\n<td><i class=\"fa fa-times icon-tick icon-tick--off\"><\/i>Gastos personales<\/td>\n<\/tr>\n<tr>\n<td><i class=\"fa fa-times icon-tick icon-tick--off\"><\/i>Consejos para guiar y conducir<\/td>\n<\/tr>\n<\/tbody>\n<\/table>\n<\/td>\n<\/tr>\n<\/tbody>\n<\/table>","protected":false},"excerpt":{"rendered":"<p>Descubre las ciudades imperiales desde Marrakech, un circuito de 9 d\u00edas que nos dejar\u00e1 con la boca abierta para conocer la verdadera historia de Marruecos.<\/p>","protected":false},"featured_media":1166,"comment_status":"closed","ping_status":"closed","template":"","meta":{"om_disable_all_campaigns":false},"product_brand":[],"product_cat":[],"product_tag":[],"class_list":{"0":"post-1161","1":"product","2":"type-product","3":"status-publish","4":"has-post-thumbnail","6":"tour_phys-tours-from-marrakech","8":"first","9":"instock","10":"shipping-taxable","11":"product-type-tour_phys"},"yoast_head":"<!-- This site is optimized with the Yoast SEO plugin v27.3 - https:\/\/yoast.com\/product\/yoast-seo-wordpress\/ -->\n<title>9 Days - Tour Imperial Cities and Desert of Merzouga<\/title>\n<meta name=\"description\" content=\"Discover the imperial cities from Marrakech, 9 days circuit that will leave us open-mouthed to learn the true history of Morocco.\" \/>\n<meta name=\"robots\" content=\"index, follow, max-snippet:-1, max-image-preview:large, max-video-preview:-1\" \/>\n<link rel=\"canonical\" href=\"https:\/\/moroccoexpresstours.com\/es\/producto\/9-days-tour-imperial-cities-and-desert-of-merzouga\/\" \/>\n<meta property=\"og:locale\" content=\"es_ES\" \/>\n<meta property=\"og:type\" content=\"article\" \/>\n<meta property=\"og:title\" content=\"9 Days - Tour Imperial Cities and Desert of Merzouga\" \/>\n<meta property=\"og:description\" content=\"Discover the imperial cities from Marrakech, 9 days circuit that will leave us open-mouthed to learn the true history of Morocco.\" \/>\n<meta property=\"og:url\" content=\"https:\/\/moroccoexpresstours.com\/es\/producto\/9-days-tour-imperial-cities-and-desert-of-merzouga\/\" \/>\n<meta property=\"og:site_name\" content=\"Morocco Express Tours\" \/>\n<meta property=\"article:modified_time\" content=\"2021-03-26T15:40:13+00:00\" \/>\n<meta property=\"og:image\" content=\"https:\/\/moroccoexpresstours.com\/wp-content\/uploads\/2021\/01\/916c7e45-921e-4536-b853-8adf7c16bcbe.jpg\" \/>\n\t<meta property=\"og:image:width\" content=\"1650\" \/>\n\t<meta property=\"og:image:height\" content=\"1100\" \/>\n\t<meta property=\"og:image:type\" content=\"image\/jpeg\" \/>\n<meta name=\"twitter:card\" content=\"summary_large_image\" \/>\n<meta name=\"twitter:label1\" content=\"Tiempo de lectura\" \/>\n\t<meta name=\"twitter:data1\" content=\"1 minuto\" \/>\n<script type=\"application\/ld+json\" class=\"yoast-schema-graph\">{\"@context\":\"https:\\\/\\\/schema.org\",\"@graph\":[{\"@type\":\"WebPage\",\"@id\":\"https:\\\/\\\/moroccoexpresstours.com\\\/product\\\/9-days-tour-imperial-cities-and-desert-of-merzouga\\\/\",\"url\":\"https:\\\/\\\/moroccoexpresstours.com\\\/product\\\/9-days-tour-imperial-cities-and-desert-of-merzouga\\\/\",\"name\":\"9 Days - Tour Imperial Cities and Desert of Merzouga\",\"isPartOf\":{\"@id\":\"https:\\\/\\\/moroccoexpresstours.com\\\/#website\"},\"primaryImageOfPage\":{\"@id\":\"https:\\\/\\\/moroccoexpresstours.com\\\/product\\\/9-days-tour-imperial-cities-and-desert-of-merzouga\\\/#primaryimage\"},\"image\":{\"@id\":\"https:\\\/\\\/moroccoexpresstours.com\\\/product\\\/9-days-tour-imperial-cities-and-desert-of-merzouga\\\/#primaryimage\"},\"thumbnailUrl\":\"https:\\\/\\\/i0.wp.com\\\/moroccoexpresstours.com\\\/wp-content\\\/uploads\\\/2021\\\/01\\\/916c7e45-921e-4536-b853-8adf7c16bcbe.jpg?fit=1650%2C1100&ssl=1\",\"datePublished\":\"2021-01-04T12:59:05+00:00\",\"dateModified\":\"2021-03-26T15:40:13+00:00\",\"description\":\"Discover the imperial cities from Marrakech, 9 days circuit that will leave us open-mouthed to learn the true history of Morocco.\",\"breadcrumb\":{\"@id\":\"https:\\\/\\\/moroccoexpresstours.com\\\/product\\\/9-days-tour-imperial-cities-and-desert-of-merzouga\\\/#breadcrumb\"},\"inLanguage\":\"es\",\"potentialAction\":[{\"@type\":\"ReadAction\",\"target\":[\"https:\\\/\\\/moroccoexpresstours.com\\\/product\\\/9-days-tour-imperial-cities-and-desert-of-merzouga\\\/\"]}]},{\"@type\":\"ImageObject\",\"inLanguage\":\"es\",\"@id\":\"https:\\\/\\\/moroccoexpresstours.com\\\/product\\\/9-days-tour-imperial-cities-and-desert-of-merzouga\\\/#primaryimage\",\"url\":\"https:\\\/\\\/i0.wp.com\\\/moroccoexpresstours.com\\\/wp-content\\\/uploads\\\/2021\\\/01\\\/916c7e45-921e-4536-b853-8adf7c16bcbe.jpg?fit=1650%2C1100&ssl=1\",\"contentUrl\":\"https:\\\/\\\/i0.wp.com\\\/moroccoexpresstours.com\\\/wp-content\\\/uploads\\\/2021\\\/01\\\/916c7e45-921e-4536-b853-8adf7c16bcbe.jpg?fit=1650%2C1100&ssl=1\",\"width\":1650,\"height\":1100,\"caption\":\"imperial tour from marrakech\"},{\"@type\":\"BreadcrumbList\",\"@id\":\"https:\\\/\\\/moroccoexpresstours.com\\\/product\\\/9-days-tour-imperial-cities-and-desert-of-merzouga\\\/#breadcrumb\",\"itemListElement\":[{\"@type\":\"ListItem\",\"position\":1,\"name\":\"Portada\",\"item\":\"https:\\\/\\\/moroccoexpresstours.com\\\/\"},{\"@type\":\"ListItem\",\"position\":2,\"name\":\"Products\",\"item\":\"https:\\\/\\\/moroccoexpresstours.com\\\/shop\\\/\"},{\"@type\":\"ListItem\",\"position\":3,\"name\":\"9 Days &#8211; Tour Imperial Cities and Desert of Merzouga\"}]},{\"@type\":\"WebSite\",\"@id\":\"https:\\\/\\\/moroccoexpresstours.com\\\/#website\",\"url\":\"https:\\\/\\\/moroccoexpresstours.com\\\/\",\"name\":\"Morocco Express Tours\",\"description\":\"Trips to Morocco desert tours\",\"potentialAction\":[{\"@type\":\"SearchAction\",\"target\":{\"@type\":\"EntryPoint\",\"urlTemplate\":\"https:\\\/\\\/moroccoexpresstours.com\\\/?s={search_term_string}\"},\"query-input\":{\"@type\":\"PropertyValueSpecification\",\"valueRequired\":true,\"valueName\":\"search_term_string\"}}],\"inLanguage\":\"es\"}]}<\/script>\n<!-- \/ Yoast SEO plugin. -->","yoast_head_json":{"title":"9 Days - Tour Imperial Cities and Desert of Merzouga","description":"Discover the imperial cities from Marrakech, 9 days circuit that will leave us open-mouthed to learn the true history of Morocco.","robots":{"index":"index","follow":"follow","max-snippet":"max-snippet:-1","max-image-preview":"max-image-preview:large","max-video-preview":"max-video-preview:-1"},"canonical":"https:\/\/moroccoexpresstours.com\/es\/producto\/9-days-tour-imperial-cities-and-desert-of-merzouga\/","og_locale":"es_ES","og_type":"article","og_title":"9 Days - Tour Imperial Cities and Desert of Merzouga","og_description":"Discover the imperial cities from Marrakech, 9 days circuit that will leave us open-mouthed to learn the true history of Morocco.","og_url":"https:\/\/moroccoexpresstours.com\/es\/producto\/9-days-tour-imperial-cities-and-desert-of-merzouga\/","og_site_name":"Morocco Express Tours","article_modified_time":"2021-03-26T15:40:13+00:00","og_image":[{"width":1650,"height":1100,"url":"https:\/\/moroccoexpresstours.com\/wp-content\/uploads\/2021\/01\/916c7e45-921e-4536-b853-8adf7c16bcbe.jpg","type":"image\/jpeg"}],"twitter_card":"summary_large_image","twitter_misc":{"Tiempo de lectura":"1 minuto"},"schema":{"@context":"https:\/\/schema.org","@graph":[{"@type":"WebPage","@id":"https:\/\/moroccoexpresstours.com\/product\/9-days-tour-imperial-cities-and-desert-of-merzouga\/","url":"https:\/\/moroccoexpresstours.com\/product\/9-days-tour-imperial-cities-and-desert-of-merzouga\/","name":"9 Days - Tour Imperial Cities and Desert of Merzouga","isPartOf":{"@id":"https:\/\/moroccoexpresstours.com\/#website"},"primaryImageOfPage":{"@id":"https:\/\/moroccoexpresstours.com\/product\/9-days-tour-imperial-cities-and-desert-of-merzouga\/#primaryimage"},"image":{"@id":"https:\/\/moroccoexpresstours.com\/product\/9-days-tour-imperial-cities-and-desert-of-merzouga\/#primaryimage"},"thumbnailUrl":"https:\/\/i0.wp.com\/moroccoexpresstours.com\/wp-content\/uploads\/2021\/01\/916c7e45-921e-4536-b853-8adf7c16bcbe.jpg?fit=1650%2C1100&ssl=1","datePublished":"2021-01-04T12:59:05+00:00","dateModified":"2021-03-26T15:40:13+00:00","description":"Discover the imperial cities from Marrakech, 9 days circuit that will leave us open-mouthed to learn the true history of Morocco.","breadcrumb":{"@id":"https:\/\/moroccoexpresstours.com\/product\/9-days-tour-imperial-cities-and-desert-of-merzouga\/#breadcrumb"},"inLanguage":"es","potentialAction":[{"@type":"ReadAction","target":["https:\/\/moroccoexpresstours.com\/product\/9-days-tour-imperial-cities-and-desert-of-merzouga\/"]}]},{"@type":"ImageObject","inLanguage":"es","@id":"https:\/\/moroccoexpresstours.com\/product\/9-days-tour-imperial-cities-and-desert-of-merzouga\/#primaryimage","url":"https:\/\/i0.wp.com\/moroccoexpresstours.com\/wp-content\/uploads\/2021\/01\/916c7e45-921e-4536-b853-8adf7c16bcbe.jpg?fit=1650%2C1100&ssl=1","contentUrl":"https:\/\/i0.wp.com\/moroccoexpresstours.com\/wp-content\/uploads\/2021\/01\/916c7e45-921e-4536-b853-8adf7c16bcbe.jpg?fit=1650%2C1100&ssl=1","width":1650,"height":1100,"caption":"imperial tour from marrakech"},{"@type":"BreadcrumbList","@id":"https:\/\/moroccoexpresstours.com\/product\/9-days-tour-imperial-cities-and-desert-of-merzouga\/#breadcrumb","itemListElement":[{"@type":"ListItem","position":1,"name":"Portada","item":"https:\/\/moroccoexpresstours.com\/"},{"@type":"ListItem","position":2,"name":"Products","item":"https:\/\/moroccoexpresstours.com\/shop\/"},{"@type":"ListItem","position":3,"name":"9 Days &#8211; Tour Imperial Cities and Desert of Merzouga"}]},{"@type":"WebSite","@id":"https:\/\/moroccoexpresstours.com\/#website","url":"https:\/\/moroccoexpresstours.com\/","name":"Morocco Express Tours","description":"Trips to Morocco desert tours","potentialAction":[{"@type":"SearchAction","target":{"@type":"EntryPoint","urlTemplate":"https:\/\/moroccoexpresstours.com\/?s={search_term_string}"},"query-input":{"@type":"PropertyValueSpecification","valueRequired":true,"valueName":"search_term_string"}}],"inLanguage":"es"}]}},"jetpack_sharing_enabled":true,"_links":{"self":[{"href":"https:\/\/moroccoexpresstours.com\/es\/wp-json\/wp\/v2\/product\/1161","targetHints":{"allow":["GET"]}}],"collection":[{"href":"https:\/\/moroccoexpresstours.com\/es\/wp-json\/wp\/v2\/product"}],"about":[{"href":"https:\/\/moroccoexpresstours.com\/es\/wp-json\/wp\/v2\/types\/product"}],"replies":[{"embeddable":true,"href":"https:\/\/moroccoexpresstours.com\/es\/wp-json\/wp\/v2\/comments?post=1161"}],"wp:featuredmedia":[{"embeddable":true,"href":"https:\/\/moroccoexpresstours.com\/es\/wp-json\/wp\/v2\/media\/1166"}],"wp:attachment":[{"href":"https:\/\/moroccoexpresstours.com\/es\/wp-json\/wp\/v2\/media?parent=1161"}],"wp:term":[{"taxonomy":"product_brand","embeddable":true,"href":"https:\/\/moroccoexpresstours.com\/es\/wp-json\/wp\/v2\/product_brand?post=1161"},{"taxonomy":"product_cat","embeddable":true,"href":"https:\/\/moroccoexpresstours.com\/es\/wp-json\/wp\/v2\/product_cat?post=1161"},{"taxonomy":"product_tag","embeddable":true,"href":"https:\/\/moroccoexpresstours.com\/es\/wp-json\/wp\/v2\/product_tag?post=1161"}],"curies":[{"name":"wp","href":"https:\/\/api.w.org\/{rel}","templated":true}]}}