{"id":1260,"date":"2021-01-13T09:26:21","date_gmt":"2021-01-13T09:26:21","guid":{"rendered":"https:\/\/moroccoexpresstours.com\/?post_type=product&#038;p=1260"},"modified":"2021-05-30T01:18:26","modified_gmt":"2021-05-30T01:18:26","slug":"holy-week-in-morocco","status":"publish","type":"product","link":"https:\/\/moroccoexpresstours.com\/tours\/holy-week-in-morocco","title":{"rendered":"Semana Santa en Marruecos"},"content":{"rendered":"<div class=\"wpb_text_column wpb_content_element\">\n<div class=\"wpb_wrapper\">\n<p>La Semana Santa es una fiesta religiosa que se espera cada a\u00f1o con ilusi\u00f3n y esperanza. Todo el mundo empieza a pensar en c\u00f3mo pasar este per\u00edodo maravilloso y un tanto m\u00e1gico. A menudo, alguien est\u00e1 en casa con su familia, alguien pasa tiempo con sus amigos y otros est\u00e1n pensando en viajar.<\/p>\n<p>Queremos invitarte a pasar la Semana Santa en Marruecos. Tendr\u00e1 la \u00fanica oportunidad de visitar las ciudades imperiales, conocer la historia y la cultura especial de Marruecos. Maravillosas ciudades de gran historia como Fez, Marrakech, Ouarzazate te sorprender\u00e1n con algunos monumentos de arquitectura espectacular que hasta ahora guardan un esp\u00edritu de antig\u00fcedad.<\/p>\n<p>&nbsp;<\/p>\n<\/div>\n<\/div>","protected":false},"excerpt":{"rendered":"<p>Holy Week is a religious festival that is expected each year with enthusiasm and hope.<\/p>","protected":false},"featured_media":1262,"comment_status":"closed","ping_status":"closed","template":"","meta":{"om_disable_all_campaigns":false},"product_brand":[],"product_cat":[],"product_tag":[],"class_list":{"0":"post-1260","1":"product","2":"type-product","3":"status-publish","4":"has-post-thumbnail","6":"tour_phys-official-blog","8":"first","9":"instock","10":"shipping-taxable","11":"product-type-tour_phys"},"yoast_head":"<!-- This site is optimized with the Yoast SEO plugin v27.2 - https:\/\/yoast.com\/product\/yoast-seo-wordpress\/ -->\n<title>Holy Week in Morocco - Morocco Express Tours<\/title>\n<meta name=\"description\" content=\"Holy Week is a religious festival that is expected each year with enthusiasm and hope. Everyone begins to think about how to spend...\" \/>\n<meta name=\"robots\" content=\"index, follow, max-snippet:-1, max-image-preview:large, max-video-preview:-1\" \/>\n<link rel=\"canonical\" href=\"https:\/\/moroccoexpresstours.com\/es\/producto\/holy-week-in-morocco\/\" \/>\n<meta property=\"og:locale\" content=\"es_ES\" \/>\n<meta property=\"og:type\" content=\"article\" \/>\n<meta property=\"og:title\" content=\"Holy Week in Morocco - Morocco Express Tours\" \/>\n<meta property=\"og:description\" content=\"Holy Week is a religious festival that is expected each year with enthusiasm and hope. Everyone begins to think about how to spend...\" \/>\n<meta property=\"og:url\" content=\"https:\/\/moroccoexpresstours.com\/es\/producto\/holy-week-in-morocco\/\" \/>\n<meta property=\"og:site_name\" content=\"Morocco Express Tours\" \/>\n<meta property=\"article:modified_time\" content=\"2021-05-30T01:18:26+00:00\" \/>\n<meta property=\"og:image\" content=\"https:\/\/moroccoexpresstours.com\/wp-content\/uploads\/2021\/01\/morocco-edits-CDD-23.jpg\" \/>\n\t<meta property=\"og:image:width\" content=\"1300\" \/>\n\t<meta property=\"og:image:height\" content=\"867\" \/>\n\t<meta property=\"og:image:type\" content=\"image\/jpeg\" \/>\n<meta name=\"twitter:card\" content=\"summary_large_image\" \/>\n<meta name=\"twitter:label1\" content=\"Tiempo de lectura\" \/>\n\t<meta name=\"twitter:data1\" content=\"1 minuto\" \/>\n<script type=\"application\/ld+json\" class=\"yoast-schema-graph\">{\"@context\":\"https:\/\/schema.org\",\"@graph\":[{\"@type\":\"WebPage\",\"@id\":\"https:\/\/moroccoexpresstours.com\/product\/holy-week-in-morocco\/\",\"url\":\"https:\/\/moroccoexpresstours.com\/product\/holy-week-in-morocco\/\",\"name\":\"Holy Week in Morocco - Morocco Express Tours\",\"isPartOf\":{\"@id\":\"https:\/\/moroccoexpresstours.com\/#website\"},\"primaryImageOfPage\":{\"@id\":\"https:\/\/moroccoexpresstours.com\/product\/holy-week-in-morocco\/#primaryimage\"},\"image\":{\"@id\":\"https:\/\/moroccoexpresstours.com\/product\/holy-week-in-morocco\/#primaryimage\"},\"thumbnailUrl\":\"https:\/\/i0.wp.com\/moroccoexpresstours.com\/wp-content\/uploads\/2021\/01\/morocco-edits-CDD-23.jpg?fit=1300%2C867&ssl=1\",\"datePublished\":\"2021-01-13T09:26:21+00:00\",\"dateModified\":\"2021-05-30T01:18:26+00:00\",\"description\":\"Holy Week is a religious festival that is expected each year with enthusiasm and hope. Everyone begins to think about how to spend...\",\"breadcrumb\":{\"@id\":\"https:\/\/moroccoexpresstours.com\/product\/holy-week-in-morocco\/#breadcrumb\"},\"inLanguage\":\"es\",\"potentialAction\":[{\"@type\":\"ReadAction\",\"target\":[\"https:\/\/moroccoexpresstours.com\/product\/holy-week-in-morocco\/\"]}]},{\"@type\":\"ImageObject\",\"inLanguage\":\"es\",\"@id\":\"https:\/\/moroccoexpresstours.com\/product\/holy-week-in-morocco\/#primaryimage\",\"url\":\"https:\/\/i0.wp.com\/moroccoexpresstours.com\/wp-content\/uploads\/2021\/01\/morocco-edits-CDD-23.jpg?fit=1300%2C867&ssl=1\",\"contentUrl\":\"https:\/\/i0.wp.com\/moroccoexpresstours.com\/wp-content\/uploads\/2021\/01\/morocco-edits-CDD-23.jpg?fit=1300%2C867&ssl=1\",\"width\":1300,\"height\":867,\"caption\":\"morocco\"},{\"@type\":\"BreadcrumbList\",\"@id\":\"https:\/\/moroccoexpresstours.com\/product\/holy-week-in-morocco\/#breadcrumb\",\"itemListElement\":[{\"@type\":\"ListItem\",\"position\":1,\"name\":\"Portada\",\"item\":\"https:\/\/moroccoexpresstours.com\/\"},{\"@type\":\"ListItem\",\"position\":2,\"name\":\"Products\",\"item\":\"https:\/\/moroccoexpresstours.com\/shop\/\"},{\"@type\":\"ListItem\",\"position\":3,\"name\":\"Holy Week in Morocco\"}]},{\"@type\":\"WebSite\",\"@id\":\"https:\/\/moroccoexpresstours.com\/#website\",\"url\":\"https:\/\/moroccoexpresstours.com\/\",\"name\":\"Morocco Express Tours\",\"description\":\"Trips to Morocco desert tours\",\"potentialAction\":[{\"@type\":\"SearchAction\",\"target\":{\"@type\":\"EntryPoint\",\"urlTemplate\":\"https:\/\/moroccoexpresstours.com\/?s={search_term_string}\"},\"query-input\":{\"@type\":\"PropertyValueSpecification\",\"valueRequired\":true,\"valueName\":\"search_term_string\"}}],\"inLanguage\":\"es\"}]}<\/script>\n<!-- \/ Yoast SEO plugin. -->","yoast_head_json":{"title":"Holy Week in Morocco - Morocco Express Tours","description":"Holy Week is a religious festival that is expected each year with enthusiasm and hope. Everyone begins to think about how to spend...","robots":{"index":"index","follow":"follow","max-snippet":"max-snippet:-1","max-image-preview":"max-image-preview:large","max-video-preview":"max-video-preview:-1"},"canonical":"https:\/\/moroccoexpresstours.com\/es\/producto\/holy-week-in-morocco\/","og_locale":"es_ES","og_type":"article","og_title":"Holy Week in Morocco - Morocco Express Tours","og_description":"Holy Week is a religious festival that is expected each year with enthusiasm and hope. Everyone begins to think about how to spend...","og_url":"https:\/\/moroccoexpresstours.com\/es\/producto\/holy-week-in-morocco\/","og_site_name":"Morocco Express Tours","article_modified_time":"2021-05-30T01:18:26+00:00","og_image":[{"width":1300,"height":867,"url":"https:\/\/moroccoexpresstours.com\/wp-content\/uploads\/2021\/01\/morocco-edits-CDD-23.jpg","type":"image\/jpeg"}],"twitter_card":"summary_large_image","twitter_misc":{"Tiempo de lectura":"1 minuto"},"schema":{"@context":"https:\/\/schema.org","@graph":[{"@type":"WebPage","@id":"https:\/\/moroccoexpresstours.com\/product\/holy-week-in-morocco\/","url":"https:\/\/moroccoexpresstours.com\/product\/holy-week-in-morocco\/","name":"Holy Week in Morocco - Morocco Express Tours","isPartOf":{"@id":"https:\/\/moroccoexpresstours.com\/#website"},"primaryImageOfPage":{"@id":"https:\/\/moroccoexpresstours.com\/product\/holy-week-in-morocco\/#primaryimage"},"image":{"@id":"https:\/\/moroccoexpresstours.com\/product\/holy-week-in-morocco\/#primaryimage"},"thumbnailUrl":"https:\/\/i0.wp.com\/moroccoexpresstours.com\/wp-content\/uploads\/2021\/01\/morocco-edits-CDD-23.jpg?fit=1300%2C867&ssl=1","datePublished":"2021-01-13T09:26:21+00:00","dateModified":"2021-05-30T01:18:26+00:00","description":"Holy Week is a religious festival that is expected each year with enthusiasm and hope. Everyone begins to think about how to spend...","breadcrumb":{"@id":"https:\/\/moroccoexpresstours.com\/product\/holy-week-in-morocco\/#breadcrumb"},"inLanguage":"es","potentialAction":[{"@type":"ReadAction","target":["https:\/\/moroccoexpresstours.com\/product\/holy-week-in-morocco\/"]}]},{"@type":"ImageObject","inLanguage":"es","@id":"https:\/\/moroccoexpresstours.com\/product\/holy-week-in-morocco\/#primaryimage","url":"https:\/\/i0.wp.com\/moroccoexpresstours.com\/wp-content\/uploads\/2021\/01\/morocco-edits-CDD-23.jpg?fit=1300%2C867&ssl=1","contentUrl":"https:\/\/i0.wp.com\/moroccoexpresstours.com\/wp-content\/uploads\/2021\/01\/morocco-edits-CDD-23.jpg?fit=1300%2C867&ssl=1","width":1300,"height":867,"caption":"morocco"},{"@type":"BreadcrumbList","@id":"https:\/\/moroccoexpresstours.com\/product\/holy-week-in-morocco\/#breadcrumb","itemListElement":[{"@type":"ListItem","position":1,"name":"Portada","item":"https:\/\/moroccoexpresstours.com\/"},{"@type":"ListItem","position":2,"name":"Products","item":"https:\/\/moroccoexpresstours.com\/shop\/"},{"@type":"ListItem","position":3,"name":"Holy Week in Morocco"}]},{"@type":"WebSite","@id":"https:\/\/moroccoexpresstours.com\/#website","url":"https:\/\/moroccoexpresstours.com\/","name":"Morocco Express Tours","description":"Trips to Morocco desert tours","potentialAction":[{"@type":"SearchAction","target":{"@type":"EntryPoint","urlTemplate":"https:\/\/moroccoexpresstours.com\/?s={search_term_string}"},"query-input":{"@type":"PropertyValueSpecification","valueRequired":true,"valueName":"search_term_string"}}],"inLanguage":"es"}]}},"jetpack_sharing_enabled":true,"_links":{"self":[{"href":"https:\/\/moroccoexpresstours.com\/es\/wp-json\/wp\/v2\/product\/1260","targetHints":{"allow":["GET"]}}],"collection":[{"href":"https:\/\/moroccoexpresstours.com\/es\/wp-json\/wp\/v2\/product"}],"about":[{"href":"https:\/\/moroccoexpresstours.com\/es\/wp-json\/wp\/v2\/types\/product"}],"replies":[{"embeddable":true,"href":"https:\/\/moroccoexpresstours.com\/es\/wp-json\/wp\/v2\/comments?post=1260"}],"wp:featuredmedia":[{"embeddable":true,"href":"https:\/\/moroccoexpresstours.com\/es\/wp-json\/wp\/v2\/media\/1262"}],"wp:attachment":[{"href":"https:\/\/moroccoexpresstours.com\/es\/wp-json\/wp\/v2\/media?parent=1260"}],"wp:term":[{"taxonomy":"product_brand","embeddable":true,"href":"https:\/\/moroccoexpresstours.com\/es\/wp-json\/wp\/v2\/product_brand?post=1260"},{"taxonomy":"product_cat","embeddable":true,"href":"https:\/\/moroccoexpresstours.com\/es\/wp-json\/wp\/v2\/product_cat?post=1260"},{"taxonomy":"product_tag","embeddable":true,"href":"https:\/\/moroccoexpresstours.com\/es\/wp-json\/wp\/v2\/product_tag?post=1260"}],"curies":[{"name":"wp","href":"https:\/\/api.w.org\/{rel}","templated":true}]}}