{"id":940,"date":"2020-12-24T12:50:16","date_gmt":"2020-12-24T12:50:16","guid":{"rendered":"https:\/\/moroccoexpresstours.com\/?post_type=product&#038;p=940"},"modified":"2021-03-26T15:07:37","modified_gmt":"2021-03-26T15:07:37","slug":"2-days-zagora-desert-trip-from-marrakech","status":"publish","type":"product","link":"https:\/\/moroccoexpresstours.com\/tours\/2-days-zagora-desert-trip-from-marrakech","title":{"rendered":"2 D\u00edas - Viaje al desierto de Zagora desde Marrakech"},"content":{"rendered":"<p>Discover Magic Tours organizes \u201cMarrakech desert tours 2 days to Zagora \u201d almost every day. The tour starts in Marrakech and ends in Marrakech. You will travel to the desert of Zagora where you spend one night. If you visit <a href=\"https:\/\/en.wikipedia.org\/wiki\/Morocco\">Informaci\u00f3n<\/a> for a short time; then, this tour is suitable for you. Generally, <a href=\"https:\/\/moroccoexpresstours.com\/es\/\">Discover Magic Tours<\/a> organizes this tour for friends, families, couples, and all kinds of travellers. Below, you find the highlights of the 2 days tour.<\/p>\n<table class=\"tours-tabs_table\">\n<tbody>\n<tr>\n<td><strong>INCLUIDO<\/strong><\/td>\n<td>\n<table>\n<tbody>\n<tr>\n<td>\n<ul>\n<li>Transporte con aire acondicionado (jeep 4 \u00d7 4, minib\u00fas, autob\u00fas)<\/li>\n<li>Conductor experimentado de habla inglesa o espa\u00f1ola<\/li>\n<li>1 Night in Desert camp<\/li>\n<li>Desayunos en tu alojamiento<\/li>\n<li>Paseo en camello por las dunas<\/li>\n<\/ul>\n<\/td>\n<td><\/td>\n<\/tr>\n<tr>\n<td><\/td>\n<td><\/td>\n<\/tr>\n<\/tbody>\n<\/table>\n<\/td>\n<\/tr>\n<tr>\n<td><b>NO INCLUIDO<\/b><\/td>\n<td>\n<table>\n<tbody>\n<tr>\n<td>\n<ul>\n<li>Almuerzos<\/li>\n<li>Bebidas<\/li>\n<li>Tarifas de entradas\/actividades<\/li>\n<li>Tarifa a\u00e9rea\/Boleto a\u00e9reo<\/li>\n<\/ul>\n<\/td>\n<\/tr>\n<tr>\n<td><\/td>\n<\/tr>\n<\/tbody>\n<\/table>\n<\/td>\n<\/tr>\n<\/tbody>\n<\/table>\n<p>&nbsp;<\/p>","protected":false},"excerpt":{"rendered":"<p>Discover Magic Tours \u201cMarrakech desert tours 2 days to Zagora \u201d almost every day.<\/p>","protected":false},"featured_media":1006,"comment_status":"closed","ping_status":"closed","template":"","meta":{"om_disable_all_campaigns":false},"product_brand":[],"product_cat":[],"product_tag":[],"class_list":{"0":"post-940","1":"product","2":"type-product","3":"status-publish","4":"has-post-thumbnail","6":"tour_phys-tours-from-marrakech","8":"first","9":"instock","10":"shipping-taxable","11":"product-type-tour_phys"},"yoast_head":"<!-- This site is optimized with the Yoast SEO plugin v27.3 - https:\/\/yoast.com\/product\/yoast-seo-wordpress\/ -->\n<title>2 Days - Zagora Desert Trip From Marrakech - Morocco Express Tours<\/title>\n<meta name=\"description\" content=\"Marrakech desert tours 2 days to Zagora \u201d almost every day. The tour starts in Marrakech. You travel to the desert, sahara tours.\" \/>\n<meta name=\"robots\" content=\"index, follow, max-snippet:-1, max-image-preview:large, max-video-preview:-1\" \/>\n<link rel=\"canonical\" href=\"https:\/\/moroccoexpresstours.com\/es\/tours\/2-days-zagora-desert-trip-from-marrakech\/\" \/>\n<meta property=\"og:locale\" content=\"es_ES\" \/>\n<meta property=\"og:type\" content=\"article\" \/>\n<meta property=\"og:title\" content=\"2 Days - Zagora Desert Trip From Marrakech - Morocco Express Tours\" \/>\n<meta property=\"og:description\" content=\"Marrakech desert tours 2 days to Zagora \u201d almost every day. The tour starts in Marrakech. You travel to the desert, sahara tours.\" \/>\n<meta property=\"og:url\" content=\"https:\/\/moroccoexpresstours.com\/es\/tours\/2-days-zagora-desert-trip-from-marrakech\/\" \/>\n<meta property=\"og:site_name\" content=\"Morocco Express Tours\" \/>\n<meta property=\"article:modified_time\" content=\"2021-03-26T15:07:37+00:00\" \/>\n<meta property=\"og:image\" content=\"https:\/\/moroccoexpresstours.com\/wp-content\/uploads\/2020\/12\/sergey-pesterev-450911-unsplash-scaled.jpg\" \/>\n\t<meta property=\"og:image:width\" content=\"2560\" \/>\n\t<meta property=\"og:image:height\" content=\"1709\" \/>\n\t<meta property=\"og:image:type\" content=\"image\/jpeg\" \/>\n<meta name=\"twitter:card\" content=\"summary_large_image\" \/>\n<meta name=\"twitter:label1\" content=\"Tiempo de lectura\" \/>\n\t<meta name=\"twitter:data1\" content=\"1 minuto\" \/>\n<script type=\"application\/ld+json\" class=\"yoast-schema-graph\">{\"@context\":\"https:\\\/\\\/schema.org\",\"@graph\":[{\"@type\":\"WebPage\",\"@id\":\"https:\\\/\\\/moroccoexpresstours.com\\\/tours\\\/2-days-zagora-desert-trip-from-marrakech\\\/\",\"url\":\"https:\\\/\\\/moroccoexpresstours.com\\\/tours\\\/2-days-zagora-desert-trip-from-marrakech\\\/\",\"name\":\"2 Days - Zagora Desert Trip From Marrakech - Morocco Express Tours\",\"isPartOf\":{\"@id\":\"https:\\\/\\\/moroccoexpresstours.com\\\/#website\"},\"primaryImageOfPage\":{\"@id\":\"https:\\\/\\\/moroccoexpresstours.com\\\/tours\\\/2-days-zagora-desert-trip-from-marrakech\\\/#primaryimage\"},\"image\":{\"@id\":\"https:\\\/\\\/moroccoexpresstours.com\\\/tours\\\/2-days-zagora-desert-trip-from-marrakech\\\/#primaryimage\"},\"thumbnailUrl\":\"https:\\\/\\\/i0.wp.com\\\/moroccoexpresstours.com\\\/wp-content\\\/uploads\\\/2020\\\/12\\\/sergey-pesterev-450911-unsplash-scaled.jpg?fit=2560%2C1709&ssl=1\",\"datePublished\":\"2020-12-24T12:50:16+00:00\",\"dateModified\":\"2021-03-26T15:07:37+00:00\",\"description\":\"Marrakech desert tours 2 days to Zagora \u201d almost every day. The tour starts in Marrakech. You travel to the desert, sahara tours.\",\"breadcrumb\":{\"@id\":\"https:\\\/\\\/moroccoexpresstours.com\\\/tours\\\/2-days-zagora-desert-trip-from-marrakech\\\/#breadcrumb\"},\"inLanguage\":\"es\",\"potentialAction\":[{\"@type\":\"ReadAction\",\"target\":[\"https:\\\/\\\/moroccoexpresstours.com\\\/tours\\\/2-days-zagora-desert-trip-from-marrakech\\\/\"]}]},{\"@type\":\"ImageObject\",\"inLanguage\":\"es\",\"@id\":\"https:\\\/\\\/moroccoexpresstours.com\\\/tours\\\/2-days-zagora-desert-trip-from-marrakech\\\/#primaryimage\",\"url\":\"https:\\\/\\\/i0.wp.com\\\/moroccoexpresstours.com\\\/wp-content\\\/uploads\\\/2020\\\/12\\\/sergey-pesterev-450911-unsplash-scaled.jpg?fit=2560%2C1709&ssl=1\",\"contentUrl\":\"https:\\\/\\\/i0.wp.com\\\/moroccoexpresstours.com\\\/wp-content\\\/uploads\\\/2020\\\/12\\\/sergey-pesterev-450911-unsplash-scaled.jpg?fit=2560%2C1709&ssl=1\",\"width\":2560,\"height\":1709,\"caption\":\"2 Days - Zagora Desert Trip From Marrakech\"},{\"@type\":\"BreadcrumbList\",\"@id\":\"https:\\\/\\\/moroccoexpresstours.com\\\/tours\\\/2-days-zagora-desert-trip-from-marrakech\\\/#breadcrumb\",\"itemListElement\":[{\"@type\":\"ListItem\",\"position\":1,\"name\":\"Portada\",\"item\":\"https:\\\/\\\/moroccoexpresstours.com\\\/\"},{\"@type\":\"ListItem\",\"position\":2,\"name\":\"Products\",\"item\":\"https:\\\/\\\/moroccoexpresstours.com\\\/shop\\\/\"},{\"@type\":\"ListItem\",\"position\":3,\"name\":\"2 Days &#8211; Zagora Desert Trip From Marrakech\"}]},{\"@type\":\"WebSite\",\"@id\":\"https:\\\/\\\/moroccoexpresstours.com\\\/#website\",\"url\":\"https:\\\/\\\/moroccoexpresstours.com\\\/\",\"name\":\"Morocco Express Tours\",\"description\":\"Trips to Morocco desert tours\",\"potentialAction\":[{\"@type\":\"SearchAction\",\"target\":{\"@type\":\"EntryPoint\",\"urlTemplate\":\"https:\\\/\\\/moroccoexpresstours.com\\\/?s={search_term_string}\"},\"query-input\":{\"@type\":\"PropertyValueSpecification\",\"valueRequired\":true,\"valueName\":\"search_term_string\"}}],\"inLanguage\":\"es\"}]}<\/script>\n<!-- \/ Yoast SEO plugin. -->","yoast_head_json":{"title":"2 Days - Zagora Desert Trip From Marrakech - Morocco Express Tours","description":"Marrakech desert tours 2 days to Zagora \u201d almost every day. The tour starts in Marrakech. You travel to the desert, sahara tours.","robots":{"index":"index","follow":"follow","max-snippet":"max-snippet:-1","max-image-preview":"max-image-preview:large","max-video-preview":"max-video-preview:-1"},"canonical":"https:\/\/moroccoexpresstours.com\/es\/tours\/2-days-zagora-desert-trip-from-marrakech\/","og_locale":"es_ES","og_type":"article","og_title":"2 Days - Zagora Desert Trip From Marrakech - Morocco Express Tours","og_description":"Marrakech desert tours 2 days to Zagora \u201d almost every day. The tour starts in Marrakech. You travel to the desert, sahara tours.","og_url":"https:\/\/moroccoexpresstours.com\/es\/tours\/2-days-zagora-desert-trip-from-marrakech\/","og_site_name":"Morocco Express Tours","article_modified_time":"2021-03-26T15:07:37+00:00","og_image":[{"width":2560,"height":1709,"url":"https:\/\/moroccoexpresstours.com\/wp-content\/uploads\/2020\/12\/sergey-pesterev-450911-unsplash-scaled.jpg","type":"image\/jpeg"}],"twitter_card":"summary_large_image","twitter_misc":{"Tiempo de lectura":"1 minuto"},"schema":{"@context":"https:\/\/schema.org","@graph":[{"@type":"WebPage","@id":"https:\/\/moroccoexpresstours.com\/tours\/2-days-zagora-desert-trip-from-marrakech\/","url":"https:\/\/moroccoexpresstours.com\/tours\/2-days-zagora-desert-trip-from-marrakech\/","name":"2 Days - Zagora Desert Trip From Marrakech - Morocco Express Tours","isPartOf":{"@id":"https:\/\/moroccoexpresstours.com\/#website"},"primaryImageOfPage":{"@id":"https:\/\/moroccoexpresstours.com\/tours\/2-days-zagora-desert-trip-from-marrakech\/#primaryimage"},"image":{"@id":"https:\/\/moroccoexpresstours.com\/tours\/2-days-zagora-desert-trip-from-marrakech\/#primaryimage"},"thumbnailUrl":"https:\/\/i0.wp.com\/moroccoexpresstours.com\/wp-content\/uploads\/2020\/12\/sergey-pesterev-450911-unsplash-scaled.jpg?fit=2560%2C1709&ssl=1","datePublished":"2020-12-24T12:50:16+00:00","dateModified":"2021-03-26T15:07:37+00:00","description":"Marrakech desert tours 2 days to Zagora \u201d almost every day. The tour starts in Marrakech. You travel to the desert, sahara tours.","breadcrumb":{"@id":"https:\/\/moroccoexpresstours.com\/tours\/2-days-zagora-desert-trip-from-marrakech\/#breadcrumb"},"inLanguage":"es","potentialAction":[{"@type":"ReadAction","target":["https:\/\/moroccoexpresstours.com\/tours\/2-days-zagora-desert-trip-from-marrakech\/"]}]},{"@type":"ImageObject","inLanguage":"es","@id":"https:\/\/moroccoexpresstours.com\/tours\/2-days-zagora-desert-trip-from-marrakech\/#primaryimage","url":"https:\/\/i0.wp.com\/moroccoexpresstours.com\/wp-content\/uploads\/2020\/12\/sergey-pesterev-450911-unsplash-scaled.jpg?fit=2560%2C1709&ssl=1","contentUrl":"https:\/\/i0.wp.com\/moroccoexpresstours.com\/wp-content\/uploads\/2020\/12\/sergey-pesterev-450911-unsplash-scaled.jpg?fit=2560%2C1709&ssl=1","width":2560,"height":1709,"caption":"2 Days - Zagora Desert Trip From Marrakech"},{"@type":"BreadcrumbList","@id":"https:\/\/moroccoexpresstours.com\/tours\/2-days-zagora-desert-trip-from-marrakech\/#breadcrumb","itemListElement":[{"@type":"ListItem","position":1,"name":"Portada","item":"https:\/\/moroccoexpresstours.com\/"},{"@type":"ListItem","position":2,"name":"Products","item":"https:\/\/moroccoexpresstours.com\/shop\/"},{"@type":"ListItem","position":3,"name":"2 Days &#8211; Zagora Desert Trip From Marrakech"}]},{"@type":"WebSite","@id":"https:\/\/moroccoexpresstours.com\/#website","url":"https:\/\/moroccoexpresstours.com\/","name":"Morocco Express Tours","description":"Trips to Morocco desert tours","potentialAction":[{"@type":"SearchAction","target":{"@type":"EntryPoint","urlTemplate":"https:\/\/moroccoexpresstours.com\/?s={search_term_string}"},"query-input":{"@type":"PropertyValueSpecification","valueRequired":true,"valueName":"search_term_string"}}],"inLanguage":"es"}]}},"jetpack_sharing_enabled":true,"_links":{"self":[{"href":"https:\/\/moroccoexpresstours.com\/es\/wp-json\/wp\/v2\/product\/940","targetHints":{"allow":["GET"]}}],"collection":[{"href":"https:\/\/moroccoexpresstours.com\/es\/wp-json\/wp\/v2\/product"}],"about":[{"href":"https:\/\/moroccoexpresstours.com\/es\/wp-json\/wp\/v2\/types\/product"}],"replies":[{"embeddable":true,"href":"https:\/\/moroccoexpresstours.com\/es\/wp-json\/wp\/v2\/comments?post=940"}],"wp:featuredmedia":[{"embeddable":true,"href":"https:\/\/moroccoexpresstours.com\/es\/wp-json\/wp\/v2\/media\/1006"}],"wp:attachment":[{"href":"https:\/\/moroccoexpresstours.com\/es\/wp-json\/wp\/v2\/media?parent=940"}],"wp:term":[{"taxonomy":"product_brand","embeddable":true,"href":"https:\/\/moroccoexpresstours.com\/es\/wp-json\/wp\/v2\/product_brand?post=940"},{"taxonomy":"product_cat","embeddable":true,"href":"https:\/\/moroccoexpresstours.com\/es\/wp-json\/wp\/v2\/product_cat?post=940"},{"taxonomy":"product_tag","embeddable":true,"href":"https:\/\/moroccoexpresstours.com\/es\/wp-json\/wp\/v2\/product_tag?post=940"}],"curies":[{"name":"wp","href":"https:\/\/api.w.org\/{rel}","templated":true}]}}