{"id":1022,"date":"2020-12-30T20:37:42","date_gmt":"2020-12-30T20:37:42","guid":{"rendered":"https:\/\/moroccoexpresstours.com\/?post_type=product&#038;p=1022"},"modified":"2021-02-18T20:17:25","modified_gmt":"2021-02-18T20:17:25","slug":"12-days-tour-from-casablanca-grand-morocco-tour","status":"publish","type":"product","link":"https:\/\/moroccoexpresstours.com\/tours\/12-days-tour-from-casablanca-grand-morocco-tour","title":{"rendered":"12 Dias - Tour de Casablanca Grand Morocco Tour"},"content":{"rendered":"<p>12 dias \u00e9 perfeito se voc\u00ea quiser passar bastante tempo em Marrocos e descobrir sua cultura. O que torna este passeio importante \u00e9 que voc\u00ea viaja para o Marrocos em um ritmo tranquilo. Voc\u00ea n\u00e3o tem pressa, mas d\u00e1 a cada lugar tempo suficiente.<\/p>\n<p>O passeio de 12 dias saindo de Casablanca convida voc\u00ea a passar os seguintes dias em cada lugar:<\/p>\n<p>1 dia e meio em Chefchaouen<br \/>\n2 dias em Fez explorando a cidade<br \/>\n3 dias no deserto, que incluem passeios de camelo, camping e muitas outras atividades<br \/>\n1 dia em Marrakech onde voc\u00ea descobrir\u00e1 a cidade com um guia local<br \/>\n1 dia em Essaouira.<\/p>\n<p>Conseq\u00fcentemente, voc\u00ea passar\u00e1 8 dias descobrindo lugares e curtindo lugares. Os 6 dias restantes ser\u00e3o dedicados a viagens entre cidades.<\/p>\n<p>O passeio n\u00e3o \u00e9 direto, mas inclui muitas paradas culturais. Por exemplo, quando voc\u00ea viajar de Fez para o Deserto, voc\u00ea cruzar\u00e1 a floresta de cedro de Azrou, onde ver\u00e1 macacos selvagens. Al\u00e9m disso, voc\u00ea far\u00e1 uma parada em Ifran para tirar fotos com a est\u00e1tua do le\u00e3o.<\/p>\n<p>O passeio de 12 dias tamb\u00e9m \u00e9 importante, pois inclui Essaouira, que \u00e9 ignorada pela maioria dos operadores tur\u00edsticos. Inclu\u00edmos Essaouira, pois foi usada como pano de fundo no jogo dos tronos. Por isso, muitos viajantes nos pediram para adicion\u00e1-lo e depois modificamos o passeio.<\/p>\n<p>Na verdade, o passeio inclui todos os locais de Game of Thrones em Marrocos. Inclu\u00edmos Ouarzazate, o Cinema Studio, Kasbah of Ait Benhaddou (Yunkai), que \u00e9 coroado como o segundo melhor local instagram de Game of Thrones, e Essaouira (Astrapor).<\/p>\n<p>N\u00e3o se esque\u00e7a de trazer uma c\u00e2mera com voc\u00ea.<\/p>\n<table class=\"tours-tabs_table\">\n<tbody>\n<tr>\n<td><strong>INCLU\u00cdDO<\/strong><\/td>\n<td>\n<table>\n<tbody>\n<tr>\n<td><i class=\"fa fa-check icon-tick icon-tick--on\"><\/i>Hot\u00e9is e alojamento<\/td>\n<td><i class=\"fa fa-check icon-tick icon-tick--on\"><\/i>Ve\u00edculo 4 \u00d7 4 \/ micro\u00f4nibus confort\u00e1vel com ar-condicionado<\/td>\n<\/tr>\n<tr>\n<td><i class=\"fa fa-check icon-tick icon-tick--on\"><\/i>Motorista multil\u00edngue ingl\u00eas \/ espanhol \/ italiano \/ franc\u00eas<\/td>\n<td><i class=\"fa fa-check icon-tick icon-tick--on\"><\/i>Recolha e entrega de passageiros no aeroporto \/ hotel \/ Riad<\/td>\n<\/tr>\n<tr>\n<td><i class=\"fa fa-check icon-tick icon-tick--on\"><\/i>Guias locais<\/td>\n<td><i class=\"fa fa-check icon-tick icon-tick--on\"><\/i>Combust\u00edvel e estacionamento<\/td>\n<\/tr>\n<tr>\n<td><i class=\"fa fa-check icon-tick icon-tick--on\"><\/i>3 jantares no deserto<\/td>\n<td><i class=\"fa fa-check icon-tick icon-tick--on\"><\/i>Caf\u00e9s da manh\u00e3<\/td>\n<\/tr>\n<\/tbody>\n<\/table>\n<\/td>\n<\/tr>\n<tr>\n<td><b>N\u00c3O INCLUSO<\/b><\/td>\n<td>\n<table>\n<tbody>\n<tr>\n<td><i class=\"fa fa-times icon-tick icon-tick--off\"><\/i>Passagens a\u00e9reas e visto<\/td>\n<\/tr>\n<tr>\n<td><i class=\"fa fa-times icon-tick icon-tick--off\"><\/i>Bilhetes de entrada para monumentos e museus<\/td>\n<\/tr>\n<tr>\n<td><i class=\"fa fa-times icon-tick icon-tick--off\"><\/i>Despesas pessoais<\/td>\n<\/tr>\n<tr>\n<td><i class=\"fa fa-times icon-tick icon-tick--off\"><\/i>Dicas para guia e motorista<\/td>\n<\/tr>\n<\/tbody>\n<\/table>\n<\/td>\n<\/tr>\n<\/tbody>\n<\/table>","protected":false},"excerpt":{"rendered":"<p>12 days is perfect if you want to spend enough time in Morocco and discover its culture.<\/p>","protected":false},"featured_media":1020,"comment_status":"closed","ping_status":"closed","template":"","meta":{"om_disable_all_campaigns":false},"product_brand":[],"product_cat":[15],"product_tag":[],"class_list":{"0":"post-1022","1":"product","2":"type-product","3":"status-publish","4":"has-post-thumbnail","6":"product_cat-sin-categorizar","7":"tour_phys-tours-from-casablanca","9":"first","10":"instock","11":"shipping-taxable","12":"product-type-tour_phys"},"yoast_head":"<!-- This site is optimized with the Yoast SEO plugin v27.3 - https:\/\/yoast.com\/product\/yoast-seo-wordpress\/ -->\n<title>12 Days - Tour from Casablanca Grand Morocco Tour - Morocco Express Tours<\/title>\n<meta name=\"description\" content=\"12 Days - Tour from Casablanca Grand Morocco Tour is perfect if you want to spend enough time in Morocco and discover its culture.\" \/>\n<meta name=\"robots\" content=\"index, follow, max-snippet:-1, max-image-preview:large, max-video-preview:-1\" \/>\n<link rel=\"canonical\" href=\"https:\/\/moroccoexpresstours.com\/pt\/produto\/12-days-tour-from-casablanca-grand-morocco-tour\/\" \/>\n<meta property=\"og:locale\" content=\"pt_PT\" \/>\n<meta property=\"og:type\" content=\"article\" \/>\n<meta property=\"og:title\" content=\"12 Days - Tour from Casablanca Grand Morocco Tour - Morocco Express Tours\" \/>\n<meta property=\"og:description\" content=\"12 Days - Tour from Casablanca Grand Morocco Tour is perfect if you want to spend enough time in Morocco and discover its culture.\" \/>\n<meta property=\"og:url\" content=\"https:\/\/moroccoexpresstours.com\/pt\/produto\/12-days-tour-from-casablanca-grand-morocco-tour\/\" \/>\n<meta property=\"og:site_name\" content=\"Morocco Express Tours\" \/>\n<meta property=\"article:modified_time\" content=\"2021-02-18T20:17:25+00:00\" \/>\n<meta property=\"og:image\" content=\"https:\/\/moroccoexpresstours.com\/wp-content\/uploads\/2020\/12\/tour-casablanca.png\" \/>\n\t<meta property=\"og:image:width\" content=\"1000\" \/>\n\t<meta property=\"og:image:height\" content=\"667\" \/>\n\t<meta property=\"og:image:type\" content=\"image\/png\" \/>\n<meta name=\"twitter:card\" content=\"summary_large_image\" \/>\n<meta name=\"twitter:label1\" content=\"Tempo estimado de leitura\" \/>\n\t<meta name=\"twitter:data1\" content=\"2 minutos\" \/>\n<script type=\"application\/ld+json\" class=\"yoast-schema-graph\">{\"@context\":\"https:\\\/\\\/schema.org\",\"@graph\":[{\"@type\":\"WebPage\",\"@id\":\"https:\\\/\\\/moroccoexpresstours.com\\\/product\\\/12-days-tour-from-casablanca-grand-morocco-tour\\\/\",\"url\":\"https:\\\/\\\/moroccoexpresstours.com\\\/product\\\/12-days-tour-from-casablanca-grand-morocco-tour\\\/\",\"name\":\"12 Days - Tour from Casablanca Grand Morocco Tour - Morocco Express Tours\",\"isPartOf\":{\"@id\":\"https:\\\/\\\/moroccoexpresstours.com\\\/#website\"},\"primaryImageOfPage\":{\"@id\":\"https:\\\/\\\/moroccoexpresstours.com\\\/product\\\/12-days-tour-from-casablanca-grand-morocco-tour\\\/#primaryimage\"},\"image\":{\"@id\":\"https:\\\/\\\/moroccoexpresstours.com\\\/product\\\/12-days-tour-from-casablanca-grand-morocco-tour\\\/#primaryimage\"},\"thumbnailUrl\":\"https:\\\/\\\/i0.wp.com\\\/moroccoexpresstours.com\\\/wp-content\\\/uploads\\\/2020\\\/12\\\/tour-casablanca.png?fit=1000%2C667&ssl=1\",\"datePublished\":\"2020-12-30T20:37:42+00:00\",\"dateModified\":\"2021-02-18T20:17:25+00:00\",\"description\":\"12 Days - Tour from Casablanca Grand Morocco Tour is perfect if you want to spend enough time in Morocco and discover its culture.\",\"breadcrumb\":{\"@id\":\"https:\\\/\\\/moroccoexpresstours.com\\\/product\\\/12-days-tour-from-casablanca-grand-morocco-tour\\\/#breadcrumb\"},\"inLanguage\":\"pt-PT\",\"potentialAction\":[{\"@type\":\"ReadAction\",\"target\":[\"https:\\\/\\\/moroccoexpresstours.com\\\/product\\\/12-days-tour-from-casablanca-grand-morocco-tour\\\/\"]}]},{\"@type\":\"ImageObject\",\"inLanguage\":\"pt-PT\",\"@id\":\"https:\\\/\\\/moroccoexpresstours.com\\\/product\\\/12-days-tour-from-casablanca-grand-morocco-tour\\\/#primaryimage\",\"url\":\"https:\\\/\\\/i0.wp.com\\\/moroccoexpresstours.com\\\/wp-content\\\/uploads\\\/2020\\\/12\\\/tour-casablanca.png?fit=1000%2C667&ssl=1\",\"contentUrl\":\"https:\\\/\\\/i0.wp.com\\\/moroccoexpresstours.com\\\/wp-content\\\/uploads\\\/2020\\\/12\\\/tour-casablanca.png?fit=1000%2C667&ssl=1\",\"width\":1000,\"height\":667,\"caption\":\"12 Days - Tour from Casablanca Grand Morocco Tour\"},{\"@type\":\"BreadcrumbList\",\"@id\":\"https:\\\/\\\/moroccoexpresstours.com\\\/product\\\/12-days-tour-from-casablanca-grand-morocco-tour\\\/#breadcrumb\",\"itemListElement\":[{\"@type\":\"ListItem\",\"position\":1,\"name\":\"Portada\",\"item\":\"https:\\\/\\\/moroccoexpresstours.com\\\/\"},{\"@type\":\"ListItem\",\"position\":2,\"name\":\"Products\",\"item\":\"https:\\\/\\\/moroccoexpresstours.com\\\/shop\\\/\"},{\"@type\":\"ListItem\",\"position\":3,\"name\":\"12 Days &#8211; Tour from Casablanca Grand Morocco Tour\"}]},{\"@type\":\"WebSite\",\"@id\":\"https:\\\/\\\/moroccoexpresstours.com\\\/#website\",\"url\":\"https:\\\/\\\/moroccoexpresstours.com\\\/\",\"name\":\"Morocco Express Tours\",\"description\":\"Trips to Morocco desert tours\",\"potentialAction\":[{\"@type\":\"SearchAction\",\"target\":{\"@type\":\"EntryPoint\",\"urlTemplate\":\"https:\\\/\\\/moroccoexpresstours.com\\\/?s={search_term_string}\"},\"query-input\":{\"@type\":\"PropertyValueSpecification\",\"valueRequired\":true,\"valueName\":\"search_term_string\"}}],\"inLanguage\":\"pt-PT\"}]}<\/script>\n<!-- \/ Yoast SEO plugin. -->","yoast_head_json":{"title":"12 Days - Tour from Casablanca Grand Morocco Tour - Morocco Express Tours","description":"12 Days - Tour from Casablanca Grand Morocco Tour is perfect if you want to spend enough time in Morocco and discover its culture.","robots":{"index":"index","follow":"follow","max-snippet":"max-snippet:-1","max-image-preview":"max-image-preview:large","max-video-preview":"max-video-preview:-1"},"canonical":"https:\/\/moroccoexpresstours.com\/pt\/produto\/12-days-tour-from-casablanca-grand-morocco-tour\/","og_locale":"pt_PT","og_type":"article","og_title":"12 Days - Tour from Casablanca Grand Morocco Tour - Morocco Express Tours","og_description":"12 Days - Tour from Casablanca Grand Morocco Tour is perfect if you want to spend enough time in Morocco and discover its culture.","og_url":"https:\/\/moroccoexpresstours.com\/pt\/produto\/12-days-tour-from-casablanca-grand-morocco-tour\/","og_site_name":"Morocco Express Tours","article_modified_time":"2021-02-18T20:17:25+00:00","og_image":[{"width":1000,"height":667,"url":"https:\/\/moroccoexpresstours.com\/wp-content\/uploads\/2020\/12\/tour-casablanca.png","type":"image\/png"}],"twitter_card":"summary_large_image","twitter_misc":{"Tempo estimado de leitura":"2 minutos"},"schema":{"@context":"https:\/\/schema.org","@graph":[{"@type":"WebPage","@id":"https:\/\/moroccoexpresstours.com\/product\/12-days-tour-from-casablanca-grand-morocco-tour\/","url":"https:\/\/moroccoexpresstours.com\/product\/12-days-tour-from-casablanca-grand-morocco-tour\/","name":"12 Days - Tour from Casablanca Grand Morocco Tour - Morocco Express Tours","isPartOf":{"@id":"https:\/\/moroccoexpresstours.com\/#website"},"primaryImageOfPage":{"@id":"https:\/\/moroccoexpresstours.com\/product\/12-days-tour-from-casablanca-grand-morocco-tour\/#primaryimage"},"image":{"@id":"https:\/\/moroccoexpresstours.com\/product\/12-days-tour-from-casablanca-grand-morocco-tour\/#primaryimage"},"thumbnailUrl":"https:\/\/i0.wp.com\/moroccoexpresstours.com\/wp-content\/uploads\/2020\/12\/tour-casablanca.png?fit=1000%2C667&ssl=1","datePublished":"2020-12-30T20:37:42+00:00","dateModified":"2021-02-18T20:17:25+00:00","description":"12 Days - Tour from Casablanca Grand Morocco Tour is perfect if you want to spend enough time in Morocco and discover its culture.","breadcrumb":{"@id":"https:\/\/moroccoexpresstours.com\/product\/12-days-tour-from-casablanca-grand-morocco-tour\/#breadcrumb"},"inLanguage":"pt-PT","potentialAction":[{"@type":"ReadAction","target":["https:\/\/moroccoexpresstours.com\/product\/12-days-tour-from-casablanca-grand-morocco-tour\/"]}]},{"@type":"ImageObject","inLanguage":"pt-PT","@id":"https:\/\/moroccoexpresstours.com\/product\/12-days-tour-from-casablanca-grand-morocco-tour\/#primaryimage","url":"https:\/\/i0.wp.com\/moroccoexpresstours.com\/wp-content\/uploads\/2020\/12\/tour-casablanca.png?fit=1000%2C667&ssl=1","contentUrl":"https:\/\/i0.wp.com\/moroccoexpresstours.com\/wp-content\/uploads\/2020\/12\/tour-casablanca.png?fit=1000%2C667&ssl=1","width":1000,"height":667,"caption":"12 Days - Tour from Casablanca Grand Morocco Tour"},{"@type":"BreadcrumbList","@id":"https:\/\/moroccoexpresstours.com\/product\/12-days-tour-from-casablanca-grand-morocco-tour\/#breadcrumb","itemListElement":[{"@type":"ListItem","position":1,"name":"Portada","item":"https:\/\/moroccoexpresstours.com\/"},{"@type":"ListItem","position":2,"name":"Products","item":"https:\/\/moroccoexpresstours.com\/shop\/"},{"@type":"ListItem","position":3,"name":"12 Days &#8211; Tour from Casablanca Grand Morocco Tour"}]},{"@type":"WebSite","@id":"https:\/\/moroccoexpresstours.com\/#website","url":"https:\/\/moroccoexpresstours.com\/","name":"Morocco Express Tours","description":"Trips to Morocco desert tours","potentialAction":[{"@type":"SearchAction","target":{"@type":"EntryPoint","urlTemplate":"https:\/\/moroccoexpresstours.com\/?s={search_term_string}"},"query-input":{"@type":"PropertyValueSpecification","valueRequired":true,"valueName":"search_term_string"}}],"inLanguage":"pt-PT"}]}},"jetpack_sharing_enabled":true,"_links":{"self":[{"href":"https:\/\/moroccoexpresstours.com\/pt\/wp-json\/wp\/v2\/product\/1022","targetHints":{"allow":["GET"]}}],"collection":[{"href":"https:\/\/moroccoexpresstours.com\/pt\/wp-json\/wp\/v2\/product"}],"about":[{"href":"https:\/\/moroccoexpresstours.com\/pt\/wp-json\/wp\/v2\/types\/product"}],"replies":[{"embeddable":true,"href":"https:\/\/moroccoexpresstours.com\/pt\/wp-json\/wp\/v2\/comments?post=1022"}],"wp:featuredmedia":[{"embeddable":true,"href":"https:\/\/moroccoexpresstours.com\/pt\/wp-json\/wp\/v2\/media\/1020"}],"wp:attachment":[{"href":"https:\/\/moroccoexpresstours.com\/pt\/wp-json\/wp\/v2\/media?parent=1022"}],"wp:term":[{"taxonomy":"product_brand","embeddable":true,"href":"https:\/\/moroccoexpresstours.com\/pt\/wp-json\/wp\/v2\/product_brand?post=1022"},{"taxonomy":"product_cat","embeddable":true,"href":"https:\/\/moroccoexpresstours.com\/pt\/wp-json\/wp\/v2\/product_cat?post=1022"},{"taxonomy":"product_tag","embeddable":true,"href":"https:\/\/moroccoexpresstours.com\/pt\/wp-json\/wp\/v2\/product_tag?post=1022"}],"curies":[{"name":"wp","href":"https:\/\/api.w.org\/{rel}","templated":true}]}}