{"id":1083,"date":"2021-01-01T17:13:48","date_gmt":"2021-01-01T17:13:48","guid":{"rendered":"https:\/\/moroccoexpresstours.com\/?post_type=product&#038;p=1083"},"modified":"2021-08-02T11:08:13","modified_gmt":"2021-08-02T11:08:13","slug":"4-days-trip-from-tangier-to-chefchaouen-and-fes","status":"publish","type":"product","link":"https:\/\/moroccoexpresstours.com\/tours\/4-days-trip-from-tangier-to-chefchaouen-and-fes","title":{"rendered":"4 Dias - viagem de T\u00e2nger para Chefchaouen e Fez"},"content":{"rendered":"<p>Viagem de 4 dias de T\u00e2nger a Chefchaouen e Fez permite que voc\u00ea explore Marrocos em apenas 4 dias. O passeio inclui uma visita aos melhores pontos tur\u00edsticos do Norte de Marrocos. Durante a excurs\u00e3o, voc\u00ea ver\u00e1 Tangier, Chefchaouen, Meknes, Volubilis e Fez.<\/p>\n<p>&nbsp;<\/p>\n<table class=\"tours-tabs_table\">\n<tbody>\n<tr>\n<td><strong>INCLU\u00cdDO<\/strong><\/td>\n<td>\n<table>\n<tbody>\n<tr>\n<td><i class=\"fa fa-check icon-tick icon-tick--on\"><\/i>Hot\u00e9is e alojamento<\/td>\n<td><i class=\"fa fa-check icon-tick icon-tick--on\"><\/i>Ve\u00edculo 4 \u00d7 4 \/ micro\u00f4nibus confort\u00e1vel com ar-condicionado<\/td>\n<\/tr>\n<tr>\n<td><i class=\"fa fa-check icon-tick icon-tick--on\"><\/i>Motorista multil\u00edngue ingl\u00eas \/ espanhol \/ italiano \/ franc\u00eas<\/td>\n<td><i class=\"fa fa-check icon-tick icon-tick--on\"><\/i>Recolha e entrega de passageiros no aeroporto \/ hotel \/ Riad<\/td>\n<\/tr>\n<tr>\n<td><i class=\"fa fa-check icon-tick icon-tick--on\"><\/i>Guias locais<\/td>\n<td><i class=\"fa fa-check icon-tick icon-tick--on\"><\/i>Combust\u00edvel e estacionamento<\/td>\n<\/tr>\n<tr>\n<td><i class=\"fa fa-check icon-tick icon-tick--on\"><\/i>3 jantares no deserto<\/td>\n<td><i class=\"fa fa-check icon-tick icon-tick--on\"><\/i>Caf\u00e9s da manh\u00e3<\/td>\n<\/tr>\n<\/tbody>\n<\/table>\n<\/td>\n<\/tr>\n<tr>\n<td><b>N\u00c3O INCLUSO<\/b><\/td>\n<td>\n<table>\n<tbody>\n<tr>\n<td><i class=\"fa fa-times icon-tick icon-tick--off\"><\/i>Passagens a\u00e9reas e visto<\/td>\n<\/tr>\n<tr>\n<td><i class=\"fa fa-times icon-tick icon-tick--off\"><\/i>Bilhetes de entrada para monumentos e museus<\/td>\n<\/tr>\n<tr>\n<td><i class=\"fa fa-times icon-tick icon-tick--off\"><\/i>Despesas pessoais<\/td>\n<\/tr>\n<tr>\n<td><i class=\"fa fa-times icon-tick icon-tick--off\"><\/i>Dicas para guia e motorista<\/td>\n<\/tr>\n<\/tbody>\n<\/table>\n<\/td>\n<\/tr>\n<\/tbody>\n<\/table>","protected":false},"excerpt":{"rendered":"<p>4 Days Trip from Tangier to Chefchaouen And Fes allows you to explore Morocco in Just 4 days.<\/p>","protected":false},"featured_media":1084,"comment_status":"closed","ping_status":"closed","template":"","meta":{"om_disable_all_campaigns":false},"product_brand":[],"product_cat":[],"product_tag":[],"class_list":{"0":"post-1083","1":"product","2":"type-product","3":"status-publish","4":"has-post-thumbnail","6":"tour_phys-tours-from-tangier","8":"first","9":"instock","10":"shipping-taxable","11":"product-type-tour_phys"},"yoast_head":"<!-- This site is optimized with the Yoast SEO plugin v27.3 - https:\/\/yoast.com\/product\/yoast-seo-wordpress\/ -->\n<title>4 Days - Trip from Tangier to Chefchaouen and Fes<\/title>\n<meta name=\"description\" content=\"4 Days Trip from Tangier to Chefchaouen And Fes allows you to explore Morocco in Just 4 days. The tour includes visiting the best tourist\" \/>\n<meta name=\"robots\" content=\"index, follow, max-snippet:-1, max-image-preview:large, max-video-preview:-1\" \/>\n<link rel=\"canonical\" href=\"https:\/\/moroccoexpresstours.com\/pt\/produto\/4-days-trip-from-tangier-to-chefchaouen-and-fes\/\" \/>\n<meta property=\"og:locale\" content=\"pt_PT\" \/>\n<meta property=\"og:type\" content=\"article\" \/>\n<meta property=\"og:title\" content=\"4 Days - Trip from Tangier to Chefchaouen and Fes\" \/>\n<meta property=\"og:description\" content=\"4 Days Trip from Tangier to Chefchaouen And Fes allows you to explore Morocco in Just 4 days. The tour includes visiting the best tourist\" \/>\n<meta property=\"og:url\" content=\"https:\/\/moroccoexpresstours.com\/pt\/produto\/4-days-trip-from-tangier-to-chefchaouen-and-fes\/\" \/>\n<meta property=\"og:site_name\" content=\"Morocco Express Tours\" \/>\n<meta property=\"article:modified_time\" content=\"2021-08-02T11:08:13+00:00\" \/>\n<meta property=\"og:image\" content=\"https:\/\/moroccoexpresstours.com\/wp-content\/uploads\/2021\/01\/02.jpg\" \/>\n\t<meta property=\"og:image:width\" content=\"1600\" \/>\n\t<meta property=\"og:image:height\" content=\"900\" \/>\n\t<meta property=\"og:image:type\" content=\"image\/jpeg\" \/>\n<meta name=\"twitter:card\" content=\"summary_large_image\" \/>\n<script type=\"application\/ld+json\" class=\"yoast-schema-graph\">{\"@context\":\"https:\\\/\\\/schema.org\",\"@graph\":[{\"@type\":\"WebPage\",\"@id\":\"https:\\\/\\\/moroccoexpresstours.com\\\/product\\\/4-days-trip-from-tangier-to-chefchaouen-and-fes\\\/\",\"url\":\"https:\\\/\\\/moroccoexpresstours.com\\\/product\\\/4-days-trip-from-tangier-to-chefchaouen-and-fes\\\/\",\"name\":\"4 Days - Trip from Tangier to Chefchaouen and Fes\",\"isPartOf\":{\"@id\":\"https:\\\/\\\/moroccoexpresstours.com\\\/#website\"},\"primaryImageOfPage\":{\"@id\":\"https:\\\/\\\/moroccoexpresstours.com\\\/product\\\/4-days-trip-from-tangier-to-chefchaouen-and-fes\\\/#primaryimage\"},\"image\":{\"@id\":\"https:\\\/\\\/moroccoexpresstours.com\\\/product\\\/4-days-trip-from-tangier-to-chefchaouen-and-fes\\\/#primaryimage\"},\"thumbnailUrl\":\"https:\\\/\\\/i0.wp.com\\\/moroccoexpresstours.com\\\/wp-content\\\/uploads\\\/2021\\\/01\\\/02.jpg?fit=1600%2C900&ssl=1\",\"datePublished\":\"2021-01-01T17:13:48+00:00\",\"dateModified\":\"2021-08-02T11:08:13+00:00\",\"description\":\"4 Days Trip from Tangier to Chefchaouen And Fes allows you to explore Morocco in Just 4 days. The tour includes visiting the best tourist\",\"breadcrumb\":{\"@id\":\"https:\\\/\\\/moroccoexpresstours.com\\\/product\\\/4-days-trip-from-tangier-to-chefchaouen-and-fes\\\/#breadcrumb\"},\"inLanguage\":\"pt-PT\",\"potentialAction\":[{\"@type\":\"ReadAction\",\"target\":[\"https:\\\/\\\/moroccoexpresstours.com\\\/product\\\/4-days-trip-from-tangier-to-chefchaouen-and-fes\\\/\"]}]},{\"@type\":\"ImageObject\",\"inLanguage\":\"pt-PT\",\"@id\":\"https:\\\/\\\/moroccoexpresstours.com\\\/product\\\/4-days-trip-from-tangier-to-chefchaouen-and-fes\\\/#primaryimage\",\"url\":\"https:\\\/\\\/i0.wp.com\\\/moroccoexpresstours.com\\\/wp-content\\\/uploads\\\/2021\\\/01\\\/02.jpg?fit=1600%2C900&ssl=1\",\"contentUrl\":\"https:\\\/\\\/i0.wp.com\\\/moroccoexpresstours.com\\\/wp-content\\\/uploads\\\/2021\\\/01\\\/02.jpg?fit=1600%2C900&ssl=1\",\"width\":1600,\"height\":900,\"caption\":\"4 Days - Trip from Tangier to Chefchaouen and Fes\"},{\"@type\":\"BreadcrumbList\",\"@id\":\"https:\\\/\\\/moroccoexpresstours.com\\\/product\\\/4-days-trip-from-tangier-to-chefchaouen-and-fes\\\/#breadcrumb\",\"itemListElement\":[{\"@type\":\"ListItem\",\"position\":1,\"name\":\"Portada\",\"item\":\"https:\\\/\\\/moroccoexpresstours.com\\\/\"},{\"@type\":\"ListItem\",\"position\":2,\"name\":\"Products\",\"item\":\"https:\\\/\\\/moroccoexpresstours.com\\\/shop\\\/\"},{\"@type\":\"ListItem\",\"position\":3,\"name\":\"4 Days &#8211; Trip from Tangier to Chefchaouen and Fes\"}]},{\"@type\":\"WebSite\",\"@id\":\"https:\\\/\\\/moroccoexpresstours.com\\\/#website\",\"url\":\"https:\\\/\\\/moroccoexpresstours.com\\\/\",\"name\":\"Morocco Express Tours\",\"description\":\"Trips to Morocco desert tours\",\"potentialAction\":[{\"@type\":\"SearchAction\",\"target\":{\"@type\":\"EntryPoint\",\"urlTemplate\":\"https:\\\/\\\/moroccoexpresstours.com\\\/?s={search_term_string}\"},\"query-input\":{\"@type\":\"PropertyValueSpecification\",\"valueRequired\":true,\"valueName\":\"search_term_string\"}}],\"inLanguage\":\"pt-PT\"}]}<\/script>\n<!-- \/ Yoast SEO plugin. -->","yoast_head_json":{"title":"4 Days - Trip from Tangier to Chefchaouen and Fes","description":"4 Days Trip from Tangier to Chefchaouen And Fes allows you to explore Morocco in Just 4 days. The tour includes visiting the best tourist","robots":{"index":"index","follow":"follow","max-snippet":"max-snippet:-1","max-image-preview":"max-image-preview:large","max-video-preview":"max-video-preview:-1"},"canonical":"https:\/\/moroccoexpresstours.com\/pt\/produto\/4-days-trip-from-tangier-to-chefchaouen-and-fes\/","og_locale":"pt_PT","og_type":"article","og_title":"4 Days - Trip from Tangier to Chefchaouen and Fes","og_description":"4 Days Trip from Tangier to Chefchaouen And Fes allows you to explore Morocco in Just 4 days. The tour includes visiting the best tourist","og_url":"https:\/\/moroccoexpresstours.com\/pt\/produto\/4-days-trip-from-tangier-to-chefchaouen-and-fes\/","og_site_name":"Morocco Express Tours","article_modified_time":"2021-08-02T11:08:13+00:00","og_image":[{"width":1600,"height":900,"url":"https:\/\/moroccoexpresstours.com\/wp-content\/uploads\/2021\/01\/02.jpg","type":"image\/jpeg"}],"twitter_card":"summary_large_image","schema":{"@context":"https:\/\/schema.org","@graph":[{"@type":"WebPage","@id":"https:\/\/moroccoexpresstours.com\/product\/4-days-trip-from-tangier-to-chefchaouen-and-fes\/","url":"https:\/\/moroccoexpresstours.com\/product\/4-days-trip-from-tangier-to-chefchaouen-and-fes\/","name":"4 Days - Trip from Tangier to Chefchaouen and Fes","isPartOf":{"@id":"https:\/\/moroccoexpresstours.com\/#website"},"primaryImageOfPage":{"@id":"https:\/\/moroccoexpresstours.com\/product\/4-days-trip-from-tangier-to-chefchaouen-and-fes\/#primaryimage"},"image":{"@id":"https:\/\/moroccoexpresstours.com\/product\/4-days-trip-from-tangier-to-chefchaouen-and-fes\/#primaryimage"},"thumbnailUrl":"https:\/\/i0.wp.com\/moroccoexpresstours.com\/wp-content\/uploads\/2021\/01\/02.jpg?fit=1600%2C900&ssl=1","datePublished":"2021-01-01T17:13:48+00:00","dateModified":"2021-08-02T11:08:13+00:00","description":"4 Days Trip from Tangier to Chefchaouen And Fes allows you to explore Morocco in Just 4 days. The tour includes visiting the best tourist","breadcrumb":{"@id":"https:\/\/moroccoexpresstours.com\/product\/4-days-trip-from-tangier-to-chefchaouen-and-fes\/#breadcrumb"},"inLanguage":"pt-PT","potentialAction":[{"@type":"ReadAction","target":["https:\/\/moroccoexpresstours.com\/product\/4-days-trip-from-tangier-to-chefchaouen-and-fes\/"]}]},{"@type":"ImageObject","inLanguage":"pt-PT","@id":"https:\/\/moroccoexpresstours.com\/product\/4-days-trip-from-tangier-to-chefchaouen-and-fes\/#primaryimage","url":"https:\/\/i0.wp.com\/moroccoexpresstours.com\/wp-content\/uploads\/2021\/01\/02.jpg?fit=1600%2C900&ssl=1","contentUrl":"https:\/\/i0.wp.com\/moroccoexpresstours.com\/wp-content\/uploads\/2021\/01\/02.jpg?fit=1600%2C900&ssl=1","width":1600,"height":900,"caption":"4 Days - Trip from Tangier to Chefchaouen and Fes"},{"@type":"BreadcrumbList","@id":"https:\/\/moroccoexpresstours.com\/product\/4-days-trip-from-tangier-to-chefchaouen-and-fes\/#breadcrumb","itemListElement":[{"@type":"ListItem","position":1,"name":"Portada","item":"https:\/\/moroccoexpresstours.com\/"},{"@type":"ListItem","position":2,"name":"Products","item":"https:\/\/moroccoexpresstours.com\/shop\/"},{"@type":"ListItem","position":3,"name":"4 Days &#8211; Trip from Tangier to Chefchaouen and Fes"}]},{"@type":"WebSite","@id":"https:\/\/moroccoexpresstours.com\/#website","url":"https:\/\/moroccoexpresstours.com\/","name":"Morocco Express Tours","description":"Trips to Morocco desert tours","potentialAction":[{"@type":"SearchAction","target":{"@type":"EntryPoint","urlTemplate":"https:\/\/moroccoexpresstours.com\/?s={search_term_string}"},"query-input":{"@type":"PropertyValueSpecification","valueRequired":true,"valueName":"search_term_string"}}],"inLanguage":"pt-PT"}]}},"jetpack_sharing_enabled":true,"_links":{"self":[{"href":"https:\/\/moroccoexpresstours.com\/pt\/wp-json\/wp\/v2\/product\/1083","targetHints":{"allow":["GET"]}}],"collection":[{"href":"https:\/\/moroccoexpresstours.com\/pt\/wp-json\/wp\/v2\/product"}],"about":[{"href":"https:\/\/moroccoexpresstours.com\/pt\/wp-json\/wp\/v2\/types\/product"}],"replies":[{"embeddable":true,"href":"https:\/\/moroccoexpresstours.com\/pt\/wp-json\/wp\/v2\/comments?post=1083"}],"wp:featuredmedia":[{"embeddable":true,"href":"https:\/\/moroccoexpresstours.com\/pt\/wp-json\/wp\/v2\/media\/1084"}],"wp:attachment":[{"href":"https:\/\/moroccoexpresstours.com\/pt\/wp-json\/wp\/v2\/media?parent=1083"}],"wp:term":[{"taxonomy":"product_brand","embeddable":true,"href":"https:\/\/moroccoexpresstours.com\/pt\/wp-json\/wp\/v2\/product_brand?post=1083"},{"taxonomy":"product_cat","embeddable":true,"href":"https:\/\/moroccoexpresstours.com\/pt\/wp-json\/wp\/v2\/product_cat?post=1083"},{"taxonomy":"product_tag","embeddable":true,"href":"https:\/\/moroccoexpresstours.com\/pt\/wp-json\/wp\/v2\/product_tag?post=1083"}],"curies":[{"name":"wp","href":"https:\/\/api.w.org\/{rel}","templated":true}]}}