{"id":1092,"date":"2021-01-02T13:18:15","date_gmt":"2021-01-02T13:18:15","guid":{"rendered":"https:\/\/moroccoexpresstours.com\/?post_type=product&#038;p=1092"},"modified":"2024-07-13T18:56:08","modified_gmt":"2024-07-13T18:56:08","slug":"day-trip-ouzoud-waterfalls-from-marrakech","status":"publish","type":"product","link":"https:\/\/moroccoexpresstours.com\/tours\/day-trip-ouzoud-waterfalls-from-marrakech","title":{"rendered":"Viagem de um dia \u00e0s Cachoeiras de Ouzoud saindo de Marrakech"},"content":{"rendered":"<div class=\"wpb_text_column wpb_content_element\">\n<div class=\"wpb_wrapper\">\n<p>A partir de Marrakech \u00e0s 08h00, visita \u00e0s Cachoeiras de Ouzoud, que fica a 150 km de Marrakech. Esta viagem de tr\u00eas horas nos levar\u00e1 a ver as cachoeiras maravilhosas de Ouzoud, localizadas na regi\u00e3o de Azilal. A regi\u00e3o possui cascatas, outro atrativo al\u00e9m das cascatas. Perto das quedas, podemos ver a barragem de bin El-ouidane (barragem de dois rios), e a ponte natural do Ime-nifret.<\/p>\n<\/div>\n<\/div>\n<p>&nbsp;<\/p>\n<table class=\"tours-tabs_table\">\n<tbody>\n<tr>\n<td><strong>INCLU\u00cdDO<\/strong><\/td>\n<td>\n<table>\n<tbody>\n<tr>\n<td><i class=\"fa fa-check icon-tick icon-tick--on\"><\/i>Pick-up e drop off em sua acomoda\u00e7\u00e3o.<\/td>\n<td><i class=\"fa fa-check icon-tick icon-tick--on\"><\/i>Transporte com ar condicionado (4 * 4 jipe, mini-\u00f4nibus, \u00f4nibus)<\/td>\n<\/tr>\n<tr>\n<td><i class=\"fa fa-check icon-tick icon-tick--on\"><\/i>Combust\u00edvel para o carro<\/td>\n<td><i class=\"fa fa-check icon-tick icon-tick--on\"><\/i>Motorista \/ guia que fala ingl\u00eas ou espanhol<\/td>\n<\/tr>\n<\/tbody>\n<\/table>\n<\/td>\n<\/tr>\n<tr>\n<td><b>N\u00c3O INCLUSO<\/b><\/td>\n<td>\n<table>\n<tbody>\n<tr>\n<td><i class=\"fa fa-times icon-tick icon-tick--off\"><\/i>Almo\u00e7o<\/td>\n<\/tr>\n<tr>\n<td><i class=\"fa fa-times icon-tick icon-tick--off\"><\/i>Bebidas<\/td>\n<\/tr>\n<tr>\n<td><i class=\"fa fa-times icon-tick icon-tick--off\"><\/i>Taxas de entrada \/ atividade<\/td>\n<\/tr>\n<\/tbody>\n<\/table>\n<\/td>\n<\/tr>\n<\/tbody>\n<\/table>","protected":false},"excerpt":{"rendered":"<p>Starting from Marrakech at 08:00 am to visit the Waterfalls of Ouzoud.<\/p>","protected":false},"featured_media":1093,"comment_status":"open","ping_status":"closed","template":"","meta":{"om_disable_all_campaigns":false},"product_brand":[],"product_cat":[],"product_tag":[],"class_list":{"0":"post-1092","1":"product","2":"type-product","3":"status-publish","4":"has-post-thumbnail","6":"tour_phys-excursions","8":"first","9":"instock","10":"shipping-taxable","11":"product-type-tour_phys"},"yoast_head":"<!-- This site is optimized with the Yoast SEO plugin v27.2 - https:\/\/yoast.com\/product\/yoast-seo-wordpress\/ -->\n<title>Day Trip Ouzoud Waterfalls from Marrakech - Morocco Express Tours<\/title>\n<meta name=\"robots\" content=\"index, follow, max-snippet:-1, max-image-preview:large, max-video-preview:-1\" \/>\n<link rel=\"canonical\" href=\"https:\/\/moroccoexpresstours.com\/pt\/produto\/day-trip-ouzoud-waterfalls-from-marrakech\/\" \/>\n<meta property=\"og:locale\" content=\"pt_PT\" \/>\n<meta property=\"og:type\" content=\"article\" \/>\n<meta property=\"og:title\" content=\"Day Trip Ouzoud Waterfalls from Marrakech - Morocco Express Tours\" \/>\n<meta property=\"og:description\" content=\"Starting from Marrakech at 08:00 am to visit the Waterfalls of Ouzoud.\" \/>\n<meta property=\"og:url\" content=\"https:\/\/moroccoexpresstours.com\/pt\/produto\/day-trip-ouzoud-waterfalls-from-marrakech\/\" \/>\n<meta property=\"og:site_name\" content=\"Morocco Express Tours\" \/>\n<meta property=\"article:modified_time\" content=\"2024-07-13T18:56:08+00:00\" \/>\n<meta property=\"og:image\" content=\"https:\/\/moroccoexpresstours.com\/wp-content\/uploads\/2021\/01\/ouzud_tour.jpg\" \/>\n\t<meta property=\"og:image:width\" content=\"798\" \/>\n\t<meta property=\"og:image:height\" content=\"529\" \/>\n\t<meta property=\"og:image:type\" content=\"image\/jpeg\" \/>\n<meta name=\"twitter:card\" content=\"summary_large_image\" \/>\n<script type=\"application\/ld+json\" class=\"yoast-schema-graph\">{\"@context\":\"https:\/\/schema.org\",\"@graph\":[{\"@type\":\"WebPage\",\"@id\":\"https:\/\/moroccoexpresstours.com\/product\/day-trip-ouzoud-waterfalls-from-marrakech\/\",\"url\":\"https:\/\/moroccoexpresstours.com\/product\/day-trip-ouzoud-waterfalls-from-marrakech\/\",\"name\":\"Day Trip Ouzoud Waterfalls from Marrakech - Morocco Express Tours\",\"isPartOf\":{\"@id\":\"https:\/\/moroccoexpresstours.com\/#website\"},\"primaryImageOfPage\":{\"@id\":\"https:\/\/moroccoexpresstours.com\/product\/day-trip-ouzoud-waterfalls-from-marrakech\/#primaryimage\"},\"image\":{\"@id\":\"https:\/\/moroccoexpresstours.com\/product\/day-trip-ouzoud-waterfalls-from-marrakech\/#primaryimage\"},\"thumbnailUrl\":\"https:\/\/i0.wp.com\/moroccoexpresstours.com\/wp-content\/uploads\/2021\/01\/ouzud_tour.jpg?fit=798%2C529&ssl=1\",\"datePublished\":\"2021-01-02T13:18:15+00:00\",\"dateModified\":\"2024-07-13T18:56:08+00:00\",\"breadcrumb\":{\"@id\":\"https:\/\/moroccoexpresstours.com\/product\/day-trip-ouzoud-waterfalls-from-marrakech\/#breadcrumb\"},\"inLanguage\":\"pt-PT\",\"potentialAction\":[{\"@type\":\"ReadAction\",\"target\":[\"https:\/\/moroccoexpresstours.com\/product\/day-trip-ouzoud-waterfalls-from-marrakech\/\"]}]},{\"@type\":\"ImageObject\",\"inLanguage\":\"pt-PT\",\"@id\":\"https:\/\/moroccoexpresstours.com\/product\/day-trip-ouzoud-waterfalls-from-marrakech\/#primaryimage\",\"url\":\"https:\/\/i0.wp.com\/moroccoexpresstours.com\/wp-content\/uploads\/2021\/01\/ouzud_tour.jpg?fit=798%2C529&ssl=1\",\"contentUrl\":\"https:\/\/i0.wp.com\/moroccoexpresstours.com\/wp-content\/uploads\/2021\/01\/ouzud_tour.jpg?fit=798%2C529&ssl=1\",\"width\":798,\"height\":529,\"caption\":\"ouzud_tour\"},{\"@type\":\"BreadcrumbList\",\"@id\":\"https:\/\/moroccoexpresstours.com\/product\/day-trip-ouzoud-waterfalls-from-marrakech\/#breadcrumb\",\"itemListElement\":[{\"@type\":\"ListItem\",\"position\":1,\"name\":\"Portada\",\"item\":\"https:\/\/moroccoexpresstours.com\/\"},{\"@type\":\"ListItem\",\"position\":2,\"name\":\"Products\",\"item\":\"https:\/\/moroccoexpresstours.com\/shop\/\"},{\"@type\":\"ListItem\",\"position\":3,\"name\":\"Day Trip Ouzoud Waterfalls from Marrakech\"}]},{\"@type\":\"WebSite\",\"@id\":\"https:\/\/moroccoexpresstours.com\/#website\",\"url\":\"https:\/\/moroccoexpresstours.com\/\",\"name\":\"Morocco Express Tours\",\"description\":\"Trips to Morocco desert tours\",\"potentialAction\":[{\"@type\":\"SearchAction\",\"target\":{\"@type\":\"EntryPoint\",\"urlTemplate\":\"https:\/\/moroccoexpresstours.com\/?s={search_term_string}\"},\"query-input\":{\"@type\":\"PropertyValueSpecification\",\"valueRequired\":true,\"valueName\":\"search_term_string\"}}],\"inLanguage\":\"pt-PT\"}]}<\/script>\n<!-- \/ Yoast SEO plugin. -->","yoast_head_json":{"title":"Day Trip Ouzoud Waterfalls from Marrakech - Morocco Express Tours","robots":{"index":"index","follow":"follow","max-snippet":"max-snippet:-1","max-image-preview":"max-image-preview:large","max-video-preview":"max-video-preview:-1"},"canonical":"https:\/\/moroccoexpresstours.com\/pt\/produto\/day-trip-ouzoud-waterfalls-from-marrakech\/","og_locale":"pt_PT","og_type":"article","og_title":"Day Trip Ouzoud Waterfalls from Marrakech - Morocco Express Tours","og_description":"Starting from Marrakech at 08:00 am to visit the Waterfalls of Ouzoud.","og_url":"https:\/\/moroccoexpresstours.com\/pt\/produto\/day-trip-ouzoud-waterfalls-from-marrakech\/","og_site_name":"Morocco Express Tours","article_modified_time":"2024-07-13T18:56:08+00:00","og_image":[{"width":798,"height":529,"url":"https:\/\/moroccoexpresstours.com\/wp-content\/uploads\/2021\/01\/ouzud_tour.jpg","type":"image\/jpeg"}],"twitter_card":"summary_large_image","schema":{"@context":"https:\/\/schema.org","@graph":[{"@type":"WebPage","@id":"https:\/\/moroccoexpresstours.com\/product\/day-trip-ouzoud-waterfalls-from-marrakech\/","url":"https:\/\/moroccoexpresstours.com\/product\/day-trip-ouzoud-waterfalls-from-marrakech\/","name":"Day Trip Ouzoud Waterfalls from Marrakech - Morocco Express Tours","isPartOf":{"@id":"https:\/\/moroccoexpresstours.com\/#website"},"primaryImageOfPage":{"@id":"https:\/\/moroccoexpresstours.com\/product\/day-trip-ouzoud-waterfalls-from-marrakech\/#primaryimage"},"image":{"@id":"https:\/\/moroccoexpresstours.com\/product\/day-trip-ouzoud-waterfalls-from-marrakech\/#primaryimage"},"thumbnailUrl":"https:\/\/i0.wp.com\/moroccoexpresstours.com\/wp-content\/uploads\/2021\/01\/ouzud_tour.jpg?fit=798%2C529&ssl=1","datePublished":"2021-01-02T13:18:15+00:00","dateModified":"2024-07-13T18:56:08+00:00","breadcrumb":{"@id":"https:\/\/moroccoexpresstours.com\/product\/day-trip-ouzoud-waterfalls-from-marrakech\/#breadcrumb"},"inLanguage":"pt-PT","potentialAction":[{"@type":"ReadAction","target":["https:\/\/moroccoexpresstours.com\/product\/day-trip-ouzoud-waterfalls-from-marrakech\/"]}]},{"@type":"ImageObject","inLanguage":"pt-PT","@id":"https:\/\/moroccoexpresstours.com\/product\/day-trip-ouzoud-waterfalls-from-marrakech\/#primaryimage","url":"https:\/\/i0.wp.com\/moroccoexpresstours.com\/wp-content\/uploads\/2021\/01\/ouzud_tour.jpg?fit=798%2C529&ssl=1","contentUrl":"https:\/\/i0.wp.com\/moroccoexpresstours.com\/wp-content\/uploads\/2021\/01\/ouzud_tour.jpg?fit=798%2C529&ssl=1","width":798,"height":529,"caption":"ouzud_tour"},{"@type":"BreadcrumbList","@id":"https:\/\/moroccoexpresstours.com\/product\/day-trip-ouzoud-waterfalls-from-marrakech\/#breadcrumb","itemListElement":[{"@type":"ListItem","position":1,"name":"Portada","item":"https:\/\/moroccoexpresstours.com\/"},{"@type":"ListItem","position":2,"name":"Products","item":"https:\/\/moroccoexpresstours.com\/shop\/"},{"@type":"ListItem","position":3,"name":"Day Trip Ouzoud Waterfalls from Marrakech"}]},{"@type":"WebSite","@id":"https:\/\/moroccoexpresstours.com\/#website","url":"https:\/\/moroccoexpresstours.com\/","name":"Morocco Express Tours","description":"Trips to Morocco desert tours","potentialAction":[{"@type":"SearchAction","target":{"@type":"EntryPoint","urlTemplate":"https:\/\/moroccoexpresstours.com\/?s={search_term_string}"},"query-input":{"@type":"PropertyValueSpecification","valueRequired":true,"valueName":"search_term_string"}}],"inLanguage":"pt-PT"}]}},"jetpack_sharing_enabled":true,"_links":{"self":[{"href":"https:\/\/moroccoexpresstours.com\/pt\/wp-json\/wp\/v2\/product\/1092","targetHints":{"allow":["GET"]}}],"collection":[{"href":"https:\/\/moroccoexpresstours.com\/pt\/wp-json\/wp\/v2\/product"}],"about":[{"href":"https:\/\/moroccoexpresstours.com\/pt\/wp-json\/wp\/v2\/types\/product"}],"replies":[{"embeddable":true,"href":"https:\/\/moroccoexpresstours.com\/pt\/wp-json\/wp\/v2\/comments?post=1092"}],"wp:featuredmedia":[{"embeddable":true,"href":"https:\/\/moroccoexpresstours.com\/pt\/wp-json\/wp\/v2\/media\/1093"}],"wp:attachment":[{"href":"https:\/\/moroccoexpresstours.com\/pt\/wp-json\/wp\/v2\/media?parent=1092"}],"wp:term":[{"taxonomy":"product_brand","embeddable":true,"href":"https:\/\/moroccoexpresstours.com\/pt\/wp-json\/wp\/v2\/product_brand?post=1092"},{"taxonomy":"product_cat","embeddable":true,"href":"https:\/\/moroccoexpresstours.com\/pt\/wp-json\/wp\/v2\/product_cat?post=1092"},{"taxonomy":"product_tag","embeddable":true,"href":"https:\/\/moroccoexpresstours.com\/pt\/wp-json\/wp\/v2\/product_tag?post=1092"}],"curies":[{"name":"wp","href":"https:\/\/api.w.org\/{rel}","templated":true}]}}