{"id":1095,"date":"2021-01-02T13:37:23","date_gmt":"2021-01-02T13:37:23","guid":{"rendered":"https:\/\/moroccoexpresstours.com\/?post_type=product&#038;p=1095"},"modified":"2021-02-10T20:15:41","modified_gmt":"2021-02-10T20:15:41","slug":"day-trip-ourika-valley","status":"publish","type":"product","link":"https:\/\/moroccoexpresstours.com\/tours\/day-trip-ourika-valley","title":{"rendered":"Viagem de um dia ao Vale Ourika saindo de Marrakech"},"content":{"rendered":"<div class=\"wpb_text_column wpb_content_element\">\n<div class=\"wpb_wrapper\">\n<p>Uma viagem ao vale Ourika \u00e9 altamente recomendada para pessoas que procuram escapar da atmosfera agitada e quente de Marrakech. As cachoeiras e o vale verdejante s\u00e3o lugares ideais para piqueniques e relaxamento. Um passeio \u00e0 beira das fal\u00e9sias nos levar\u00e1 a explorar a deslumbrante vila de Setti Fatma com vista para o vale verde e as montanhas.<\/p>\n<\/div>\n<\/div>\n<table class=\"tours-tabs_table\">\n<tbody>\n<tr>\n<td><strong>INCLU\u00cdDO<\/strong><\/td>\n<td>\n<table>\n<tbody>\n<tr>\n<td><i class=\"fa fa-check icon-tick icon-tick--on\"><\/i>Pick-up e drop off em sua acomoda\u00e7\u00e3o.<\/td>\n<td><i class=\"fa fa-check icon-tick icon-tick--on\"><\/i>Transporte com ar condicionado (4 * 4 jipe, mini-\u00f4nibus, \u00f4nibus)<\/td>\n<\/tr>\n<tr>\n<td><i class=\"fa fa-check icon-tick icon-tick--on\"><\/i>Combust\u00edvel para o carro<\/td>\n<td><i class=\"fa fa-check icon-tick icon-tick--on\"><\/i>Motorista \/ guia que fala ingl\u00eas ou espanhol<\/td>\n<\/tr>\n<\/tbody>\n<\/table>\n<\/td>\n<\/tr>\n<tr>\n<td><b>N\u00c3O INCLUSO<\/b><\/td>\n<td>\n<table>\n<tbody>\n<tr>\n<td><i class=\"fa fa-times icon-tick icon-tick--off\"><\/i>Almo\u00e7o<\/td>\n<\/tr>\n<tr>\n<td><i class=\"fa fa-times icon-tick icon-tick--off\"><\/i>Bebidas<\/td>\n<\/tr>\n<tr>\n<td><i class=\"fa fa-times icon-tick icon-tick--off\"><\/i>Taxas de entrada \/ atividade<\/td>\n<\/tr>\n<\/tbody>\n<\/table>\n<\/td>\n<\/tr>\n<\/tbody>\n<\/table>","protected":false},"excerpt":{"rendered":"<p>A trip to Ourika valley is highly recommended for people looking to escape from the busy and hot atmosphere of Marrakech.<\/p>","protected":false},"featured_media":1097,"comment_status":"closed","ping_status":"closed","template":"","meta":{"om_disable_all_campaigns":false},"product_brand":[],"product_cat":[15],"product_tag":[],"class_list":{"0":"post-1095","1":"product","2":"type-product","3":"status-publish","4":"has-post-thumbnail","6":"product_cat-sin-categorizar","7":"tour_phys-excursions","9":"first","10":"instock","11":"shipping-taxable","12":"product-type-tour_phys"},"yoast_head":"<!-- This site is optimized with the Yoast SEO plugin v27.2 - https:\/\/yoast.com\/product\/yoast-seo-wordpress\/ -->\n<title>Day Trip Ourika Valley from Marrakech - Morocco Express Tours<\/title>\n<meta name=\"description\" content=\"A trip to Ourika valley is highly recommended for people looking to escape from the busy and hot atmosphere of Marrakech.\" \/>\n<meta name=\"robots\" content=\"index, follow, max-snippet:-1, max-image-preview:large, max-video-preview:-1\" \/>\n<link rel=\"canonical\" href=\"https:\/\/moroccoexpresstours.com\/pt\/tours\/day-trip-ourika-valley\/\" \/>\n<meta property=\"og:locale\" content=\"pt_PT\" \/>\n<meta property=\"og:type\" content=\"article\" \/>\n<meta property=\"og:title\" content=\"Day Trip Ourika Valley from Marrakech - Morocco Express Tours\" \/>\n<meta property=\"og:description\" content=\"A trip to Ourika valley is highly recommended for people looking to escape from the busy and hot atmosphere of Marrakech.\" \/>\n<meta property=\"og:url\" content=\"https:\/\/moroccoexpresstours.com\/pt\/tours\/day-trip-ourika-valley\/\" \/>\n<meta property=\"og:site_name\" content=\"Morocco Express Tours\" \/>\n<meta property=\"article:modified_time\" content=\"2021-02-10T20:15:41+00:00\" \/>\n<meta property=\"og:image\" content=\"https:\/\/moroccoexpresstours.com\/wp-content\/uploads\/2021\/01\/ourika-excursion.jpg\" \/>\n\t<meta property=\"og:image:width\" content=\"2016\" \/>\n\t<meta property=\"og:image:height\" content=\"1330\" \/>\n\t<meta property=\"og:image:type\" content=\"image\/jpeg\" \/>\n<meta name=\"twitter:card\" content=\"summary_large_image\" \/>\n<script type=\"application\/ld+json\" class=\"yoast-schema-graph\">{\"@context\":\"https:\/\/schema.org\",\"@graph\":[{\"@type\":\"WebPage\",\"@id\":\"https:\/\/moroccoexpresstours.com\/tours\/day-trip-ourika-valley\/\",\"url\":\"https:\/\/moroccoexpresstours.com\/tours\/day-trip-ourika-valley\/\",\"name\":\"Day Trip Ourika Valley from Marrakech - Morocco Express Tours\",\"isPartOf\":{\"@id\":\"https:\/\/moroccoexpresstours.com\/#website\"},\"primaryImageOfPage\":{\"@id\":\"https:\/\/moroccoexpresstours.com\/tours\/day-trip-ourika-valley\/#primaryimage\"},\"image\":{\"@id\":\"https:\/\/moroccoexpresstours.com\/tours\/day-trip-ourika-valley\/#primaryimage\"},\"thumbnailUrl\":\"https:\/\/i0.wp.com\/moroccoexpresstours.com\/wp-content\/uploads\/2021\/01\/ourika-excursion.jpg?fit=2016%2C1330&ssl=1\",\"datePublished\":\"2021-01-02T13:37:23+00:00\",\"dateModified\":\"2021-02-10T20:15:41+00:00\",\"description\":\"A trip to Ourika valley is highly recommended for people looking to escape from the busy and hot atmosphere of Marrakech.\",\"breadcrumb\":{\"@id\":\"https:\/\/moroccoexpresstours.com\/tours\/day-trip-ourika-valley\/#breadcrumb\"},\"inLanguage\":\"pt-PT\",\"potentialAction\":[{\"@type\":\"ReadAction\",\"target\":[\"https:\/\/moroccoexpresstours.com\/tours\/day-trip-ourika-valley\/\"]}]},{\"@type\":\"ImageObject\",\"inLanguage\":\"pt-PT\",\"@id\":\"https:\/\/moroccoexpresstours.com\/tours\/day-trip-ourika-valley\/#primaryimage\",\"url\":\"https:\/\/i0.wp.com\/moroccoexpresstours.com\/wp-content\/uploads\/2021\/01\/ourika-excursion.jpg?fit=2016%2C1330&ssl=1\",\"contentUrl\":\"https:\/\/i0.wp.com\/moroccoexpresstours.com\/wp-content\/uploads\/2021\/01\/ourika-excursion.jpg?fit=2016%2C1330&ssl=1\",\"width\":2016,\"height\":1330,\"caption\":\"ourika-excursion\"},{\"@type\":\"BreadcrumbList\",\"@id\":\"https:\/\/moroccoexpresstours.com\/tours\/day-trip-ourika-valley\/#breadcrumb\",\"itemListElement\":[{\"@type\":\"ListItem\",\"position\":1,\"name\":\"Portada\",\"item\":\"https:\/\/moroccoexpresstours.com\/\"},{\"@type\":\"ListItem\",\"position\":2,\"name\":\"Products\",\"item\":\"https:\/\/moroccoexpresstours.com\/shop\/\"},{\"@type\":\"ListItem\",\"position\":3,\"name\":\"Day Trip Ourika Valley from Marrakech\"}]},{\"@type\":\"WebSite\",\"@id\":\"https:\/\/moroccoexpresstours.com\/#website\",\"url\":\"https:\/\/moroccoexpresstours.com\/\",\"name\":\"Morocco Express Tours\",\"description\":\"Trips to Morocco desert tours\",\"potentialAction\":[{\"@type\":\"SearchAction\",\"target\":{\"@type\":\"EntryPoint\",\"urlTemplate\":\"https:\/\/moroccoexpresstours.com\/?s={search_term_string}\"},\"query-input\":{\"@type\":\"PropertyValueSpecification\",\"valueRequired\":true,\"valueName\":\"search_term_string\"}}],\"inLanguage\":\"pt-PT\"}]}<\/script>\n<!-- \/ Yoast SEO plugin. -->","yoast_head_json":{"title":"Day Trip Ourika Valley from Marrakech - Morocco Express Tours","description":"A trip to Ourika valley is highly recommended for people looking to escape from the busy and hot atmosphere of Marrakech.","robots":{"index":"index","follow":"follow","max-snippet":"max-snippet:-1","max-image-preview":"max-image-preview:large","max-video-preview":"max-video-preview:-1"},"canonical":"https:\/\/moroccoexpresstours.com\/pt\/tours\/day-trip-ourika-valley\/","og_locale":"pt_PT","og_type":"article","og_title":"Day Trip Ourika Valley from Marrakech - Morocco Express Tours","og_description":"A trip to Ourika valley is highly recommended for people looking to escape from the busy and hot atmosphere of Marrakech.","og_url":"https:\/\/moroccoexpresstours.com\/pt\/tours\/day-trip-ourika-valley\/","og_site_name":"Morocco Express Tours","article_modified_time":"2021-02-10T20:15:41+00:00","og_image":[{"width":2016,"height":1330,"url":"https:\/\/moroccoexpresstours.com\/wp-content\/uploads\/2021\/01\/ourika-excursion.jpg","type":"image\/jpeg"}],"twitter_card":"summary_large_image","schema":{"@context":"https:\/\/schema.org","@graph":[{"@type":"WebPage","@id":"https:\/\/moroccoexpresstours.com\/tours\/day-trip-ourika-valley\/","url":"https:\/\/moroccoexpresstours.com\/tours\/day-trip-ourika-valley\/","name":"Day Trip Ourika Valley from Marrakech - Morocco Express Tours","isPartOf":{"@id":"https:\/\/moroccoexpresstours.com\/#website"},"primaryImageOfPage":{"@id":"https:\/\/moroccoexpresstours.com\/tours\/day-trip-ourika-valley\/#primaryimage"},"image":{"@id":"https:\/\/moroccoexpresstours.com\/tours\/day-trip-ourika-valley\/#primaryimage"},"thumbnailUrl":"https:\/\/i0.wp.com\/moroccoexpresstours.com\/wp-content\/uploads\/2021\/01\/ourika-excursion.jpg?fit=2016%2C1330&ssl=1","datePublished":"2021-01-02T13:37:23+00:00","dateModified":"2021-02-10T20:15:41+00:00","description":"A trip to Ourika valley is highly recommended for people looking to escape from the busy and hot atmosphere of Marrakech.","breadcrumb":{"@id":"https:\/\/moroccoexpresstours.com\/tours\/day-trip-ourika-valley\/#breadcrumb"},"inLanguage":"pt-PT","potentialAction":[{"@type":"ReadAction","target":["https:\/\/moroccoexpresstours.com\/tours\/day-trip-ourika-valley\/"]}]},{"@type":"ImageObject","inLanguage":"pt-PT","@id":"https:\/\/moroccoexpresstours.com\/tours\/day-trip-ourika-valley\/#primaryimage","url":"https:\/\/i0.wp.com\/moroccoexpresstours.com\/wp-content\/uploads\/2021\/01\/ourika-excursion.jpg?fit=2016%2C1330&ssl=1","contentUrl":"https:\/\/i0.wp.com\/moroccoexpresstours.com\/wp-content\/uploads\/2021\/01\/ourika-excursion.jpg?fit=2016%2C1330&ssl=1","width":2016,"height":1330,"caption":"ourika-excursion"},{"@type":"BreadcrumbList","@id":"https:\/\/moroccoexpresstours.com\/tours\/day-trip-ourika-valley\/#breadcrumb","itemListElement":[{"@type":"ListItem","position":1,"name":"Portada","item":"https:\/\/moroccoexpresstours.com\/"},{"@type":"ListItem","position":2,"name":"Products","item":"https:\/\/moroccoexpresstours.com\/shop\/"},{"@type":"ListItem","position":3,"name":"Day Trip Ourika Valley from Marrakech"}]},{"@type":"WebSite","@id":"https:\/\/moroccoexpresstours.com\/#website","url":"https:\/\/moroccoexpresstours.com\/","name":"Morocco Express Tours","description":"Trips to Morocco desert tours","potentialAction":[{"@type":"SearchAction","target":{"@type":"EntryPoint","urlTemplate":"https:\/\/moroccoexpresstours.com\/?s={search_term_string}"},"query-input":{"@type":"PropertyValueSpecification","valueRequired":true,"valueName":"search_term_string"}}],"inLanguage":"pt-PT"}]}},"jetpack_sharing_enabled":true,"_links":{"self":[{"href":"https:\/\/moroccoexpresstours.com\/pt\/wp-json\/wp\/v2\/product\/1095","targetHints":{"allow":["GET"]}}],"collection":[{"href":"https:\/\/moroccoexpresstours.com\/pt\/wp-json\/wp\/v2\/product"}],"about":[{"href":"https:\/\/moroccoexpresstours.com\/pt\/wp-json\/wp\/v2\/types\/product"}],"replies":[{"embeddable":true,"href":"https:\/\/moroccoexpresstours.com\/pt\/wp-json\/wp\/v2\/comments?post=1095"}],"wp:featuredmedia":[{"embeddable":true,"href":"https:\/\/moroccoexpresstours.com\/pt\/wp-json\/wp\/v2\/media\/1097"}],"wp:attachment":[{"href":"https:\/\/moroccoexpresstours.com\/pt\/wp-json\/wp\/v2\/media?parent=1095"}],"wp:term":[{"taxonomy":"product_brand","embeddable":true,"href":"https:\/\/moroccoexpresstours.com\/pt\/wp-json\/wp\/v2\/product_brand?post=1095"},{"taxonomy":"product_cat","embeddable":true,"href":"https:\/\/moroccoexpresstours.com\/pt\/wp-json\/wp\/v2\/product_cat?post=1095"},{"taxonomy":"product_tag","embeddable":true,"href":"https:\/\/moroccoexpresstours.com\/pt\/wp-json\/wp\/v2\/product_tag?post=1095"}],"curies":[{"name":"wp","href":"https:\/\/api.w.org\/{rel}","templated":true}]}}