{"id":1108,"date":"2021-01-02T15:14:04","date_gmt":"2021-01-02T15:14:04","guid":{"rendered":"https:\/\/moroccoexpresstours.com\/?post_type=product&#038;p=1108"},"modified":"2021-02-18T20:08:48","modified_gmt":"2021-02-18T20:08:48","slug":"day-trip-meknes-and-volubilis-from-fes","status":"publish","type":"product","link":"https:\/\/moroccoexpresstours.com\/tours\/day-trip-meknes-and-volubilis-from-fes","title":{"rendered":"Day Trip Meknes and Volubilis from Fes"},"content":{"rendered":"<div class=\"wpb_text_column wpb_content_element\">\n<div class=\"wpb_wrapper\">\n<p class=\"translation-block\">Nossa viagem de Fez nos levar\u00e1 a explorar as cidades imperiais de Meknes antes de seguirmos para Volubilis. Visitaremos a antiga Medina, o port\u00e3o Bab El-Mansour e a animada Pra\u00e7a Lahdim, um lugar folcl\u00f3rico a c\u00e9u aberto onde contadores de hist\u00f3rias, m\u00fasicos, acrobatas e encantadores de cobras divertem a multid\u00e3o. Em seguida, visitaremos o Port\u00e3o Bab Berdieyinne do s\u00e9culo 17 <sup> s, o Mausol\u00e9u de Moulay Ismail e o Heri Es-Souani que eram os celeiros do rei Moulay Ismail, abastecido por uma barragem de \u00e1gua Sahrijswani. Os celeiros e Sahrij eram usados para dar \u00e1gua e alimentar seus cavalos, pessoas e escravos.<\/p>\n<\/div>\n<\/div>\n<table class=\"tours-tabs_table\">\n<tbody>\n<tr>\n<td><strong>INCLU\u00cdDO<\/strong><\/td>\n<td>\n<table>\n<tbody>\n<tr>\n<td><i class=\"fa fa-check icon-tick icon-tick--on\"><\/i>Pick-up e drop off em sua acomoda\u00e7\u00e3o.<\/td>\n<td><i class=\"fa fa-check icon-tick icon-tick--on\"><\/i>Transporte com ar condicionado (4 * 4 jipe, mini-\u00f4nibus, \u00f4nibus)<\/td>\n<\/tr>\n<tr>\n<td><i class=\"fa fa-check icon-tick icon-tick--on\"><\/i>Combust\u00edvel para o carro<\/td>\n<td><i class=\"fa fa-check icon-tick icon-tick--on\"><\/i>Motorista \/ guia que fala ingl\u00eas ou espanhol<\/td>\n<\/tr>\n<\/tbody>\n<\/table>\n<\/td>\n<\/tr>\n<tr>\n<td><b>N\u00c3O INCLUSO<\/b><\/td>\n<td>\n<table>\n<tbody>\n<tr>\n<td><i class=\"fa fa-times icon-tick icon-tick--off\"><\/i>Almo\u00e7o<\/td>\n<\/tr>\n<tr>\n<td><i class=\"fa fa-times icon-tick icon-tick--off\"><\/i>Bebidas<\/td>\n<\/tr>\n<tr>\n<td><i class=\"fa fa-times icon-tick icon-tick--off\"><\/i>Taxas de entrada \/ atividade<\/td>\n<\/tr>\n<\/tbody>\n<\/table>\n<\/td>\n<\/tr>\n<\/tbody>\n<\/table>","protected":false},"excerpt":{"rendered":"<p>Our trip from Fes will take us to explore the imperial cities of Meknes before heading to Volubilis.<\/p>","protected":false},"featured_media":1087,"comment_status":"closed","ping_status":"closed","template":"","meta":{"om_disable_all_campaigns":false},"product_brand":[],"product_cat":[15],"product_tag":[],"class_list":{"0":"post-1108","1":"product","2":"type-product","3":"status-publish","4":"has-post-thumbnail","6":"product_cat-sin-categorizar","7":"tour_phys-excursions","9":"first","10":"instock","11":"shipping-taxable","12":"product-type-tour_phys"},"yoast_head":"<!-- This site is optimized with the Yoast SEO plugin v27.3 - https:\/\/yoast.com\/product\/yoast-seo-wordpress\/ -->\n<title>Day Trip Meknes and Volubilis from Fes - Morocco Express Tours<\/title>\n<meta name=\"description\" content=\"Our trip from Fes will take us to explore the imperial cities of Meknes before heading to Volubilis. We will visit the old Medina\" \/>\n<meta name=\"robots\" content=\"index, follow, max-snippet:-1, max-image-preview:large, max-video-preview:-1\" \/>\n<link rel=\"canonical\" href=\"https:\/\/moroccoexpresstours.com\/pt\/tours\/day-trip-meknes-and-volubilis-from-fes\/\" \/>\n<meta property=\"og:locale\" content=\"pt_PT\" \/>\n<meta property=\"og:type\" content=\"article\" \/>\n<meta property=\"og:title\" content=\"Day Trip Meknes and Volubilis from Fes - Morocco Express Tours\" \/>\n<meta property=\"og:description\" content=\"Our trip from Fes will take us to explore the imperial cities of Meknes before heading to Volubilis. We will visit the old Medina\" \/>\n<meta property=\"og:url\" content=\"https:\/\/moroccoexpresstours.com\/pt\/tours\/day-trip-meknes-and-volubilis-from-fes\/\" \/>\n<meta property=\"og:site_name\" content=\"Morocco Express Tours\" \/>\n<meta property=\"article:modified_time\" content=\"2021-02-18T20:08:48+00:00\" \/>\n<meta property=\"og:image\" content=\"https:\/\/moroccoexpresstours.com\/wp-content\/uploads\/2021\/01\/transfer_meknes.jpg\" \/>\n\t<meta property=\"og:image:width\" content=\"1170\" \/>\n\t<meta property=\"og:image:height\" content=\"781\" \/>\n\t<meta property=\"og:image:type\" content=\"image\/jpeg\" \/>\n<meta name=\"twitter:card\" content=\"summary_large_image\" \/>\n<meta name=\"twitter:label1\" content=\"Tempo estimado de leitura\" \/>\n\t<meta name=\"twitter:data1\" content=\"1 minuto\" \/>\n<script type=\"application\/ld+json\" class=\"yoast-schema-graph\">{\"@context\":\"https:\\\/\\\/schema.org\",\"@graph\":[{\"@type\":\"WebPage\",\"@id\":\"https:\\\/\\\/moroccoexpresstours.com\\\/tours\\\/day-trip-meknes-and-volubilis-from-fes\\\/\",\"url\":\"https:\\\/\\\/moroccoexpresstours.com\\\/tours\\\/day-trip-meknes-and-volubilis-from-fes\\\/\",\"name\":\"Day Trip Meknes and Volubilis from Fes - Morocco Express Tours\",\"isPartOf\":{\"@id\":\"https:\\\/\\\/moroccoexpresstours.com\\\/#website\"},\"primaryImageOfPage\":{\"@id\":\"https:\\\/\\\/moroccoexpresstours.com\\\/tours\\\/day-trip-meknes-and-volubilis-from-fes\\\/#primaryimage\"},\"image\":{\"@id\":\"https:\\\/\\\/moroccoexpresstours.com\\\/tours\\\/day-trip-meknes-and-volubilis-from-fes\\\/#primaryimage\"},\"thumbnailUrl\":\"https:\\\/\\\/i0.wp.com\\\/moroccoexpresstours.com\\\/wp-content\\\/uploads\\\/2021\\\/01\\\/transfer_meknes.jpg?fit=1170%2C781&ssl=1\",\"datePublished\":\"2021-01-02T15:14:04+00:00\",\"dateModified\":\"2021-02-18T20:08:48+00:00\",\"description\":\"Our trip from Fes will take us to explore the imperial cities of Meknes before heading to Volubilis. We will visit the old Medina\",\"breadcrumb\":{\"@id\":\"https:\\\/\\\/moroccoexpresstours.com\\\/tours\\\/day-trip-meknes-and-volubilis-from-fes\\\/#breadcrumb\"},\"inLanguage\":\"pt-PT\",\"potentialAction\":[{\"@type\":\"ReadAction\",\"target\":[\"https:\\\/\\\/moroccoexpresstours.com\\\/tours\\\/day-trip-meknes-and-volubilis-from-fes\\\/\"]}]},{\"@type\":\"ImageObject\",\"inLanguage\":\"pt-PT\",\"@id\":\"https:\\\/\\\/moroccoexpresstours.com\\\/tours\\\/day-trip-meknes-and-volubilis-from-fes\\\/#primaryimage\",\"url\":\"https:\\\/\\\/i0.wp.com\\\/moroccoexpresstours.com\\\/wp-content\\\/uploads\\\/2021\\\/01\\\/transfer_meknes.jpg?fit=1170%2C781&ssl=1\",\"contentUrl\":\"https:\\\/\\\/i0.wp.com\\\/moroccoexpresstours.com\\\/wp-content\\\/uploads\\\/2021\\\/01\\\/transfer_meknes.jpg?fit=1170%2C781&ssl=1\",\"width\":1170,\"height\":781,\"caption\":\"volubilis\"},{\"@type\":\"BreadcrumbList\",\"@id\":\"https:\\\/\\\/moroccoexpresstours.com\\\/tours\\\/day-trip-meknes-and-volubilis-from-fes\\\/#breadcrumb\",\"itemListElement\":[{\"@type\":\"ListItem\",\"position\":1,\"name\":\"Portada\",\"item\":\"https:\\\/\\\/moroccoexpresstours.com\\\/\"},{\"@type\":\"ListItem\",\"position\":2,\"name\":\"Products\",\"item\":\"https:\\\/\\\/moroccoexpresstours.com\\\/shop\\\/\"},{\"@type\":\"ListItem\",\"position\":3,\"name\":\"Day Trip Meknes and Volubilis from Fes\"}]},{\"@type\":\"WebSite\",\"@id\":\"https:\\\/\\\/moroccoexpresstours.com\\\/#website\",\"url\":\"https:\\\/\\\/moroccoexpresstours.com\\\/\",\"name\":\"Morocco Express Tours\",\"description\":\"Trips to Morocco desert tours\",\"potentialAction\":[{\"@type\":\"SearchAction\",\"target\":{\"@type\":\"EntryPoint\",\"urlTemplate\":\"https:\\\/\\\/moroccoexpresstours.com\\\/?s={search_term_string}\"},\"query-input\":{\"@type\":\"PropertyValueSpecification\",\"valueRequired\":true,\"valueName\":\"search_term_string\"}}],\"inLanguage\":\"pt-PT\"}]}<\/script>\n<!-- \/ Yoast SEO plugin. -->","yoast_head_json":{"title":"Day Trip Meknes and Volubilis from Fes - Morocco Express Tours","description":"Our trip from Fes will take us to explore the imperial cities of Meknes before heading to Volubilis. We will visit the old Medina","robots":{"index":"index","follow":"follow","max-snippet":"max-snippet:-1","max-image-preview":"max-image-preview:large","max-video-preview":"max-video-preview:-1"},"canonical":"https:\/\/moroccoexpresstours.com\/pt\/tours\/day-trip-meknes-and-volubilis-from-fes\/","og_locale":"pt_PT","og_type":"article","og_title":"Day Trip Meknes and Volubilis from Fes - Morocco Express Tours","og_description":"Our trip from Fes will take us to explore the imperial cities of Meknes before heading to Volubilis. We will visit the old Medina","og_url":"https:\/\/moroccoexpresstours.com\/pt\/tours\/day-trip-meknes-and-volubilis-from-fes\/","og_site_name":"Morocco Express Tours","article_modified_time":"2021-02-18T20:08:48+00:00","og_image":[{"width":1170,"height":781,"url":"https:\/\/moroccoexpresstours.com\/wp-content\/uploads\/2021\/01\/transfer_meknes.jpg","type":"image\/jpeg"}],"twitter_card":"summary_large_image","twitter_misc":{"Tempo estimado de leitura":"1 minuto"},"schema":{"@context":"https:\/\/schema.org","@graph":[{"@type":"WebPage","@id":"https:\/\/moroccoexpresstours.com\/tours\/day-trip-meknes-and-volubilis-from-fes\/","url":"https:\/\/moroccoexpresstours.com\/tours\/day-trip-meknes-and-volubilis-from-fes\/","name":"Day Trip Meknes and Volubilis from Fes - Morocco Express Tours","isPartOf":{"@id":"https:\/\/moroccoexpresstours.com\/#website"},"primaryImageOfPage":{"@id":"https:\/\/moroccoexpresstours.com\/tours\/day-trip-meknes-and-volubilis-from-fes\/#primaryimage"},"image":{"@id":"https:\/\/moroccoexpresstours.com\/tours\/day-trip-meknes-and-volubilis-from-fes\/#primaryimage"},"thumbnailUrl":"https:\/\/i0.wp.com\/moroccoexpresstours.com\/wp-content\/uploads\/2021\/01\/transfer_meknes.jpg?fit=1170%2C781&ssl=1","datePublished":"2021-01-02T15:14:04+00:00","dateModified":"2021-02-18T20:08:48+00:00","description":"Our trip from Fes will take us to explore the imperial cities of Meknes before heading to Volubilis. We will visit the old Medina","breadcrumb":{"@id":"https:\/\/moroccoexpresstours.com\/tours\/day-trip-meknes-and-volubilis-from-fes\/#breadcrumb"},"inLanguage":"pt-PT","potentialAction":[{"@type":"ReadAction","target":["https:\/\/moroccoexpresstours.com\/tours\/day-trip-meknes-and-volubilis-from-fes\/"]}]},{"@type":"ImageObject","inLanguage":"pt-PT","@id":"https:\/\/moroccoexpresstours.com\/tours\/day-trip-meknes-and-volubilis-from-fes\/#primaryimage","url":"https:\/\/i0.wp.com\/moroccoexpresstours.com\/wp-content\/uploads\/2021\/01\/transfer_meknes.jpg?fit=1170%2C781&ssl=1","contentUrl":"https:\/\/i0.wp.com\/moroccoexpresstours.com\/wp-content\/uploads\/2021\/01\/transfer_meknes.jpg?fit=1170%2C781&ssl=1","width":1170,"height":781,"caption":"volubilis"},{"@type":"BreadcrumbList","@id":"https:\/\/moroccoexpresstours.com\/tours\/day-trip-meknes-and-volubilis-from-fes\/#breadcrumb","itemListElement":[{"@type":"ListItem","position":1,"name":"Portada","item":"https:\/\/moroccoexpresstours.com\/"},{"@type":"ListItem","position":2,"name":"Products","item":"https:\/\/moroccoexpresstours.com\/shop\/"},{"@type":"ListItem","position":3,"name":"Day Trip Meknes and Volubilis from Fes"}]},{"@type":"WebSite","@id":"https:\/\/moroccoexpresstours.com\/#website","url":"https:\/\/moroccoexpresstours.com\/","name":"Morocco Express Tours","description":"Trips to Morocco desert tours","potentialAction":[{"@type":"SearchAction","target":{"@type":"EntryPoint","urlTemplate":"https:\/\/moroccoexpresstours.com\/?s={search_term_string}"},"query-input":{"@type":"PropertyValueSpecification","valueRequired":true,"valueName":"search_term_string"}}],"inLanguage":"pt-PT"}]}},"jetpack_sharing_enabled":true,"_links":{"self":[{"href":"https:\/\/moroccoexpresstours.com\/pt\/wp-json\/wp\/v2\/product\/1108","targetHints":{"allow":["GET"]}}],"collection":[{"href":"https:\/\/moroccoexpresstours.com\/pt\/wp-json\/wp\/v2\/product"}],"about":[{"href":"https:\/\/moroccoexpresstours.com\/pt\/wp-json\/wp\/v2\/types\/product"}],"replies":[{"embeddable":true,"href":"https:\/\/moroccoexpresstours.com\/pt\/wp-json\/wp\/v2\/comments?post=1108"}],"wp:featuredmedia":[{"embeddable":true,"href":"https:\/\/moroccoexpresstours.com\/pt\/wp-json\/wp\/v2\/media\/1087"}],"wp:attachment":[{"href":"https:\/\/moroccoexpresstours.com\/pt\/wp-json\/wp\/v2\/media?parent=1108"}],"wp:term":[{"taxonomy":"product_brand","embeddable":true,"href":"https:\/\/moroccoexpresstours.com\/pt\/wp-json\/wp\/v2\/product_brand?post=1108"},{"taxonomy":"product_cat","embeddable":true,"href":"https:\/\/moroccoexpresstours.com\/pt\/wp-json\/wp\/v2\/product_cat?post=1108"},{"taxonomy":"product_tag","embeddable":true,"href":"https:\/\/moroccoexpresstours.com\/pt\/wp-json\/wp\/v2\/product_tag?post=1108"}],"curies":[{"name":"wp","href":"https:\/\/api.w.org\/{rel}","templated":true}]}}