{"id":1161,"date":"2021-01-04T12:59:05","date_gmt":"2021-01-04T12:59:05","guid":{"rendered":"https:\/\/moroccoexpresstours.com\/?post_type=product&#038;p=1161"},"modified":"2021-03-26T15:40:13","modified_gmt":"2021-03-26T15:40:13","slug":"9-days-tour-imperial-cities-and-desert-of-merzouga","status":"publish","type":"product","link":"https:\/\/moroccoexpresstours.com\/tours\/9-days-tour-imperial-cities-and-desert-of-merzouga","title":{"rendered":"9 Dias - Tour pelas cidades imperiais e pelo deserto de Merzouga"},"content":{"rendered":"<p><a href=\"https:\/\/moroccoexpresstours.com\/pt\/\">Discover Magic Tours<\/a> through an ancient knowing the cities of Marrakech, Fez, Casablanca, Rabat and Meknes. Dromedary ride through the dunes of Merzouga. Sleep in a <a href=\"https:\/\/en.wikipedia.org\/wiki\/Berbers\">Berber<\/a> tent under a sky of billions of stars.<\/p>\n<p>Conhe\u00e7a as cidades imperiais de Marrakech, um circuito de 9 dias que nos deixar\u00e1 de boca aberta para conhecer a verdadeira hist\u00f3ria do Marrocos.<\/p>\n<p>&nbsp;<\/p>\n<table class=\"tours-tabs_table\">\n<tbody>\n<tr>\n<td><strong>INCLU\u00cdDO<\/strong><\/td>\n<td>\n<table>\n<tbody>\n<tr>\n<td><i class=\"fa fa-check icon-tick icon-tick--on\"><\/i>Hot\u00e9is e alojamento<\/td>\n<td><i class=\"fa fa-check icon-tick icon-tick--on\"><\/i>Ve\u00edculo 4 \u00d7 4 \/ micro\u00f4nibus confort\u00e1vel com ar-condicionado<\/td>\n<\/tr>\n<tr>\n<td><i class=\"fa fa-check icon-tick icon-tick--on\"><\/i>Motorista multil\u00edngue ingl\u00eas \/ espanhol \/ italiano \/ franc\u00eas<\/td>\n<td><i class=\"fa fa-check icon-tick icon-tick--on\"><\/i>Recolha e entrega de passageiros no aeroporto \/ hotel \/ Riad<\/td>\n<\/tr>\n<tr>\n<td><i class=\"fa fa-check icon-tick icon-tick--on\"><\/i>Guias locais<\/td>\n<td><i class=\"fa fa-check icon-tick icon-tick--on\"><\/i>Combust\u00edvel e estacionamento<\/td>\n<\/tr>\n<tr>\n<td><i class=\"fa fa-check icon-tick icon-tick--on\"><\/i>3 jantares no deserto<\/td>\n<td><i class=\"fa fa-check icon-tick icon-tick--on\"><\/i>Caf\u00e9s da manh\u00e3<\/td>\n<\/tr>\n<\/tbody>\n<\/table>\n<\/td>\n<\/tr>\n<tr>\n<td><b>N\u00c3O INCLUSO<\/b><\/td>\n<td>\n<table>\n<tbody>\n<tr>\n<td><i class=\"fa fa-times icon-tick icon-tick--off\"><\/i>Passagens a\u00e9reas e visto<\/td>\n<\/tr>\n<tr>\n<td><i class=\"fa fa-times icon-tick icon-tick--off\"><\/i>Bilhetes de entrada para monumentos e museus<\/td>\n<\/tr>\n<tr>\n<td><i class=\"fa fa-times icon-tick icon-tick--off\"><\/i>Despesas pessoais<\/td>\n<\/tr>\n<tr>\n<td><i class=\"fa fa-times icon-tick icon-tick--off\"><\/i>Dicas para guia e motorista<\/td>\n<\/tr>\n<\/tbody>\n<\/table>\n<\/td>\n<\/tr>\n<\/tbody>\n<\/table>","protected":false},"excerpt":{"rendered":"<p>Conhe\u00e7a as cidades imperiais de Marrakech, um circuito de 9 dias que nos deixar\u00e1 de boca aberta para conhecer a verdadeira hist\u00f3ria do Marrocos.<\/p>","protected":false},"featured_media":1166,"comment_status":"closed","ping_status":"closed","template":"","meta":{"om_disable_all_campaigns":false},"product_brand":[],"product_cat":[],"product_tag":[],"class_list":{"0":"post-1161","1":"product","2":"type-product","3":"status-publish","4":"has-post-thumbnail","6":"tour_phys-tours-from-marrakech","8":"first","9":"instock","10":"shipping-taxable","11":"product-type-tour_phys"},"yoast_head":"<!-- This site is optimized with the Yoast SEO plugin v27.3 - https:\/\/yoast.com\/product\/yoast-seo-wordpress\/ -->\n<title>9 Days - Tour Imperial Cities and Desert of Merzouga<\/title>\n<meta name=\"description\" content=\"Discover the imperial cities from Marrakech, 9 days circuit that will leave us open-mouthed to learn the true history of Morocco.\" \/>\n<meta name=\"robots\" content=\"index, follow, max-snippet:-1, max-image-preview:large, max-video-preview:-1\" \/>\n<link rel=\"canonical\" href=\"https:\/\/moroccoexpresstours.com\/pt\/produto\/9-days-tour-imperial-cities-and-desert-of-merzouga\/\" \/>\n<meta property=\"og:locale\" content=\"pt_PT\" \/>\n<meta property=\"og:type\" content=\"article\" \/>\n<meta property=\"og:title\" content=\"9 Days - Tour Imperial Cities and Desert of Merzouga\" \/>\n<meta property=\"og:description\" content=\"Discover the imperial cities from Marrakech, 9 days circuit that will leave us open-mouthed to learn the true history of Morocco.\" \/>\n<meta property=\"og:url\" content=\"https:\/\/moroccoexpresstours.com\/pt\/produto\/9-days-tour-imperial-cities-and-desert-of-merzouga\/\" \/>\n<meta property=\"og:site_name\" content=\"Morocco Express Tours\" \/>\n<meta property=\"article:modified_time\" content=\"2021-03-26T15:40:13+00:00\" \/>\n<meta property=\"og:image\" content=\"https:\/\/moroccoexpresstours.com\/wp-content\/uploads\/2021\/01\/916c7e45-921e-4536-b853-8adf7c16bcbe.jpg\" \/>\n\t<meta property=\"og:image:width\" content=\"1650\" \/>\n\t<meta property=\"og:image:height\" content=\"1100\" \/>\n\t<meta property=\"og:image:type\" content=\"image\/jpeg\" \/>\n<meta name=\"twitter:card\" content=\"summary_large_image\" \/>\n<meta name=\"twitter:label1\" content=\"Tempo estimado de leitura\" \/>\n\t<meta name=\"twitter:data1\" content=\"1 minuto\" \/>\n<script type=\"application\/ld+json\" class=\"yoast-schema-graph\">{\"@context\":\"https:\\\/\\\/schema.org\",\"@graph\":[{\"@type\":\"WebPage\",\"@id\":\"https:\\\/\\\/moroccoexpresstours.com\\\/product\\\/9-days-tour-imperial-cities-and-desert-of-merzouga\\\/\",\"url\":\"https:\\\/\\\/moroccoexpresstours.com\\\/product\\\/9-days-tour-imperial-cities-and-desert-of-merzouga\\\/\",\"name\":\"9 Days - Tour Imperial Cities and Desert of Merzouga\",\"isPartOf\":{\"@id\":\"https:\\\/\\\/moroccoexpresstours.com\\\/#website\"},\"primaryImageOfPage\":{\"@id\":\"https:\\\/\\\/moroccoexpresstours.com\\\/product\\\/9-days-tour-imperial-cities-and-desert-of-merzouga\\\/#primaryimage\"},\"image\":{\"@id\":\"https:\\\/\\\/moroccoexpresstours.com\\\/product\\\/9-days-tour-imperial-cities-and-desert-of-merzouga\\\/#primaryimage\"},\"thumbnailUrl\":\"https:\\\/\\\/i0.wp.com\\\/moroccoexpresstours.com\\\/wp-content\\\/uploads\\\/2021\\\/01\\\/916c7e45-921e-4536-b853-8adf7c16bcbe.jpg?fit=1650%2C1100&ssl=1\",\"datePublished\":\"2021-01-04T12:59:05+00:00\",\"dateModified\":\"2021-03-26T15:40:13+00:00\",\"description\":\"Discover the imperial cities from Marrakech, 9 days circuit that will leave us open-mouthed to learn the true history of Morocco.\",\"breadcrumb\":{\"@id\":\"https:\\\/\\\/moroccoexpresstours.com\\\/product\\\/9-days-tour-imperial-cities-and-desert-of-merzouga\\\/#breadcrumb\"},\"inLanguage\":\"pt-PT\",\"potentialAction\":[{\"@type\":\"ReadAction\",\"target\":[\"https:\\\/\\\/moroccoexpresstours.com\\\/product\\\/9-days-tour-imperial-cities-and-desert-of-merzouga\\\/\"]}]},{\"@type\":\"ImageObject\",\"inLanguage\":\"pt-PT\",\"@id\":\"https:\\\/\\\/moroccoexpresstours.com\\\/product\\\/9-days-tour-imperial-cities-and-desert-of-merzouga\\\/#primaryimage\",\"url\":\"https:\\\/\\\/i0.wp.com\\\/moroccoexpresstours.com\\\/wp-content\\\/uploads\\\/2021\\\/01\\\/916c7e45-921e-4536-b853-8adf7c16bcbe.jpg?fit=1650%2C1100&ssl=1\",\"contentUrl\":\"https:\\\/\\\/i0.wp.com\\\/moroccoexpresstours.com\\\/wp-content\\\/uploads\\\/2021\\\/01\\\/916c7e45-921e-4536-b853-8adf7c16bcbe.jpg?fit=1650%2C1100&ssl=1\",\"width\":1650,\"height\":1100,\"caption\":\"imperial tour from marrakech\"},{\"@type\":\"BreadcrumbList\",\"@id\":\"https:\\\/\\\/moroccoexpresstours.com\\\/product\\\/9-days-tour-imperial-cities-and-desert-of-merzouga\\\/#breadcrumb\",\"itemListElement\":[{\"@type\":\"ListItem\",\"position\":1,\"name\":\"Portada\",\"item\":\"https:\\\/\\\/moroccoexpresstours.com\\\/\"},{\"@type\":\"ListItem\",\"position\":2,\"name\":\"Products\",\"item\":\"https:\\\/\\\/moroccoexpresstours.com\\\/shop\\\/\"},{\"@type\":\"ListItem\",\"position\":3,\"name\":\"9 Days &#8211; Tour Imperial Cities and Desert of Merzouga\"}]},{\"@type\":\"WebSite\",\"@id\":\"https:\\\/\\\/moroccoexpresstours.com\\\/#website\",\"url\":\"https:\\\/\\\/moroccoexpresstours.com\\\/\",\"name\":\"Morocco Express Tours\",\"description\":\"Trips to Morocco desert tours\",\"potentialAction\":[{\"@type\":\"SearchAction\",\"target\":{\"@type\":\"EntryPoint\",\"urlTemplate\":\"https:\\\/\\\/moroccoexpresstours.com\\\/?s={search_term_string}\"},\"query-input\":{\"@type\":\"PropertyValueSpecification\",\"valueRequired\":true,\"valueName\":\"search_term_string\"}}],\"inLanguage\":\"pt-PT\"}]}<\/script>\n<!-- \/ Yoast SEO plugin. -->","yoast_head_json":{"title":"9 Days - Tour Imperial Cities and Desert of Merzouga","description":"Discover the imperial cities from Marrakech, 9 days circuit that will leave us open-mouthed to learn the true history of Morocco.","robots":{"index":"index","follow":"follow","max-snippet":"max-snippet:-1","max-image-preview":"max-image-preview:large","max-video-preview":"max-video-preview:-1"},"canonical":"https:\/\/moroccoexpresstours.com\/pt\/produto\/9-days-tour-imperial-cities-and-desert-of-merzouga\/","og_locale":"pt_PT","og_type":"article","og_title":"9 Days - Tour Imperial Cities and Desert of Merzouga","og_description":"Discover the imperial cities from Marrakech, 9 days circuit that will leave us open-mouthed to learn the true history of Morocco.","og_url":"https:\/\/moroccoexpresstours.com\/pt\/produto\/9-days-tour-imperial-cities-and-desert-of-merzouga\/","og_site_name":"Morocco Express Tours","article_modified_time":"2021-03-26T15:40:13+00:00","og_image":[{"width":1650,"height":1100,"url":"https:\/\/moroccoexpresstours.com\/wp-content\/uploads\/2021\/01\/916c7e45-921e-4536-b853-8adf7c16bcbe.jpg","type":"image\/jpeg"}],"twitter_card":"summary_large_image","twitter_misc":{"Tempo estimado de leitura":"1 minuto"},"schema":{"@context":"https:\/\/schema.org","@graph":[{"@type":"WebPage","@id":"https:\/\/moroccoexpresstours.com\/product\/9-days-tour-imperial-cities-and-desert-of-merzouga\/","url":"https:\/\/moroccoexpresstours.com\/product\/9-days-tour-imperial-cities-and-desert-of-merzouga\/","name":"9 Days - Tour Imperial Cities and Desert of Merzouga","isPartOf":{"@id":"https:\/\/moroccoexpresstours.com\/#website"},"primaryImageOfPage":{"@id":"https:\/\/moroccoexpresstours.com\/product\/9-days-tour-imperial-cities-and-desert-of-merzouga\/#primaryimage"},"image":{"@id":"https:\/\/moroccoexpresstours.com\/product\/9-days-tour-imperial-cities-and-desert-of-merzouga\/#primaryimage"},"thumbnailUrl":"https:\/\/i0.wp.com\/moroccoexpresstours.com\/wp-content\/uploads\/2021\/01\/916c7e45-921e-4536-b853-8adf7c16bcbe.jpg?fit=1650%2C1100&ssl=1","datePublished":"2021-01-04T12:59:05+00:00","dateModified":"2021-03-26T15:40:13+00:00","description":"Discover the imperial cities from Marrakech, 9 days circuit that will leave us open-mouthed to learn the true history of Morocco.","breadcrumb":{"@id":"https:\/\/moroccoexpresstours.com\/product\/9-days-tour-imperial-cities-and-desert-of-merzouga\/#breadcrumb"},"inLanguage":"pt-PT","potentialAction":[{"@type":"ReadAction","target":["https:\/\/moroccoexpresstours.com\/product\/9-days-tour-imperial-cities-and-desert-of-merzouga\/"]}]},{"@type":"ImageObject","inLanguage":"pt-PT","@id":"https:\/\/moroccoexpresstours.com\/product\/9-days-tour-imperial-cities-and-desert-of-merzouga\/#primaryimage","url":"https:\/\/i0.wp.com\/moroccoexpresstours.com\/wp-content\/uploads\/2021\/01\/916c7e45-921e-4536-b853-8adf7c16bcbe.jpg?fit=1650%2C1100&ssl=1","contentUrl":"https:\/\/i0.wp.com\/moroccoexpresstours.com\/wp-content\/uploads\/2021\/01\/916c7e45-921e-4536-b853-8adf7c16bcbe.jpg?fit=1650%2C1100&ssl=1","width":1650,"height":1100,"caption":"imperial tour from marrakech"},{"@type":"BreadcrumbList","@id":"https:\/\/moroccoexpresstours.com\/product\/9-days-tour-imperial-cities-and-desert-of-merzouga\/#breadcrumb","itemListElement":[{"@type":"ListItem","position":1,"name":"Portada","item":"https:\/\/moroccoexpresstours.com\/"},{"@type":"ListItem","position":2,"name":"Products","item":"https:\/\/moroccoexpresstours.com\/shop\/"},{"@type":"ListItem","position":3,"name":"9 Days &#8211; Tour Imperial Cities and Desert of Merzouga"}]},{"@type":"WebSite","@id":"https:\/\/moroccoexpresstours.com\/#website","url":"https:\/\/moroccoexpresstours.com\/","name":"Morocco Express Tours","description":"Trips to Morocco desert tours","potentialAction":[{"@type":"SearchAction","target":{"@type":"EntryPoint","urlTemplate":"https:\/\/moroccoexpresstours.com\/?s={search_term_string}"},"query-input":{"@type":"PropertyValueSpecification","valueRequired":true,"valueName":"search_term_string"}}],"inLanguage":"pt-PT"}]}},"jetpack_sharing_enabled":true,"_links":{"self":[{"href":"https:\/\/moroccoexpresstours.com\/pt\/wp-json\/wp\/v2\/product\/1161","targetHints":{"allow":["GET"]}}],"collection":[{"href":"https:\/\/moroccoexpresstours.com\/pt\/wp-json\/wp\/v2\/product"}],"about":[{"href":"https:\/\/moroccoexpresstours.com\/pt\/wp-json\/wp\/v2\/types\/product"}],"replies":[{"embeddable":true,"href":"https:\/\/moroccoexpresstours.com\/pt\/wp-json\/wp\/v2\/comments?post=1161"}],"wp:featuredmedia":[{"embeddable":true,"href":"https:\/\/moroccoexpresstours.com\/pt\/wp-json\/wp\/v2\/media\/1166"}],"wp:attachment":[{"href":"https:\/\/moroccoexpresstours.com\/pt\/wp-json\/wp\/v2\/media?parent=1161"}],"wp:term":[{"taxonomy":"product_brand","embeddable":true,"href":"https:\/\/moroccoexpresstours.com\/pt\/wp-json\/wp\/v2\/product_brand?post=1161"},{"taxonomy":"product_cat","embeddable":true,"href":"https:\/\/moroccoexpresstours.com\/pt\/wp-json\/wp\/v2\/product_cat?post=1161"},{"taxonomy":"product_tag","embeddable":true,"href":"https:\/\/moroccoexpresstours.com\/pt\/wp-json\/wp\/v2\/product_tag?post=1161"}],"curies":[{"name":"wp","href":"https:\/\/api.w.org\/{rel}","templated":true}]}}